{"id":950,"date":"2024-04-03T23:40:34","date_gmt":"2024-04-03T20:40:34","guid":{"rendered":"https:\/\/sisu.ut.ee\/ewod\/articlesincatalan\/"},"modified":"2024-04-04T00:08:37","modified_gmt":"2024-04-03T21:08:37","slug":"articlesincatalan","status":"publish","type":"page","link":"https:\/\/sisu.ut.ee\/ewod\/general\/articlesincatalan\/","title":{"rendered":"General treatments &#8211; articles in Catalan"},"content":{"rendered":"<p><span style=\"font-family: verdana, geneva\">J\u00fcri Talvet, <strong>Catalunya i Est\u00f2nia: comparacions (sobretot) liter\u00e0ries<\/strong>. \u2013\u00a0 Revista de Catalunya (Barcelona), 74, 1993, pp.93-110.<\/span><\/p>\n","protected":false},"excerpt":{"rendered":"<p>J\u00fcri Talvet, Catalunya i Est\u00f2nia: comparacions (sobretot) liter\u00e0ries. \u2013\u00a0 Revista de Catalunya (Barcelona), 74, 1993, pp.93-110.<\/p>\n","protected":false},"author":43,"featured_media":0,"parent":1485,"menu_order":0,"comment_status":"closed","ping_status":"closed","template":"","meta":{"_acf_changed":false,"inline_featured_image":false,"footnotes":""},"class_list":["post-950","page","type-page","status-publish","hentry"],"acf":[],"_links":{"self":[{"href":"https:\/\/sisu.ut.ee\/ewod\/wp-json\/wp\/v2\/pages\/950","targetHints":{"allow":["GET"]}}],"collection":[{"href":"https:\/\/sisu.ut.ee\/ewod\/wp-json\/wp\/v2\/pages"}],"about":[{"href":"https:\/\/sisu.ut.ee\/ewod\/wp-json\/wp\/v2\/types\/page"}],"author":[{"embeddable":true,"href":"https:\/\/sisu.ut.ee\/ewod\/wp-json\/wp\/v2\/users\/43"}],"replies":[{"embeddable":true,"href":"https:\/\/sisu.ut.ee\/ewod\/wp-json\/wp\/v2\/comments?post=950"}],"version-history":[{"count":1,"href":"https:\/\/sisu.ut.ee\/ewod\/wp-json\/wp\/v2\/pages\/950\/revisions"}],"predecessor-version":[{"id":4122,"href":"https:\/\/sisu.ut.ee\/ewod\/wp-json\/wp\/v2\/pages\/950\/revisions\/4122"}],"up":[{"embeddable":true,"href":"https:\/\/sisu.ut.ee\/ewod\/wp-json\/wp\/v2\/pages\/1485"}],"wp:attachment":[{"href":"https:\/\/sisu.ut.ee\/ewod\/wp-json\/wp\/v2\/media?parent=950"}],"curies":[{"name":"wp","href":"https:\/\/api.w.org\/{rel}","templated":true}]}}