{"id":946,"date":"2024-04-03T23:40:33","date_gmt":"2024-04-03T20:40:33","guid":{"rendered":"https:\/\/sisu.ut.ee\/ewod\/oks\/"},"modified":"2024-04-04T00:08:40","modified_gmt":"2024-04-03T21:08:40","slug":"oks","status":"publish","type":"page","link":"https:\/\/sisu.ut.ee\/ewod\/o\/oks\/","title":{"rendered":"Jaan Oks"},"content":{"rendered":"<p>\n\t<span style=\"font-family:Verdana,Geneva,sans-serif\"><span style=\"font-size: medium\"><strong><a href=\"https:\/\/sisu.ut.ee\/ewod\/o\/oks\/poems\">Poems<\/a><\/strong>\u00a0<a href=\"https:\/\/sisu.ut.ee\/wp-content\/uploads\/sites\/108\/a-37-4580_jaan_oks.jpg\" target=\"_self\" rel=\"noopener\"><img decoding=\"async\" alt=\"Jaan Oks\" src=\"https:\/\/sisu.ut.ee\/wp-content\/uploads\/sites\/108\/jaan_oks_vaike.jpg\" style=\"float: right;width: 200px;height: 299px\"><\/a><\/span><\/span>\n<\/p>\n<p>\n\t<span style=\"font-family:Verdana,Geneva,sans-serif\"><a href=\"https:\/\/sisu.ut.ee\/ewod\/o\/oks\/stories\"><strong><span style=\"font-size: medium\">Short stories<\/span><\/strong><\/a><\/span>\n<\/p>\n<p>\n\t<span style=\"font-family:Verdana,Geneva,sans-serif\"><strong><span style=\"font-size: medium\"><a href=\"https:\/\/sisu.ut.ee\/ewod\/o\/oks\/about\"><strong><span style=\"font-size: medium\">About Jaan Oks<\/span><\/strong><\/a><\/span><\/strong><\/span>\n<\/p>\n<p><span style=\"font-family:Verdana,Geneva,sans-serif\"><span style=\"font-size:13px\">Jaan Oks (1884-1918) was an Estonian prose writer, poet and critic, whose sombre-toned works, with their spontaneous and sensitive imagery, are among the most original in Estonian literature. His texts, which mostly appeared posthumously, depict the inner life of a man against a depressing background, and his anxious attitude to his circumstances.<\/span><\/span>\n<\/p>\n<p>\n\t<span style=\"font-family:Verdana,Geneva,sans-serif\"><span style=\"font-size:13px\">Jaan Oks was born in the village of Ratla in P\u00e4rsamaa parish on Saaremaa island, the son of a schoolteacher. From 1898 to 1902 he attended Kaarma teachers\u2019 seminary, and after graduating from there, worked in P\u00fchalepa village school on Hiiumaa. Having attended pedagogical courses in Haapsalu, he gained a qualification as a teacher in 1905, and worked as a teacher at Massu village school in L\u00e4\u00e4nemaa county. Oks earned recognition for his liberal pedagogical activity, but his anti-Tsarist and anti-clerical stance and his opposition to manorial authority led to conflicts. In 1908 he moved to Samara governorate in Russia to work as a sacrist-schoolteacher for the Estonian community. In 1911 Oks was dismissed from his post, among other reasons because his intensive creative work was taking time away from his schoolteaching obligations. Work as a travelling salesman did not earn him enough income, and he became homeless, which led in turn to physical and mental exhaustion. In 1912 Oks was transported back to Saaremaa as a prisoner, and he lived there for a few years with relatives. When the war broke out, Oks was mobilized, but because of his poor health he was sent to the Tallinn district for fortification work. From 1917 Oks spent time in treatment in Tallinn hospitals. The diagnosis of bone tuberculosis came too late for treatment to help him, and Oks died at the age of 33.<\/span><\/span>\n<\/p>\n<p>\n\t<span style=\"font-family:Verdana,Geneva,sans-serif\"><span style=\"font-size:13px\">Jaan Oks\u2019 most intensive literary activity, the writing of short stories, poems, criticism and public commentaries, coincided with his time working at the Massu and Samara schools, from 1906 to 1909. It is not known how much Oks wrote, because despite his prolific creative output, very little of his work appeared in journals (including the <em>Young Estonia<\/em> albums) in his lifetime, and the majority of his manuscripts have disappeared. Some of his writings remained at the editing stage, and what was published appeared in heavily redacted form, since Oks\u2019 style of writing was relatively strange for his time: his comments and criticisms were considered too harsh; his fiction was alienating in its unfamiliar style and subject matter. So Oks\u2019 first book of prose, <em>Tume inimeselaps<\/em> (\u2018A Dark Child of Man\u2019) only appeared after his death in 1918. In the course of time new manuscripts by Oks have come out, and so far the most complete collection of his works is <em>Otsija metsas<\/em> (\u2018The Seeker in the Forest\u2019, 2003), containing 30 \u2013 40 poems and about as many prose pieces. The collection <em>Orjapojad<\/em> (\u2018Sons of Slaves\u2019, 2004) containing letters, articles and reviews of literature, presents Oks as a critic with powerful views and a broad knowledge of Estonian and foreign literature.<\/span><\/span>\n<\/p>\n<p>\n\t<span style=\"font-family:Verdana,Geneva,sans-serif\"><span style=\"font-size:13px\">Oks\u2019 earlier works \u2013 such as the stories <em>Kolmekesi<\/em>\u00a0(\u2018The Three\u2019), <em>Isad ja pojad<\/em>\u00a0(\u2018Fathers and Sons\u2019), <em>R\u00f5hutud ringides<\/em>\u00a0(\u2018Among the Oppressed\u2019), were written in the typical \u201cvillage realist\u201d style of the time, at the centre of which is an unflinching confrontation with people\u2019s miserable numbing everyday toil, mental poverty, narrow-mindedness and other depressing conditions. In the course of time the texts move further from realism; in his criticism, too, Oks expresses objections to the so-called \u201cold\u201d literature. Although in his more \u201cmodernist\u201d texts there is still a sense of a context of miserable everyday life, what is more deserving of attention in them is the protagonists\u2019 inner world, feelings, longings, physical sensations. Some of them take the form of a philosophical or associative train of thought, to which the author himself gives names, sometimes musical ones (such as \u2018Passage\u2019 or \u2018Intermezzo\u2019). Toward the end of his career Oks created more extreme works, such as <em>Nimetu elajas<\/em>\u00a0(\u2018Nameless Beast\u2019), <em>Ihu<\/em>\u00a0(\u2018Flesh\u2019) and <em>Emased<\/em>\u00a0(\u2018Females\u2019), of which the last two contain erotic imagery in a misogynistic tone. The long poem, or to give it the author\u2019s name, the oratorio <em>Kannatamine<\/em>\u00a0(\u2018Suffering\u2019) mixes childhood memories with Biblical motifs. Oks\u2019 vocabulary and syntax, with their Expressionist spirit, are unusual, spontaneous and vivid; at the same time some of his texts convey a pithful Symbolist system of imagery, such as the short story Tume inimeselaps\u00a0(\u2018A Dark Child of Man\u2019). Oks\u2019 works are shot through with the idea of the inevitability of suffering; with his suggestive and sensitive imagery, it can be appreciated as a rebellion against this prospect.<\/span><\/span>\n<\/p>\n<p>\n\t<span style=\"font-family:Verdana,Geneva,sans-serif\"><em><span style=\"font-size:13px\">I. S. (Translated by C. M.)<\/span><\/em><\/span>\n<\/p>\n<p><span style=\"font-family:Verdana,Geneva,sans-serif\"><strong><span style=\"font-size:16px\">Books in Estonian<\/span><\/strong><\/span>\n<\/p>\n<p>\n\t<span style=\"font-family:Verdana,Geneva,sans-serif\"><span style=\"font-size:13px\"><strong><em>Short Stories<\/em><\/strong><br><strong>Tume inimeselaps: novellid<\/strong>. Tallinnas: Siuru, 1918. 77 lk.<br><strong>Neljap\u00e4ew: nowellid ja miniat\u00fc\u00fcrid<\/strong>. Tallinnas: Auringo, 1920, 87 lk.<br><strong>Hingem\u00e4gede \u00e4\u00e4res<\/strong>. Tallinn: Eesti Raamat, 1989, 190 lk.<br><strong>Emased<\/strong>. Meeleolu. Tallinn: Penikoorem, 1995, 61,[2] lk. \u00a0<br><strong>Ihu<\/strong>. Tallinn: Penikoorem, 1995, 22,[1] lk. \u00a0<\/span><\/span>\n<\/p>\n<p>\n\t<span style=\"font-family:Verdana,Geneva,sans-serif\"><span style=\"font-size:13px\"><strong><em>Poems<\/em><\/strong><br><strong>Kannatamine<\/strong>. Oratoorium. Tallinnas: Auringo. 1920, 60 lk.\u00a0<\/span><\/span>\n<\/p>\n<p>\n\t<span style=\"font-family:Verdana,Geneva,sans-serif\"><span style=\"font-size:13px\"><strong><em>Non-Fiction<\/em><\/strong><br><strong>Kriitilised tundmused<\/strong>. Esseed. Tallinnas: Siuru, 1918, 95 lk.<\/span><\/span>\n<\/p>\n<p>\n\t<span style=\"font-family:Verdana,Geneva,sans-serif\"><span style=\"font-size: medium\"><span style=\"font-size: medium\"><span style=\"font-size:13px\"><strong><em>Selected and collected works<\/em><\/strong><br><strong>Kogutud teosed<\/strong>.\u00a0Stockholm: Vaba Eesti, 1957, 313\u00a0lk.\u00a0<\/span><\/span><\/span>[Jutud, proosakatked, luuletused, kriitika, artiklid, kirjad.]<br><span style=\"font-size: medium\"><span style=\"font-size: medium\"><span style=\"font-size:13px\"><strong>Teosed<\/strong>. Stockholm: Vaba Eesti, 1957, 231\u00a0lk.\u00a0<\/span><\/span><\/span>[Jutud, proosakatked, luuletused, kriitika.]<br><span style=\"font-size: medium\"><span style=\"font-size: medium\"><span style=\"font-size:13px\"><strong>Vaevademaa<\/strong>. Tallinn: Perioodika, 1967, 196 lk.<\/span><\/span><\/span>\u00a0[Novellid, jutustused, esseed.]<br><span style=\"font-size: medium\"><span style=\"font-size: medium\"><span style=\"font-size:13px\"><strong>Otsija metsas<\/strong>. Tartu: Ilmamaa, 2003, 438 lk. [L<\/span><\/span><\/span>uuletused ja novellid.]<br><span style=\"font-size: medium\"><span style=\"font-size: medium\"><span style=\"font-size:13px\"><strong>Orjapojad<\/strong>. Tartu: Ilmamaa, 2004, 420\u00a0lk.\u00a0<\/span><\/span><\/span>[Artiklid, esseed, kirjad.]<\/span><\/p>\n","protected":false},"excerpt":{"rendered":"<p>Poems\u00a0 Short stories About Jaan Oks Jaan Oks (1884-1918) was an Estonian prose writer, poet and critic, whose sombre-toned works, with their spontaneous and sensitive imagery, are among the most original in Estonian literature. His texts, which mostly appeared posthumously, &#8230;<\/p>\n","protected":false},"author":43,"featured_media":0,"parent":663,"menu_order":0,"comment_status":"closed","ping_status":"closed","template":"","meta":{"_acf_changed":false,"inline_featured_image":false,"footnotes":""},"class_list":["post-946","page","type-page","status-publish","hentry"],"acf":[],"_links":{"self":[{"href":"https:\/\/sisu.ut.ee\/ewod\/wp-json\/wp\/v2\/pages\/946","targetHints":{"allow":["GET"]}}],"collection":[{"href":"https:\/\/sisu.ut.ee\/ewod\/wp-json\/wp\/v2\/pages"}],"about":[{"href":"https:\/\/sisu.ut.ee\/ewod\/wp-json\/wp\/v2\/types\/page"}],"author":[{"embeddable":true,"href":"https:\/\/sisu.ut.ee\/ewod\/wp-json\/wp\/v2\/users\/43"}],"replies":[{"embeddable":true,"href":"https:\/\/sisu.ut.ee\/ewod\/wp-json\/wp\/v2\/comments?post=946"}],"version-history":[{"count":1,"href":"https:\/\/sisu.ut.ee\/ewod\/wp-json\/wp\/v2\/pages\/946\/revisions"}],"predecessor-version":[{"id":4141,"href":"https:\/\/sisu.ut.ee\/ewod\/wp-json\/wp\/v2\/pages\/946\/revisions\/4141"}],"up":[{"embeddable":true,"href":"https:\/\/sisu.ut.ee\/ewod\/wp-json\/wp\/v2\/pages\/663"}],"wp:attachment":[{"href":"https:\/\/sisu.ut.ee\/ewod\/wp-json\/wp\/v2\/media?parent=946"}],"curies":[{"name":"wp","href":"https:\/\/api.w.org\/{rel}","templated":true}]}}