{"id":945,"date":"2024-04-03T23:40:33","date_gmt":"2024-04-03T20:40:33","guid":{"rendered":"https:\/\/sisu.ut.ee\/ewod\/articlesinromanian\/"},"modified":"2024-04-04T00:08:40","modified_gmt":"2024-04-03T21:08:40","slug":"articlesinromanian","status":"publish","type":"page","link":"https:\/\/sisu.ut.ee\/ewod\/general\/articlesinromanian\/","title":{"rendered":"General treatments &#8211; articles in Romanian"},"content":{"rendered":"<p><span style=\"font-family: verdana, geneva\">Mart Velsker,\u00a0<strong>Introducere in poezia modern\u0103 estonian\u0103<\/strong>. \u2013\u00a0Un c\u0103r\u0103bu\u015f s\u0103rut\u0103 luna: antologie de poezie estonian\u0103 contemporan\u0103. Selec\u0163ia poeziilor Jaan Malin \u015fi Triin Soomets; traducere \u015fi note de Riina Jesmin confruntare Peter Sragher; cu un studiu introductiv de Mart Velsker.\u00a0Bucuresti:\u00a0Tracus Arte, 2014, pp 5-33. [Poems by\u00a0Andres Ehin, Ene Mihkelson, Viivi Luik, Mari Vallisoo, Doris Kareva, Jaan Malin, Hasso Krull, Triin Soomets, Karl Martin Sinij\u00e4rv, Asko K\u00fcnnap, fs, Jan Kaus, Mehis Heinsaar, Maarja Kangro, Aare Pilv, J\u00fcrgen Rooste.]<\/span><\/p>\n","protected":false},"excerpt":{"rendered":"<p>Mart Velsker,\u00a0Introducere in poezia modern\u0103 estonian\u0103. \u2013\u00a0Un c\u0103r\u0103bu\u015f s\u0103rut\u0103 luna: antologie de poezie estonian\u0103 contemporan\u0103. Selec\u0163ia poeziilor Jaan Malin \u015fi Triin Soomets; traducere \u015fi note de Riina Jesmin confruntare Peter Sragher; cu un studiu introductiv de Mart Velsker.\u00a0Bucuresti:\u00a0Tracus Arte, 2014, &#8230;<\/p>\n","protected":false},"author":43,"featured_media":0,"parent":1485,"menu_order":0,"comment_status":"closed","ping_status":"closed","template":"","meta":{"_acf_changed":false,"inline_featured_image":false,"footnotes":""},"class_list":["post-945","page","type-page","status-publish","hentry"],"acf":[],"_links":{"self":[{"href":"https:\/\/sisu.ut.ee\/ewod\/wp-json\/wp\/v2\/pages\/945","targetHints":{"allow":["GET"]}}],"collection":[{"href":"https:\/\/sisu.ut.ee\/ewod\/wp-json\/wp\/v2\/pages"}],"about":[{"href":"https:\/\/sisu.ut.ee\/ewod\/wp-json\/wp\/v2\/types\/page"}],"author":[{"embeddable":true,"href":"https:\/\/sisu.ut.ee\/ewod\/wp-json\/wp\/v2\/users\/43"}],"replies":[{"embeddable":true,"href":"https:\/\/sisu.ut.ee\/ewod\/wp-json\/wp\/v2\/comments?post=945"}],"version-history":[{"count":1,"href":"https:\/\/sisu.ut.ee\/ewod\/wp-json\/wp\/v2\/pages\/945\/revisions"}],"predecessor-version":[{"id":4140,"href":"https:\/\/sisu.ut.ee\/ewod\/wp-json\/wp\/v2\/pages\/945\/revisions\/4140"}],"up":[{"embeddable":true,"href":"https:\/\/sisu.ut.ee\/ewod\/wp-json\/wp\/v2\/pages\/1485"}],"wp:attachment":[{"href":"https:\/\/sisu.ut.ee\/ewod\/wp-json\/wp\/v2\/media?parent=945"}],"curies":[{"name":"wp","href":"https:\/\/api.w.org\/{rel}","templated":true}]}}