{"id":937,"date":"2024-04-03T23:40:33","date_gmt":"2024-04-03T20:40:33","guid":{"rendered":"https:\/\/sisu.ut.ee\/ewod\/plays-et-34\/"},"modified":"2024-04-04T00:08:38","modified_gmt":"2024-04-03T21:08:38","slug":"plays","status":"publish","type":"page","link":"https:\/\/sisu.ut.ee\/ewod\/v\/vadi\/plays\/","title":{"rendered":"Urmas Vadi &#8211; plays"},"content":{"rendered":"<p><strong><span style=\"font-family: verdana, geneva;font-size: medium\">In anthologies and magazines<\/span><\/strong><\/p>\n<p><em><strong><span style=\"font-family: verdana, geneva\">French<\/span><\/strong><\/em><br><span style=\"font-family: verdana, geneva\"><strong>Bonne Parole et Repas chauds, jour et nuit<\/strong>. \u2013 \u00c9tonnantes \u00e9critures europ\u00e9ennes pour la jeunesse: 31 pi\u00e8ces d\u2019aujourd\u2019hui pour demain. Sous la direction de Marianne S\u00e9gol-Samoy et de Karin Serres. Montreuil: \u00c9ditions th\u00e9\u00e2trales, 2013, 441 pp. [Excerpt of \u2018Hea s\u00f5na ja soe toit 24h\u2019.]<\/span><\/p>\n","protected":false},"excerpt":{"rendered":"<p>In anthologies and magazines FrenchBonne Parole et Repas chauds, jour et nuit. \u2013 \u00c9tonnantes \u00e9critures europ\u00e9ennes pour la jeunesse: 31 pi\u00e8ces d\u2019aujourd\u2019hui pour demain. Sous la direction de Marianne S\u00e9gol-Samoy et de Karin Serres. Montreuil: \u00c9ditions th\u00e9\u00e2trales, 2013, 441 pp. &#8230;<\/p>\n","protected":false},"author":43,"featured_media":0,"parent":54,"menu_order":0,"comment_status":"closed","ping_status":"closed","template":"","meta":{"_acf_changed":false,"inline_featured_image":false,"footnotes":""},"class_list":["post-937","page","type-page","status-publish","hentry"],"acf":[],"_links":{"self":[{"href":"https:\/\/sisu.ut.ee\/ewod\/wp-json\/wp\/v2\/pages\/937","targetHints":{"allow":["GET"]}}],"collection":[{"href":"https:\/\/sisu.ut.ee\/ewod\/wp-json\/wp\/v2\/pages"}],"about":[{"href":"https:\/\/sisu.ut.ee\/ewod\/wp-json\/wp\/v2\/types\/page"}],"author":[{"embeddable":true,"href":"https:\/\/sisu.ut.ee\/ewod\/wp-json\/wp\/v2\/users\/43"}],"replies":[{"embeddable":true,"href":"https:\/\/sisu.ut.ee\/ewod\/wp-json\/wp\/v2\/comments?post=937"}],"version-history":[{"count":1,"href":"https:\/\/sisu.ut.ee\/ewod\/wp-json\/wp\/v2\/pages\/937\/revisions"}],"predecessor-version":[{"id":4132,"href":"https:\/\/sisu.ut.ee\/ewod\/wp-json\/wp\/v2\/pages\/937\/revisions\/4132"}],"up":[{"embeddable":true,"href":"https:\/\/sisu.ut.ee\/ewod\/wp-json\/wp\/v2\/pages\/54"}],"wp:attachment":[{"href":"https:\/\/sisu.ut.ee\/ewod\/wp-json\/wp\/v2\/media?parent=937"}],"curies":[{"name":"wp","href":"https:\/\/api.w.org\/{rel}","templated":true}]}}