{"id":935,"date":"2024-04-03T23:40:32","date_gmt":"2024-04-03T20:40:32","guid":{"rendered":"https:\/\/sisu.ut.ee\/ewod\/articlesinfinnish\/"},"modified":"2024-04-04T00:08:42","modified_gmt":"2024-04-03T21:08:42","slug":"articlesinfinnish","status":"publish","type":"page","link":"https:\/\/sisu.ut.ee\/ewod\/general\/articlesinfinnish\/","title":{"rendered":"General treatments &#8211; articles in Finnish"},"content":{"rendered":"<p>\n\t<span style=\"font-family: verdana, geneva;font-size: small\">Hannu-Pekka Lappalainen, <strong>Virolaista runoutta suomeksi<\/strong>. \u2013 Estonia: Zeitschrift f\u00fcr estnische Literatur und Kultur, no 1, 1989, pp 4-17.<br>Tapio M\u00e4kel\u00e4inen, <strong>Suomen sillan kulkijoita I<\/strong>. \u2013 Estonia: Zeitschrift f\u00fcr estnische Literatur und Kultur, no 3, 1987, pp 124-125. [About Aino Kaasinen.]<br>Hannu-Pekka Lappalainen, <strong>Hakuteos Viron kirjallisuudesta<\/strong>. \u2013 Estonia: Zeitschrift f\u00fcr estnische Literatur und Kultur, no 1, 1987, pp 39-42. [Review of Endel Nirk, \u2018Viron kirjallisuus\u2019, Helsinki 1986.]<br>Elsa Haavio, <strong>Viron uudenaikainen lyriikka<\/strong>. \u2013 Eestin runotar: Virolaisen lyriikan antologia. Porvoo; Helsinki: 1940, pp 7-56.<br>Friedebert Tuglas, <strong>Uudempi virolainen kaunokirjallisuus<\/strong>. \u2013 Viron-kirja: Maa, kansa ja kultuuri. Helsinki: 1926, pp 152-182.<br>Aino Kallas,\u00a0<a href=\"http:\/\/www.digar.ee\/arhiiv\/nlib-digar:100847\" target=\"_blank\" rel=\"noopener\"><strong>Virolainen laulurunous<\/strong><\/a>. \u2013\u00a0Merentakaisia lauluja. Valikoima runok\u00e4\u00e4nn\u00f6ksi\u00e4 ja katsaus virolaiseen laulurunouteen. Suoment. Aino Kallas. Helsinki: Otava, 1911, pp 9-41. [Poems by Juhan Liiv, G. Suits, V. Ridala.]<\/span><\/p>\n","protected":false},"excerpt":{"rendered":"<p>Hannu-Pekka Lappalainen, Virolaista runoutta suomeksi. \u2013 Estonia: Zeitschrift f\u00fcr estnische Literatur und Kultur, no 1, 1989, pp 4-17.Tapio M\u00e4kel\u00e4inen, Suomen sillan kulkijoita I. \u2013 Estonia: Zeitschrift f\u00fcr estnische Literatur und Kultur, no 3, 1987, pp 124-125. [About Aino Kaasinen.]Hannu-Pekka Lappalainen, &#8230;<\/p>\n","protected":false},"author":43,"featured_media":0,"parent":1485,"menu_order":0,"comment_status":"closed","ping_status":"closed","template":"","meta":{"_acf_changed":false,"inline_featured_image":false,"footnotes":""},"class_list":["post-935","page","type-page","status-publish","hentry"],"acf":[],"_links":{"self":[{"href":"https:\/\/sisu.ut.ee\/ewod\/wp-json\/wp\/v2\/pages\/935","targetHints":{"allow":["GET"]}}],"collection":[{"href":"https:\/\/sisu.ut.ee\/ewod\/wp-json\/wp\/v2\/pages"}],"about":[{"href":"https:\/\/sisu.ut.ee\/ewod\/wp-json\/wp\/v2\/types\/page"}],"author":[{"embeddable":true,"href":"https:\/\/sisu.ut.ee\/ewod\/wp-json\/wp\/v2\/users\/43"}],"replies":[{"embeddable":true,"href":"https:\/\/sisu.ut.ee\/ewod\/wp-json\/wp\/v2\/comments?post=935"}],"version-history":[{"count":1,"href":"https:\/\/sisu.ut.ee\/ewod\/wp-json\/wp\/v2\/pages\/935\/revisions"}],"predecessor-version":[{"id":4153,"href":"https:\/\/sisu.ut.ee\/ewod\/wp-json\/wp\/v2\/pages\/935\/revisions\/4153"}],"up":[{"embeddable":true,"href":"https:\/\/sisu.ut.ee\/ewod\/wp-json\/wp\/v2\/pages\/1485"}],"wp:attachment":[{"href":"https:\/\/sisu.ut.ee\/ewod\/wp-json\/wp\/v2\/media?parent=935"}],"curies":[{"name":"wp","href":"https:\/\/api.w.org\/{rel}","templated":true}]}}