{"id":931,"date":"2024-04-03T23:40:32","date_gmt":"2024-04-03T20:40:32","guid":{"rendered":"https:\/\/sisu.ut.ee\/ewod\/triintammert\/"},"modified":"2024-04-04T00:08:41","modified_gmt":"2024-04-03T21:08:41","slug":"triintammert","status":"publish","type":"page","link":"https:\/\/sisu.ut.ee\/ewod\/t\/triintammert\/","title":{"rendered":"Triin Katariina Tammert"},"content":{"rendered":"<p>\n\t<a href=\"https:\/\/sisu.ut.ee\/wp-content\/uploads\/sites\/108\/image0.jpeg\" target=\"_self\" rel=\"noopener\"><img decoding=\"async\" alt=\"Triin Tammert\" src=\"https:\/\/sisu.ut.ee\/wp-content\/uploads\/sites\/108\/image0.jpeg\" style=\"float: right;width: 300px;height: 450px\"><\/a><strong><span style=\"font-size:16px\"><a data-url=\"https:\/\/sisu.ut.ee\/ewod\/t\/triintammert\/novels\" href=\"https:\/\/sisu.ut.ee\/ewod\/t\/triintammert\/novels\" title=\"\">Novels<\/a><\/span><\/strong><\/p>\n<p>Triin Katariina Tammert (given name Triin Tammert, born 20 January 1982) is a journalist and writer.\n<\/p>\n<p>\n\tTammert has studied journalism and public relations at the University of Tartu and completed master\u2019s studies in communication management there. She has worked for the newspaper <em>Postimees<\/em>, been the managing and chief editor of the magazine Trend, project manager of In Time, the onboard magazine Estonian Air, and web editor of the newspaper <em>Eesti Ekspress<\/em>.\n<\/p>\n<p>\n\tTammert has published fiction since 2013 when her aviation-inspired novel <em>Lenda minuga<\/em> (\u2018Fly with Me\u2019) appeared. <em>Inglid ja kelmid<\/em> (\u2018Angels and Crooks\u2019, 2016) has been defined as a beach novel. It deserved honorary mention at the Bestseller literary competition. In cooperation with Mart Kadastik, she wrote the novel <em>Paarism\u00e4ng<\/em> (\u2018Doubles Game\u2019, 2014). The novel <em>V\u00f5r(g)utamine<\/em> (\u2018Seduction in V\u00f5ru\u2019, 2021) was inspired by the town of V\u00f5ru. Tammert\u2019s creation is mainly concentrated on cognitive problems of the present-day world, relations and thickets of relations, mostly young women\u2019s searches for themselves and choices in life.\n<\/p>\n<p>\n\t<em>A. K. (Translated by I. A.)<\/em>\n<\/p>\n<p><strong><span style=\"font-size:16px\">Books in Estonian<\/span><\/strong>\n<\/p>\n<p>\n\t<strong><em>Novels<\/em><\/strong><br>Katariina Tammert, <strong>Lenda minuga<\/strong>: lennuromaan. Tallinn: T. Tammert, 2013, 174 lk<br>Katariina Tammert, Mart Kadastik, <strong>Paarism\u00e4ng<\/strong>. Tallinn: Varrak, 2014. 309 lk.<br>Katariina Tammert, <strong>Inglid ja kelmid<\/strong>: rannaromaan. Tallinn: Pilgrim, 2016, 240 lk<br><strong>V\u00f5r(g)utamine<\/strong>: V\u00f5ru romaan. Tallinn: Pilgrim, 2021, 175 lk\n<\/p>\n<p>\n\t<strong><em>Miscellaneous<\/em><\/strong><br>Igor Mang, Triin Katariina Tammert, <strong>Igor Mangi elu ja astroloogiatarkused<\/strong>. Tallinn: Pilgrim, 2016, 256 lk<br><strong>K\u00fcsi ja Sulle antakse: kuidas harjutada kohalolekut, kuulata m\u00e4rkide abil oma s\u00fcdant ja luua nii enda unelmate elu<\/strong>. Tallinn: Pilgrim, 2018, 176 lk<\/p>\n","protected":false},"excerpt":{"rendered":"<p>Novels Triin Katariina Tammert (given name Triin Tammert, born 20 January 1982) is a journalist and writer. Tammert has studied journalism and public relations at the University of Tartu and completed master\u2019s studies in communication management there. She has worked &#8230;<\/p>\n","protected":false},"author":43,"featured_media":0,"parent":709,"menu_order":0,"comment_status":"closed","ping_status":"closed","template":"","meta":{"_acf_changed":false,"inline_featured_image":false,"footnotes":""},"class_list":["post-931","page","type-page","status-publish","hentry"],"acf":[],"_links":{"self":[{"href":"https:\/\/sisu.ut.ee\/ewod\/wp-json\/wp\/v2\/pages\/931","targetHints":{"allow":["GET"]}}],"collection":[{"href":"https:\/\/sisu.ut.ee\/ewod\/wp-json\/wp\/v2\/pages"}],"about":[{"href":"https:\/\/sisu.ut.ee\/ewod\/wp-json\/wp\/v2\/types\/page"}],"author":[{"embeddable":true,"href":"https:\/\/sisu.ut.ee\/ewod\/wp-json\/wp\/v2\/users\/43"}],"replies":[{"embeddable":true,"href":"https:\/\/sisu.ut.ee\/ewod\/wp-json\/wp\/v2\/comments?post=931"}],"version-history":[{"count":1,"href":"https:\/\/sisu.ut.ee\/ewod\/wp-json\/wp\/v2\/pages\/931\/revisions"}],"predecessor-version":[{"id":4149,"href":"https:\/\/sisu.ut.ee\/ewod\/wp-json\/wp\/v2\/pages\/931\/revisions\/4149"}],"up":[{"embeddable":true,"href":"https:\/\/sisu.ut.ee\/ewod\/wp-json\/wp\/v2\/pages\/709"}],"wp:attachment":[{"href":"https:\/\/sisu.ut.ee\/ewod\/wp-json\/wp\/v2\/media?parent=931"}],"curies":[{"name":"wp","href":"https:\/\/api.w.org\/{rel}","templated":true}]}}