{"id":930,"date":"2024-04-03T23:40:32","date_gmt":"2024-04-03T20:40:32","guid":{"rendered":"https:\/\/sisu.ut.ee\/ewod\/nonfiction-et-51\/"},"modified":"2024-04-04T00:08:41","modified_gmt":"2024-04-03T21:08:41","slug":"nonfiction","status":"publish","type":"page","link":"https:\/\/sisu.ut.ee\/ewod\/l\/luce\/nonfiction\/","title":{"rendered":"Johann Wilhelm Ludwig von Luce &#8211; non-fiction"},"content":{"rendered":"<p>\n\t<span style=\"font-size:16px\"><strong><span style=\"font-family:Verdana,Geneva,sans-serif\">Books<\/span><\/strong><\/span>\n<\/p>\n<p>\n\t<span style=\"font-family:Verdana,Geneva,sans-serif\"><strong><em>German<\/em><\/strong><br><strong>Ueber die Ursachen der Degeneration der organisirten K\u00f6rper<\/strong>\u00a0von D. J. W. L. Luce, der herzogl. Deutschen Gesellschaft zu Helmst\u00e4dt Ehrenmitgliede. G\u00f6ttingen: J. C. Dieterich, 1794, 150 pp.<br><strong>\u00d6conomische Abhandlungen f\u00fcr den nordischen Landmann<\/strong>. Bd.1. von J. W. L. von Luce, Erbherrn auf Hoheneichen und Lahhentagge\u2026. Riga: 1795, 165 pp.<br><strong>Versuch \u00fcber Hypochondrie und Hysterie<\/strong>, ein praktisches Handbuch f\u00fcr angehende Aerzte von D. J. W. L. von Luce, Erbherrn auf Hocheneichen und Lahhentage, der Kais. fr. \u00f6kon. Gesellschaft in St. Petersburg, der herzoglich deutschen Gesellschaft in Gotha. St. Petersburg: Gerstenberg und Dittmar, 1797, 148 pp.<br><strong>Oekonomische Abhandlungen f\u00fcr den nordischen Landmann<\/strong>\u00a0von J. W. L. von Luce, der Arzeney-Wissenschaft Doctor\u2026 Zweyter Band. Mit zwo Kupfertafeln. Riga: 1803, 223 pp.<br><strong>Beschreibung der wohlth\u00e4tigen Anstalten in der Provinz Oesel<\/strong>\u00a0vom Kreis-Schulinspektor Dr. J. W. L. von Luce, \u2026 der Arensburgischen Abtheilung der russischen Bibelgesellschaft Vice-Pr\u00e4sident. Riga: 1815, 112 pp.<br><strong>Einige Winke an Gutsbesitzer in der Provinz Oesel<\/strong>\u00a0Ueber die Schafsucht von Dr. J. W. L. von Luce, mehrere gelehrten Gesellschaften Mitglied. Pernau, 1826, 51 pp.<br><strong>Einige Worte \u00fcber die jetzigen Kuhpocken<\/strong>\u00a0vom arensburgischen Kreis-Schul-Inspector Dr. J. W. L. von Luce. Reval: 1819, 29 pp.<br><strong>Woher kommt der Name Arensburg?<\/strong>. Einladungsschrift zur feierlichen Niederlegung des Schulamtes des bisherigen Kreis-Schul-Inspectors Dr. Joh. Wilh. Ludw. von Luce, Erbherrn von Lahhentagge \u2026 der arensburgischen Abtheilung der russischen Bibelgesel. Riga: 1820, 8 pp.<br><strong>Topographische Nachrichten von der Insel Oesel<\/strong>, in medicinischer und \u00f6konomischer Hinsicht, von Dr. Joh. Wilh. Ludw. v. Luce, Erbherrn auf Lahhentagge, \u2026 und der arensburgischen \u00f6konomischen Academie Pr\u00e4sident. Riga: 1823, 383 pp.<br><strong>Vorschl\u00e4ge zur Versorgung der Witwen und Waisen<\/strong>. Von Dr. Joh. Wilhelm Ludw. von Luce, mehrerer gelehrten Gesellschaften Mitglied. Riga: 1823, 54 pp.<br><strong>Wahrheit und Muthmassung, Beytrag zur \u00e4ltesten Geschichte der Insel Oesel<\/strong>, von Dr. Joh. Wilh. Ludw. von Luce, mehrerer gelehrten Gesellschaften Mitgliede. Pernau: 1827, 164 pp.<br><strong>Heilmittel der Ehsten auf der Insel Oesel<\/strong>, vom Dr. Joh. Wilh. Ludw. von Luce, mehrerer gelehrten Gesellschaften Mitgliede. Pernau: 1829, 126 pp.<br><strong>Nachtrag zum Prodromo florae osiliensis\u00a0<\/strong>nebst einem vollst\u00e4ndigen Register vom Dr. J. W. L. v. Luce, mehrer gelehrten Gesellschaften Mitgliede. Reval: 1829, 389-462 pp.<\/span><\/p>\n","protected":false},"excerpt":{"rendered":"<p>Books GermanUeber die Ursachen der Degeneration der organisirten K\u00f6rper\u00a0von D. J. W. L. Luce, der herzogl. Deutschen Gesellschaft zu Helmst\u00e4dt Ehrenmitgliede. G\u00f6ttingen: J. C. Dieterich, 1794, 150 pp.\u00d6conomische Abhandlungen f\u00fcr den nordischen Landmann. Bd.1. von J. W. L. von Luce, &#8230;<\/p>\n","protected":false},"author":43,"featured_media":0,"parent":8,"menu_order":0,"comment_status":"closed","ping_status":"closed","template":"","meta":{"_acf_changed":false,"inline_featured_image":false,"footnotes":""},"class_list":["post-930","page","type-page","status-publish","hentry"],"acf":[],"_links":{"self":[{"href":"https:\/\/sisu.ut.ee\/ewod\/wp-json\/wp\/v2\/pages\/930","targetHints":{"allow":["GET"]}}],"collection":[{"href":"https:\/\/sisu.ut.ee\/ewod\/wp-json\/wp\/v2\/pages"}],"about":[{"href":"https:\/\/sisu.ut.ee\/ewod\/wp-json\/wp\/v2\/types\/page"}],"author":[{"embeddable":true,"href":"https:\/\/sisu.ut.ee\/ewod\/wp-json\/wp\/v2\/users\/43"}],"replies":[{"embeddable":true,"href":"https:\/\/sisu.ut.ee\/ewod\/wp-json\/wp\/v2\/comments?post=930"}],"version-history":[{"count":1,"href":"https:\/\/sisu.ut.ee\/ewod\/wp-json\/wp\/v2\/pages\/930\/revisions"}],"predecessor-version":[{"id":4148,"href":"https:\/\/sisu.ut.ee\/ewod\/wp-json\/wp\/v2\/pages\/930\/revisions\/4148"}],"up":[{"embeddable":true,"href":"https:\/\/sisu.ut.ee\/ewod\/wp-json\/wp\/v2\/pages\/8"}],"wp:attachment":[{"href":"https:\/\/sisu.ut.ee\/ewod\/wp-json\/wp\/v2\/media?parent=930"}],"curies":[{"name":"wp","href":"https:\/\/api.w.org\/{rel}","templated":true}]}}