{"id":927,"date":"2024-04-03T23:40:32","date_gmt":"2024-04-03T20:40:32","guid":{"rendered":"https:\/\/sisu.ut.ee\/ewod\/plays-et-33\/"},"modified":"2024-04-04T00:08:40","modified_gmt":"2024-04-03T21:08:40","slug":"plays","status":"publish","type":"page","link":"https:\/\/sisu.ut.ee\/ewod\/u\/unt\/plays\/","title":{"rendered":"Mati Unt &#8211; plays"},"content":{"rendered":"<p><span style=\"font-size: medium\"><strong><span style=\"font-family: verdana, geneva\">Books<\/span><\/strong><\/span><\/p>\n<p><em><strong><span style=\"font-family: verdana, geneva\">Finnish<\/span><\/strong><\/em><br><span style=\"font-family: verdana, geneva\"><strong>Hyv\u00e4\u00e4 iltaa, rakkaat vainajat: n\u00e4ytelm\u00e4<\/strong>. Suomentanut Eva Lille; valokuvat Erkki Helin. Oulu: Pohjoinen, 1986, 74 pp. [\u2019Vaimude tund Jannseni t\u00e4naval\u2019.]<\/span><\/p>\n<p><\/p>\n<p><strong><span style=\"font-family: verdana,geneva;font-size: medium\">In anthologies and magazines<\/span><\/strong><\/p>\n<p><span style=\"font-family: verdana, geneva\"><strong><em>English<\/em><\/strong><br><strong>Doomsday<\/strong>. Translated by Maire Jaanus Kurrik and Mardi Valgem\u00e4e. \u2013 Modern International Drama, Spring, 1977, pp 43-64. [\u2018Viimnep\u00e4ev\u2019.]<\/span><\/p>\n","protected":false},"excerpt":{"rendered":"<p>Books FinnishHyv\u00e4\u00e4 iltaa, rakkaat vainajat: n\u00e4ytelm\u00e4. Suomentanut Eva Lille; valokuvat Erkki Helin. Oulu: Pohjoinen, 1986, 74 pp. [\u2019Vaimude tund Jannseni t\u00e4naval\u2019.] In anthologies and magazines EnglishDoomsday. Translated by Maire Jaanus Kurrik and Mardi Valgem\u00e4e. \u2013 Modern International Drama, Spring, 1977, &#8230;<\/p>\n","protected":false},"author":43,"featured_media":0,"parent":2040,"menu_order":0,"comment_status":"closed","ping_status":"closed","template":"","meta":{"_acf_changed":false,"inline_featured_image":false,"footnotes":""},"class_list":["post-927","page","type-page","status-publish","hentry"],"acf":[],"_links":{"self":[{"href":"https:\/\/sisu.ut.ee\/ewod\/wp-json\/wp\/v2\/pages\/927","targetHints":{"allow":["GET"]}}],"collection":[{"href":"https:\/\/sisu.ut.ee\/ewod\/wp-json\/wp\/v2\/pages"}],"about":[{"href":"https:\/\/sisu.ut.ee\/ewod\/wp-json\/wp\/v2\/types\/page"}],"author":[{"embeddable":true,"href":"https:\/\/sisu.ut.ee\/ewod\/wp-json\/wp\/v2\/users\/43"}],"replies":[{"embeddable":true,"href":"https:\/\/sisu.ut.ee\/ewod\/wp-json\/wp\/v2\/comments?post=927"}],"version-history":[{"count":1,"href":"https:\/\/sisu.ut.ee\/ewod\/wp-json\/wp\/v2\/pages\/927\/revisions"}],"predecessor-version":[{"id":4145,"href":"https:\/\/sisu.ut.ee\/ewod\/wp-json\/wp\/v2\/pages\/927\/revisions\/4145"}],"up":[{"embeddable":true,"href":"https:\/\/sisu.ut.ee\/ewod\/wp-json\/wp\/v2\/pages\/2040"}],"wp:attachment":[{"href":"https:\/\/sisu.ut.ee\/ewod\/wp-json\/wp\/v2\/media?parent=927"}],"curies":[{"name":"wp","href":"https:\/\/api.w.org\/{rel}","templated":true}]}}