{"id":925,"date":"2024-04-03T23:40:32","date_gmt":"2024-04-03T20:40:32","guid":{"rendered":"https:\/\/sisu.ut.ee\/ewod\/stories-et-96\/"},"modified":"2024-04-04T00:08:40","modified_gmt":"2024-04-03T21:08:40","slug":"stories","status":"publish","type":"page","link":"https:\/\/sisu.ut.ee\/ewod\/m\/murutar\/stories\/","title":{"rendered":"Kati Murutar &#8211; short stories"},"content":{"rendered":"<p><span style=\"font-size: medium\"><strong><span style=\"font-family: verdana, geneva\">In anthologies and magazines<\/span><\/strong><\/span><\/p>\n<p><em><strong><span style=\"font-family: verdana, geneva\">Hungarian<\/span><\/strong><\/em><br><span style=\"font-family: verdana, geneva\"><strong>Valaki m\u00e1s<\/strong>.\u00a0Translated by Kub\u00ednyi Kata.\u00a0\u2013\u00a0Kookonist kooruv liblikas. I &amp; II: l\u00fchiproosat sajandil\u00f5pu Eestist = Babjabol kikelo pillango. I &amp; II: mint\u00e1k a sz\u00e1zzadv\u00e9gi \u00c9szt r\u00f6vidpr\u00f3z\u00e1b\u00f3l. Selected, edited and foreword by Mai Kiisk-Bereczki. Translated by Bereczki G\u00e1bor, illustrations by Masszi Ferenc. Szombathely: Berzsenyi Daniel F\u00f6iskola, 2002, 190 +252 pp. [\u2018Libaelud\u2019.\u00a0Parallel text in Estonian and Hungarian. See\u00a0<strong><a href=\"https:\/\/sisu.ut.ee\/ewod\/anthologies\/kookon\">contents<\/a>\u00a0<\/strong>of the anthology.]<\/span><\/p>\n","protected":false},"excerpt":{"rendered":"<p>In anthologies and magazines HungarianValaki m\u00e1s.\u00a0Translated by Kub\u00ednyi Kata.\u00a0\u2013\u00a0Kookonist kooruv liblikas. I &amp; II: l\u00fchiproosat sajandil\u00f5pu Eestist = Babjabol kikelo pillango. I &amp; II: mint\u00e1k a sz\u00e1zzadv\u00e9gi \u00c9szt r\u00f6vidpr\u00f3z\u00e1b\u00f3l. Selected, edited and foreword by Mai Kiisk-Bereczki. Translated by Bereczki G\u00e1bor, &#8230;<\/p>\n","protected":false},"author":43,"featured_media":0,"parent":912,"menu_order":0,"comment_status":"closed","ping_status":"closed","template":"","meta":{"_acf_changed":false,"inline_featured_image":false,"footnotes":""},"class_list":["post-925","page","type-page","status-publish","hentry"],"acf":[],"_links":{"self":[{"href":"https:\/\/sisu.ut.ee\/ewod\/wp-json\/wp\/v2\/pages\/925","targetHints":{"allow":["GET"]}}],"collection":[{"href":"https:\/\/sisu.ut.ee\/ewod\/wp-json\/wp\/v2\/pages"}],"about":[{"href":"https:\/\/sisu.ut.ee\/ewod\/wp-json\/wp\/v2\/types\/page"}],"author":[{"embeddable":true,"href":"https:\/\/sisu.ut.ee\/ewod\/wp-json\/wp\/v2\/users\/43"}],"replies":[{"embeddable":true,"href":"https:\/\/sisu.ut.ee\/ewod\/wp-json\/wp\/v2\/comments?post=925"}],"version-history":[{"count":1,"href":"https:\/\/sisu.ut.ee\/ewod\/wp-json\/wp\/v2\/pages\/925\/revisions"}],"predecessor-version":[{"id":4143,"href":"https:\/\/sisu.ut.ee\/ewod\/wp-json\/wp\/v2\/pages\/925\/revisions\/4143"}],"up":[{"embeddable":true,"href":"https:\/\/sisu.ut.ee\/ewod\/wp-json\/wp\/v2\/pages\/912"}],"wp:attachment":[{"href":"https:\/\/sisu.ut.ee\/ewod\/wp-json\/wp\/v2\/media?parent=925"}],"curies":[{"name":"wp","href":"https:\/\/api.w.org\/{rel}","templated":true}]}}