{"id":920,"date":"2024-04-03T23:40:31","date_gmt":"2024-04-03T20:40:31","guid":{"rendered":"https:\/\/sisu.ut.ee\/ewod\/sein\/"},"modified":"2024-04-04T00:08:43","modified_gmt":"2024-04-03T21:08:43","slug":"sein","status":"publish","type":"page","link":"https:\/\/sisu.ut.ee\/ewod\/s\/sein\/","title":{"rendered":"Liis Sein"},"content":{"rendered":"<p><span style=\"color:#000000\"><span style=\"font-size:13px\"><span style=\"font-family:Verdana,Geneva,sans-serif\">Liis Sein (born 9 March 1983) is a children\u2019s writer and playwright.<\/span><\/span><\/span>\n<\/p>\n<p>\n\t<span style=\"color:#000000\"><span style=\"font-size:13px\"><span style=\"font-family:Verdana,Geneva,sans-serif\">Sein was born in Tartu. She lived the first 13 years of her life at R\u00f5ngu where she attended the local secondary school. After the family moved to Tartu, she continued her education at Tartu Karlova Gymnasium. In 2005, Liis Sein acquired a BA in andragogy at Tallinn University and worked in this area for years, being head of training at the Estonian Academy of Security Sciences and Viljandi Culture Academy of the University of Tartu. From 2017, Liis Sein has worked as director\u2019s assistant at the Estonian Children\u2019s Literature Centre.<\/span><\/span><\/span>\n<\/p>\n<p>\n\t<span style=\"color:#000000\"><span style=\"font-size:13px\"><span style=\"font-family:Verdana,Geneva,sans-serif\">Sein wrote her first pieces during studies at Drakadeemia creative writing school in 2008. Since then, she has written several theatrical texts for adults, which have received honourable mention at the playwriting competitions of the Estonian Theatre Agency.<\/span><\/span><\/span>\n<\/p>\n<p>\n\t<span style=\"color:#000000\"><span style=\"font-size:13px\"><span style=\"font-family:Verdana,Geneva,sans-serif\">Most of all, Sein has written children\u2019s books. The books meant for young readers are humorous and in simple language understandable for children. Sein\u2019s books have been translated into Lithuanian and Russian.<\/span><\/span><\/span>\n<\/p>\n<p>\n\t<span style=\"color:#000000\"><span style=\"font-size:13px\"><span style=\"font-family:Verdana,Geneva,sans-serif\">Liis Sein has been a member of the Estonian Writers\u2019 Union from 2022.<\/span><\/span><\/span>\n<\/p>\n<p>\n\t<em><span style=\"color:#000000\"><span style=\"font-size:13px\"><span style=\"font-family:Verdana,Geneva,sans-serif\">L. P. (Translated by I. A.)<\/span><\/span><\/span><\/em>\n<\/p>\n<p><strong><span style=\"font-size:16px\"><span style=\"color:#000000\"><span style=\"font-family:Verdana,Geneva,sans-serif\">Books in Estonian<\/span><\/span><\/span><\/strong>\n<\/p>\n<p>\n\t<span style=\"color:#000000\"><span style=\"font-size:13px\"><span style=\"font-family:Verdana,Geneva,sans-serif\"><strong><em>Children\u2019s books<\/em><\/strong><br><strong>Kuidas Saara suureks kasvas<\/strong>. Saue: P\u00e4ike ja Pilv, 2017. 30 lk.<br><strong>Vihmapilve suur soov<\/strong>. Saue: P\u00e4ike ja Pilv, 2018. 32 lk.<br><strong>Saskia otsib v\u00e4rve<\/strong>. Tallinn: Tammerraamat, 2019. 28 lk.<br><strong>Kartlik rebasepoeg<\/strong>. Tallinn: Tammerraamat, 2021. 24 lk.<br><strong>Maruvahva lasteaed: Haraldi ja Freia lood<\/strong>. Tallinn: Tammerraamat, 2021. 66 lk.<br><strong>Minu linn<\/strong>. Saue: P\u00e4ike ja Pilv, 2021. 34 lk.<br><strong>Minu tulevik Eestis: 40 vahvat ametit<\/strong>. Saue: P\u00e4ike ja Pilv, 2021. 64 lk.<br><strong>Ilus karuema<\/strong>. Tallinn: Tammerraamat, 2022. 25 lk.<br><strong>Mona isep\u00e4ine isa<\/strong>. Tallinn: Pegasus, 2022. 86 lk.<br><strong>Paberlaevuke<\/strong>. Laagri: \u00c4rkel, 2022. 34 lk.<\/span><\/span><\/span>\n<\/p>\n<p>\n\t<span style=\"color:#000000\"><span style=\"font-size:13px\"><span style=\"font-family:Verdana,Geneva,sans-serif\"><strong><em>Plays<\/em><\/strong><br><strong>Kummardage lipud: Kaitseliidu Sakala maleva 100. ja Eesti Vabariigi 100. aastap\u00e4evaks p\u00fchendatud n\u00e4idend<\/strong>. Viljandi: Sakala Malev, 2017. 63 lk.<\/span><\/span><\/span><\/p>\n","protected":false},"excerpt":{"rendered":"<p>Liis Sein (born 9 March 1983) is a children\u2019s writer and playwright. Sein was born in Tartu. She lived the first 13 years of her life at R\u00f5ngu where she attended the local secondary school. After the family moved to &#8230;<\/p>\n","protected":false},"author":43,"featured_media":0,"parent":697,"menu_order":0,"comment_status":"closed","ping_status":"closed","template":"","meta":{"_acf_changed":false,"inline_featured_image":false,"footnotes":""},"class_list":["post-920","page","type-page","status-publish","hentry"],"acf":[],"_links":{"self":[{"href":"https:\/\/sisu.ut.ee\/ewod\/wp-json\/wp\/v2\/pages\/920","targetHints":{"allow":["GET"]}}],"collection":[{"href":"https:\/\/sisu.ut.ee\/ewod\/wp-json\/wp\/v2\/pages"}],"about":[{"href":"https:\/\/sisu.ut.ee\/ewod\/wp-json\/wp\/v2\/types\/page"}],"author":[{"embeddable":true,"href":"https:\/\/sisu.ut.ee\/ewod\/wp-json\/wp\/v2\/users\/43"}],"replies":[{"embeddable":true,"href":"https:\/\/sisu.ut.ee\/ewod\/wp-json\/wp\/v2\/comments?post=920"}],"version-history":[{"count":1,"href":"https:\/\/sisu.ut.ee\/ewod\/wp-json\/wp\/v2\/pages\/920\/revisions"}],"predecessor-version":[{"id":4159,"href":"https:\/\/sisu.ut.ee\/ewod\/wp-json\/wp\/v2\/pages\/920\/revisions\/4159"}],"up":[{"embeddable":true,"href":"https:\/\/sisu.ut.ee\/ewod\/wp-json\/wp\/v2\/pages\/697"}],"wp:attachment":[{"href":"https:\/\/sisu.ut.ee\/ewod\/wp-json\/wp\/v2\/media?parent=920"}],"curies":[{"name":"wp","href":"https:\/\/api.w.org\/{rel}","templated":true}]}}