{"id":919,"date":"2024-04-03T23:40:31","date_gmt":"2024-04-03T20:40:31","guid":{"rendered":"https:\/\/sisu.ut.ee\/ewod\/poems-et-144\/"},"modified":"2024-04-04T00:08:43","modified_gmt":"2024-04-03T21:08:43","slug":"poems","status":"publish","type":"page","link":"https:\/\/sisu.ut.ee\/ewod\/l\/luce\/poems\/","title":{"rendered":"Johann Wilhelm Ludwig von Luce &#8211; poems"},"content":{"rendered":"<p>\n\t<span style=\"font-family:Verdana,Geneva,sans-serif\"><span style=\"font-size:16px\"><b>Books<\/b><\/span><\/span>\n<\/p>\n<p>\n\t<span style=\"font-family:Verdana,Geneva,sans-serif\"><b><i>German<\/i><\/b><br><strong>Lappalien. B\u00fcchelchen 1<\/strong>. Reval: J. W. L. von Luce, 1783, 56 pp.<br><strong>Lappalien. B\u00fcchelchen 2<\/strong>. Reval: J. W. L. von Luce, 1783, 57-118 pp.<br><strong>Lappalien. B\u00fcchelchen 3<\/strong>. Neuwied: J. W. L. Luce, 1787, 80 pp.<br><strong>Lappalien. B\u00fcchelchen 4<\/strong>. Neuwied: J. W. L. Luce, 1788, 64 pp.<br><strong>Sinngedichte<\/strong>. Von J. W. L. Luce, der herzoglichen deutschen Gesellschaft in Helmstedt Ehrenmitgliede. Frankenthal: 1791, 72 pp.<\/span><\/p>\n","protected":false},"excerpt":{"rendered":"<p>Books GermanLappalien. B\u00fcchelchen 1. Reval: J. W. L. von Luce, 1783, 56 pp.Lappalien. B\u00fcchelchen 2. Reval: J. W. L. von Luce, 1783, 57-118 pp.Lappalien. B\u00fcchelchen 3. Neuwied: J. W. L. Luce, 1787, 80 pp.Lappalien. B\u00fcchelchen 4. Neuwied: J. W. L. &#8230;<\/p>\n","protected":false},"author":43,"featured_media":0,"parent":8,"menu_order":0,"comment_status":"closed","ping_status":"closed","template":"","meta":{"_acf_changed":false,"inline_featured_image":false,"footnotes":""},"class_list":["post-919","page","type-page","status-publish","hentry"],"acf":[],"_links":{"self":[{"href":"https:\/\/sisu.ut.ee\/ewod\/wp-json\/wp\/v2\/pages\/919","targetHints":{"allow":["GET"]}}],"collection":[{"href":"https:\/\/sisu.ut.ee\/ewod\/wp-json\/wp\/v2\/pages"}],"about":[{"href":"https:\/\/sisu.ut.ee\/ewod\/wp-json\/wp\/v2\/types\/page"}],"author":[{"embeddable":true,"href":"https:\/\/sisu.ut.ee\/ewod\/wp-json\/wp\/v2\/users\/43"}],"replies":[{"embeddable":true,"href":"https:\/\/sisu.ut.ee\/ewod\/wp-json\/wp\/v2\/comments?post=919"}],"version-history":[{"count":1,"href":"https:\/\/sisu.ut.ee\/ewod\/wp-json\/wp\/v2\/pages\/919\/revisions"}],"predecessor-version":[{"id":4158,"href":"https:\/\/sisu.ut.ee\/ewod\/wp-json\/wp\/v2\/pages\/919\/revisions\/4158"}],"up":[{"embeddable":true,"href":"https:\/\/sisu.ut.ee\/ewod\/wp-json\/wp\/v2\/pages\/8"}],"wp:attachment":[{"href":"https:\/\/sisu.ut.ee\/ewod\/wp-json\/wp\/v2\/media?parent=919"}],"curies":[{"name":"wp","href":"https:\/\/api.w.org\/{rel}","templated":true}]}}