{"id":914,"date":"2024-04-03T23:40:30","date_gmt":"2024-04-03T20:40:30","guid":{"rendered":"https:\/\/sisu.ut.ee\/ewod\/mudlum\/"},"modified":"2024-04-04T00:08:45","modified_gmt":"2024-04-03T21:08:45","slug":"mudlum","status":"publish","type":"page","link":"https:\/\/sisu.ut.ee\/ewod\/m\/mudlum\/","title":{"rendered":"Mudlum"},"content":{"rendered":"<p>\n\t<a href=\"https:\/\/sisu.ut.ee\/ewod\/m\/mudlum\/stories\"><strong><span style=\"font-family: verdana, geneva;font-size: medium\">Short stories<\/span><\/strong><\/a>\n<\/p>\n<p>\n\t\u00a0\n<\/p>\n<p>\n\t\u00a0\n<\/p>\n<p style=\"margin-bottom:0.11in\">\n\t<span style=\"color:#000000\"><span style=\"font-size:13px\"><span style=\"font-family:Verdana,Geneva,sans-serif\"><span style=\"line-height:108%\"><span style=\"font-weight:normal\">Mudlum <\/span>(given name Made Luiga, b. 31. VII 1966) is a prose writer and literary critic. <\/span><\/span><\/span><\/span>\n<\/p>\n<p style=\"margin-bottom:0.11in\">\n\t<span style=\"color:#000000\"><span style=\"font-size:13px\"><span style=\"font-family:Verdana,Geneva,sans-serif\"><span style=\"line-height:108%\">She was born in P\u00e4rnu, educated in P\u00e4rnu, Paide and Tallinn, at the Estonian Institute of the Humanities and graduated from the Estonian Academy of Arts in 2012. She has been a member of the Estonian Writers\u2019 Union since 2017. <\/span><\/span><\/span><\/span>\n<\/p>\n<p style=\"margin-bottom:0.11in\">\n\t<span style=\"color:#000000\"><span style=\"font-size:13px\"><span style=\"font-family:Verdana,Geneva,sans-serif\"><span style=\"line-height:108%\">The beginning of Mudlum\u2019s literary career is associated with the ZA\/UM cultural grouping, on whose blog she began posting texts. The short story <i>Minu t\u00e4di Ellen<\/i> (\u2018My Aunt Ellen\u2019) appeared in <i>Vikerkaar<\/i> in 2012, and her debut collection <i>T\u00f5sine inimene <\/i>(\u2018A Serious Person\u2019) in 2014. She often uses memory as material, mixing layers of memory and detailed descriptions of interiors and things into a story where there is no action in the foreground, only a scene, an existence. Characters often appear through the description of space. A striking example of this is the portrait of the author\u2019s aunt Ellen, once the spouse of [the poet] Juhan Smuul, of whom she speaks, in addition to the story in <i>Vikerkaar<\/i>, also in the novel <i>Mitte ainult minu t\u00e4di Ellen <\/i>(\u2018Not Only My Aunt Ellen\u2019, 2020). Through the pictures from memory and descriptions of objects, expressed in the first person by the author, emerges the story of a solitary woman (going mad). Through the imagery of objects and spaces, generalisations about a generation and the world take shape, also in the collection <i>Ilus Elviira <\/i>(\u2018Beautiful Elviira\u2019, 2015). The novel <i>Poola poisid <\/i>(\u2018The Polish Boys\u2019, 2019), which depicts the world of the young, is the story of a generation, inspired by the ZA\/UM grouping, placed in a Polish context.<\/span><\/span><\/span><\/span>\n<\/p>\n<p style=\"margin-bottom:0.11in\">\n\t<span style=\"color:#000000\"><span style=\"font-size:13px\"><span style=\"font-family:Verdana,Geneva,sans-serif\"><span style=\"line-height:108%\">Mudlum\u2019s criticism and essays are collected in <i>\u00dcmberjutustaja <\/i>(\u2018The Reteller\u2019, 2017).<i> <\/i> <\/span><\/span><\/span><\/span>\n<\/p>\n<p style=\"margin-bottom:0.11in\">\n\t<span style=\"color:#000000\"><span style=\"font-size:13px\"><span style=\"font-family:Verdana,Geneva,sans-serif\"><span style=\"line-height:108%\">She has won the Friedebert Tuglas short story prize for the story <i>Ilma alguseta, ilma l\u00f5puta<\/i> (\u2018Without a Beginning, Without an End\u2019) from the collection <i>Linnu silmad <\/i>(\u2018Bird\u2019s Eyes\u2019, 2016); in 2019 she won a \u2018Live and shine\u2019 stipend as well as the Literature Endowment annual award for <i>Poola poisid, <\/i>which also won the European Union literature prize in 2020.<\/span><\/span><\/span><\/span>\n<\/p>\n<p style=\"margin-bottom:0.11in\">\n\t<span style=\"color:#000000\"><span style=\"font-size:13px\"><span style=\"font-family:Verdana,Geneva,sans-serif\"><span style=\"line-height:108%\"><i>A. K. (Translated by C. M.)<\/i><\/span><\/span><\/span><\/span>\n<\/p>\n<p><span style=\"color:#000000\"><strong><span style=\"font-size:16px\"><span style=\"font-family: verdana, geneva\">Books in Estonian<\/span><\/span><\/strong><\/span>\n<\/p>\n<p>\n\t<span style=\"color:#000000\"><span style=\"font-size:13px\"><span style=\"font-family: verdana, geneva\"><strong><em>Novels<\/em><\/strong><br><strong>Poola poisid<\/strong>. Tallinn: Strata, 2019, 399 lk.<\/span><br><span style=\"font-family:Verdana,Geneva,sans-serif\"><span style=\"line-height:150%\"><strong>Mitte ainult minu t\u00e4di Ellen<\/strong>. Tallinn: Strata, 2020, 207 lk.<\/span><\/span><\/span><\/span>\n<\/p>\n<p>\n\t<span style=\"color:#000000\"><span style=\"font-size:13px\"><span style=\"font-family: verdana, geneva\"><strong><em>Stories<\/em><\/strong><br><strong>T\u00f5sine inimene<\/strong>. Tallinn: ZA\/UM, 2014, 199 lk.<br><strong>T\u00f5sine inimene. Bonus Track, ehk, V\u00f5idab see, kes k\u00f5ige kauem v\u00f5itleb<\/strong>. Tallinn: Mudlum, 2014. [E-raamat.]<br><strong>Ilus Elviira<\/strong>. Burleskne jutustus. Tallinn: Eesti Keele Sihtasutus, 2015, 230 lk.<br><strong>Linnu silmad<\/strong>. Tallinn: Eesti Keele Sihtasutus, 2016, 180 lk.<\/span><\/span><\/span>\n<\/p>\n<p>\n\t<span style=\"color:#000000\"><span style=\"font-size:13px\"><span style=\"font-family: verdana, geneva\"><strong><em>Non-fiction<\/em><\/strong><br><strong>\u00dcmberjutustaja<\/strong>. Tartu: Elusamus, 2017, 302 lk. [Arvustused.]<\/span><\/span><\/span><\/p>\n","protected":false},"excerpt":{"rendered":"<p>Short stories \u00a0 \u00a0 Mudlum (given name Made Luiga, b. 31. VII 1966) is a prose writer and literary critic. She was born in P\u00e4rnu, educated in P\u00e4rnu, Paide and Tallinn, at the Estonian Institute of the Humanities and graduated &#8230;<\/p>\n","protected":false},"author":43,"featured_media":0,"parent":642,"menu_order":0,"comment_status":"closed","ping_status":"closed","template":"","meta":{"_acf_changed":false,"inline_featured_image":false,"footnotes":""},"class_list":["post-914","page","type-page","status-publish","hentry"],"acf":[],"_links":{"self":[{"href":"https:\/\/sisu.ut.ee\/ewod\/wp-json\/wp\/v2\/pages\/914","targetHints":{"allow":["GET"]}}],"collection":[{"href":"https:\/\/sisu.ut.ee\/ewod\/wp-json\/wp\/v2\/pages"}],"about":[{"href":"https:\/\/sisu.ut.ee\/ewod\/wp-json\/wp\/v2\/types\/page"}],"author":[{"embeddable":true,"href":"https:\/\/sisu.ut.ee\/ewod\/wp-json\/wp\/v2\/users\/43"}],"replies":[{"embeddable":true,"href":"https:\/\/sisu.ut.ee\/ewod\/wp-json\/wp\/v2\/comments?post=914"}],"version-history":[{"count":1,"href":"https:\/\/sisu.ut.ee\/ewod\/wp-json\/wp\/v2\/pages\/914\/revisions"}],"predecessor-version":[{"id":4174,"href":"https:\/\/sisu.ut.ee\/ewod\/wp-json\/wp\/v2\/pages\/914\/revisions\/4174"}],"up":[{"embeddable":true,"href":"https:\/\/sisu.ut.ee\/ewod\/wp-json\/wp\/v2\/pages\/642"}],"wp:attachment":[{"href":"https:\/\/sisu.ut.ee\/ewod\/wp-json\/wp\/v2\/media?parent=914"}],"curies":[{"name":"wp","href":"https:\/\/api.w.org\/{rel}","templated":true}]}}