{"id":912,"date":"2024-04-03T23:40:30","date_gmt":"2024-04-03T20:40:30","guid":{"rendered":"https:\/\/sisu.ut.ee\/ewod\/murutar\/"},"modified":"2024-04-04T00:08:45","modified_gmt":"2024-04-03T21:08:45","slug":"murutar","status":"publish","type":"page","link":"https:\/\/sisu.ut.ee\/ewod\/m\/murutar\/","title":{"rendered":"Kati Murutar"},"content":{"rendered":"<p>\n\t<a href=\"https:\/\/sisu.ut.ee\/ewod\/m\/murutar\/stories\"><strong><span style=\"font-family: verdana, geneva;font-size: medium\">Short stories<\/span><\/strong><\/a><strong><span style=\"font-family: verdana, geneva;font-size: medium\"> <\/span><\/strong><span style=\"font-family: verdana, geneva;font-size: medium\"><a href=\"https:\/\/sisu.ut.ee\/wp-content\/uploads\/sites\/108\/kati_murutar_alar_madisson.jpg\" target=\"_self\" rel=\"noopener\"><img decoding=\"async\" alt=\"Kati Murutar\" src=\"https:\/\/sisu.ut.ee\/wp-content\/uploads\/sites\/108\/kati_murutar_alar_madisson.jpg\" style=\"float: right;width: 200px;height: 292px\" title=\"Photo: Alar Madisson\"><\/a><\/span>\n<\/p>\n<p>\n\t<span style=\"font-size:16px\"><strong><span style=\"font-family:Verdana,Geneva,sans-serif\"><a data-url=\"https:\/\/sisu.ut.ee\/ewod\/m\/murutar\/nonfiction\" href=\"https:\/\/sisu.ut.ee\/ewod\/m\/murutar\/nonfiction\" title=\"\">Non-fiction<\/a><\/span><\/strong><\/span>\n<\/p>\n<p>\u00a0\n<\/p>\n<p class=\"15\" style=\"margin-top:5,0000pt;margin-right:0,0000pt;margin-bottom:0,0000pt;margin-left:0,0000pt;text-align:left\">\n\t<span style=\"color:#000000\"><span style=\"font-size:13px\"><span style=\"font-family:Verdana,Geneva,sans-serif\"><span style=\"line-height:150%\"><span style=\"line-height:150%\">Kati Murutar (until\u00a01988 Vasar, 1988-2010<\/span>\u00a0<span style=\"line-height:150%\">Murutar; 2010\u20132011 Murdmaa, 2011-2020\u00a0Kati Saara Vatmann, from\u00a02020 Kati Saara Borodina, born 21. III 1967) is a prose writer, screenwriter and journalist.<\/span><\/span><\/span><\/span><\/span>\n<\/p>\n<p class=\"15\" style=\"margin-top:5,0000pt;margin-right:0,0000pt;margin-bottom:0,0000pt;margin-left:0,0000pt;text-align:left\">\n\t<span style=\"color:#000000\"><span style=\"font-size:13px\"><span style=\"font-family:Verdana,Geneva,sans-serif\"><span style=\"line-height:150%\"><span style=\"line-height:150%\">She was born in Tallinn, her childhood and school years were spent in P\u00e4rnu. She studied journalism at Tartu State University from 1985-1990. She has worked for various magazines, at Radio 2 and Radio Elmar, collaborated for the screen and worked at the publishing house Elmatar. She joined the Estonian Writers\u2019 Union in 1995 and the Estonian Association of Journalists in 1998. At the 2005 play competition of the Estonian Play Agency, her play <\/span><i><span style=\"line-height:150%\"><span style=\"font-style:italic\">Pidu!<\/span><\/span><\/i><span style=\"line-height:150%\">\u00a0(\u2018Party!\u2019) received recognition and her novel <\/span><i><span style=\"line-height:150%\"><span style=\"font-style:italic\">Abitu <\/span><\/span><\/i><span style=\"line-height:150%\">(\u2018Helpless\u2019, 1995) was recognized at the 1994 Faatum novel competition as well.<\/span><\/span><\/span><\/span><\/span>\n<\/p>\n<p class=\"15\" style=\"margin-top:5,0000pt;margin-right:0,0000pt;margin-bottom:0,0000pt;margin-left:0,0000pt;text-align:left\">\n\t<span style=\"color:#000000\"><span style=\"font-size:13px\"><span style=\"font-family:Verdana,Geneva,sans-serif\"><span style=\"line-height:150%\"><span style=\"line-height:150%\">Murutar\u2019s sensational first novel <\/span><i><span style=\"line-height:150%\"><span style=\"font-style:italic\">Naisena s\u00fcndinud <\/span><\/span><\/i><span style=\"line-height:150%\">(\u2018Born a Woman\u2019, 1992) marks the new trends in newly independent Estonian literature, in which themes that were not formerly spoken of are now handled in novel ways. The novel openly depicts the sex life of a young woman and uses straightforward language rich in vulgarisms. The marketing accompanying the novel was also noteworthy as this was not common practice in Estonian literature. The media has played an important role in Murutar\u2019s later works and other ventures as well. Common themes in her works are the female body, sexuality and being a woman, e.g. in <\/span><i><span style=\"line-height:150%\"><span style=\"font-style:italic\">Abitu <\/span><\/span><\/i><span style=\"line-height:150%\">(\u2018Helpless\u2019, 1995) and <\/span><i><span style=\"line-height:150%\"><span style=\"font-style:italic\">Ettevaatust, Emma! <\/span><\/span><\/i><span style=\"line-height:150%\">(\u2018Look Out, Emma!\u2019, 2002). A novel approach is taken in the novel <\/span><i><span style=\"line-height:150%\"><span style=\"font-style:italic\">Mina ise ju!<\/span><\/span><\/i><span style=\"line-height:150%\">\u00a0(\u2018All Me!\u2019, 1993), in which events are first depicted from the point of view of the fetus and then the newborn.<\/span><\/span><\/span><\/span><\/span>\n<\/p>\n<p class=\"15\" style=\"margin-top:5,0000pt;margin-right:0,0000pt;margin-bottom:0,0000pt;margin-left:0,0000pt;text-align:left\">\n\t<span style=\"color:#000000\"><span style=\"font-size:13px\"><span style=\"font-family:Verdana,Geneva,sans-serif\"><span style=\"line-height:150%\"><span style=\"line-height:150%\">She has written about Estonian gypsies in the novel <\/span><i><span style=\"line-height:150%\"><span style=\"font-style:italic\">Mustlasena s\u00fcndinud<\/span><\/span><\/i><span style=\"line-height:150%\">\u00a0(\u2018Born Gypsy\u2019, 1999) and of Isadora Duncan and Marlene Dietrich in the novel <\/span><i><span style=\"line-height:150%\"><span style=\"font-style:italic\">Igavestel alleedel<\/span><\/span><\/i><span style=\"line-height:150%\">\u00a0(\u2018On Eternal Avenues\u2019, 2003). The play <\/span><i><span style=\"line-height:150%\"><span style=\"font-style:italic\">Marlene <\/span><\/span><\/i><span style=\"line-height:150%\">based on Dietrich\u2019s life was staged in Vanemuine in 1996.<\/span><\/span><\/span><\/span><\/span>\n<\/p>\n<p class=\"15\" style=\"margin-top:5,0000pt;margin-right:0,0000pt;margin-bottom:0,0000pt;margin-left:0,0000pt;text-align:left\">\n\t<span style=\"color:#000000\"><span style=\"font-size:13px\"><span style=\"font-family:Verdana,Geneva,sans-serif\"><span style=\"line-height:150%\"><span style=\"line-height:150%\">She has written screenplays and based on them, short stories as well, e.g. <\/span><i><span style=\"line-height:150%\"><span style=\"font-style:italic\">\u00d5nne t\u00e4nava lood I-III<\/span><\/span><\/i><span style=\"line-height:150%\">\u00a0(\u2018\u00d5nne Street Stories\u2019 I-III, 1997).<\/span><\/span><\/span><\/span><\/span>\n<\/p>\n<p class=\"15\" style=\"margin-top:5,0000pt;margin-right:0,0000pt;margin-bottom:0,0000pt;margin-left:0,0000pt;text-align:left\">\n\t<span style=\"color:#000000\"><span style=\"font-size:13px\"><span style=\"font-family:Verdana,Geneva,sans-serif\"><span style=\"line-height:150%\"><i><span style=\"line-height:150%\"><span style=\"font-style:italic\">A. K. (Translated by A. S.)<\/span><\/span><\/i><\/span><\/span><\/span><\/span>\n<\/p>\n<p style=\"margin-bottom:6,0000pt;text-align:left\">\n<\/p><p><span style=\"color:#000000\"><span style=\"font-size:16px\"><span style=\"font-family:Verdana,Geneva,sans-serif\"><span style=\"line-height:150%\"><b><span style=\"line-height:150%\"><span style=\"font-weight:bold\">Books in Estonian<\/span><\/span><\/b><\/span><\/span><\/span><\/span>\n<\/p>\n<p style=\"margin-bottom:6,0000pt;text-align:left\">\n\t<span style=\"color:#000000\"><span style=\"font-size:13px\"><span style=\"font-family:Verdana,Geneva,sans-serif\"><span style=\"line-height:150%\"><em><b><span style=\"line-height:150%\"><span style=\"font-weight:bold\">Novels<\/span><\/span><\/b><\/em><br><span style=\"line-height:150%\"><strong>Naisena s\u00fcndinud<\/strong>. P\u00e4rnu: Perona, 1992, 214 lk.<\/span><br><span style=\"line-height:150%\"><strong>Mina ise ju! Otsapotsa lugu<\/strong>. Tartu: Elmatar, 1993, 253 lk.<\/span><br><span style=\"line-height:150%\"><strong>Abitu<\/strong>. Tallinn: Faatum, 1995, 236 lk.<\/span><br><span style=\"line-height:150%\"><strong>Mustlasena s\u00fcndinud<\/strong>. Tartu: Elmatar, 1999, 255 lk.<\/span><br><span style=\"line-height:150%\"><strong>Ettevaatust, Emma!<\/strong>. Tallinn: Vastus, 2002, 179 lk.<\/span><br><span style=\"line-height:150%\"><strong>Igavestel alleedel<\/strong>. Tallinn: Ilo, 2003, 421 lk.<\/span><br><span style=\"line-height:150%\"><strong>Naisena s\u00fcndinud kaksk\u00fcmmend aastat hiljem. 1. osa<\/strong>. Tartu: Petrone Print, 2008, 295 lk.<\/span><br><span style=\"line-height:150%\"><strong>Naisena s\u00fcndinud kaksk\u00fcmmend aastat hiljem. 2. osa<\/strong>. Tartu: Petrone Print, 2008, 399 lk.<\/span><br><span style=\"line-height:150%\"><strong>\u2026 ja mere \u00e4\u00e4res v\u00e4ike maja<\/strong>. Tallinn: Ajakirjade Kirjastus, 2009, 206 lk.<\/span><br><span style=\"line-height:150%\">Kati Saara Vatmann,\u00a0<strong>T\u00e4isring II<\/strong>. P\u00e4rnu: Hea Tegu, 2016, 142 lk.<\/span><\/span><\/span><\/span><\/span>\n<\/p>\n<p style=\"margin-bottom:6,0000pt;text-align:left\">\n\t<span style=\"color:#000000\"><span style=\"font-size:13px\"><span style=\"font-family:Verdana,Geneva,sans-serif\"><span style=\"line-height:150%\"><em><b><span style=\"line-height:150%\"><span style=\"font-weight:bold\">Short stories<\/span><\/span><\/b><\/em><br><span style=\"line-height:150%\"><strong>Kati jututar 1983-1993<\/strong>: katkendeid romaanist ja jutud. Tartu: Elmatar, 1993, 79 lk.<\/span><br><span style=\"line-height:150%\"><strong>\u00d5nne t\u00e4nava lood 1<\/strong>. Tartu: Elmatar, 1997, 190 lk.<\/span><br><span style=\"line-height:150%\"><strong>\u00d5nne t\u00e4nava lood 2<\/strong>. Tartu: Elmatar, 1997, 254 lk.<\/span><br><span style=\"line-height:150%\"><strong>\u00d5nne t\u00e4nava lood 3<\/strong>. Tartu: Elmatar, 1997, 174 lk.<\/span><br><span style=\"line-height:150%\"><strong>Puugid kuubis<\/strong>: jutustused. Tallinn: Vastus, 2004, 175 lk.<\/span><br><span style=\"line-height:150%\"><strong>D\u017eungliseaduste vangid<\/strong>: jutustus. Tartu: Elmatar, 2005, 462 lk.<\/span><br><span style=\"line-height:150%\">Kati Saara Vatmann, <strong>Anita ja UFO<\/strong>. P\u00e4rnu: Hea Tegu, 2014, 225 lk.<\/span><br><span style=\"line-height:150%\">Kati Saara Vatmann, <strong>Tuusik teisele kaldale<\/strong>. P\u00e4rnu: Hea Tegu, 2014, 340 lk.<\/span><\/span><\/span><\/span><\/span>\n<\/p>\n<p style=\"margin-bottom:6,0000pt;text-align:left\">\n\t<span style=\"color:#000000\"><span style=\"font-size:13px\"><span style=\"font-family:Verdana,Geneva,sans-serif\"><span style=\"line-height:150%\"><em><b><span style=\"line-height:150%\"><span style=\"font-weight:bold\">Plays<\/span><\/span><\/b><\/em><br><span style=\"line-height:150%\"><strong>Lagerii: n\u00e4idendid 1995-2005<\/strong>. Tartu: Petrone Print, 2007, 288 lk.<\/span><br><span style=\"line-height:150%\">Kati Saara Vatmann, <strong>Mustrimuutjad<\/strong>. P\u00e4rnu: Hea Tegu, 2016, 234 lk.\u00a0[2. tr\u00fckk:\u00a02017.]<\/span><br><span style=\"line-height:150%\">Kati Saara Vatmann, <strong>T\u00e4isring I<\/strong>. P\u00e4rnu: Hea Tegu, 2016, 128 lk.<\/span><\/span><\/span><\/span><\/span>\n<\/p>\n<p style=\"margin-bottom:6,0000pt;text-align:left\">\n\t<span style=\"color:#000000\"><span style=\"font-size:13px\"><span style=\"font-family:Verdana,Geneva,sans-serif\"><span style=\"line-height:150%\"><em><b><span style=\"line-height:150%\"><span style=\"font-weight:bold\">Travelogues<\/span><\/span><\/b><\/em><br><span style=\"line-height:150%\"><strong>K\u00fcmme neegrit Katju\u0161aga<\/strong>. Tartu: Elmatar, 2004, 231 lk.<\/span><\/span><\/span><\/span><\/span>\n<\/p>\n<p style=\"margin-bottom:6,0000pt;text-align:left\">\n\t<span style=\"color:#000000\"><span style=\"font-size:13px\"><span style=\"font-family:Verdana,Geneva,sans-serif\"><span style=\"line-height:150%\"><em><b><span style=\"line-height:150%\"><span style=\"font-weight:bold\">Children\u2019s stories<\/span><\/span><\/b><\/em><br><span style=\"line-height:150%\"><strong>Tuudur, Prints ja gripp<\/strong>: muinasjutud. Tallinn: T\u00e4nap\u00e4ev, 2005, 146 lk.<\/span><br><span style=\"line-height:150%\">Kati Saara Murutar, <strong>J\u00e4nku-Jussi lood<\/strong>. Tallinn: TEA, 2010, 55 lk.\u00a0[2. tr\u00fckk:\u00a02014.]<\/span><\/span><\/span><\/span><\/span>\n<\/p>\n<p style=\"margin-bottom:6,0000pt;text-align:left\">\n\t<span style=\"color:#000000\"><span style=\"font-size:13px\"><span style=\"font-family:Verdana,Geneva,sans-serif\"><span style=\"line-height:150%\"><em><b><span style=\"line-height:150%\"><span style=\"font-weight:bold\">Miscellaneous<\/span><\/span><\/b><\/em><br><span style=\"line-height:150%\"><strong>Eedeni aed<\/strong>. Tallinn: Eesti Ekspressi Kirjastus, 2007, 256 lk.<\/span><br><span style=\"line-height:150%\"><strong>Viimnekuu: viienda lapse ootamise viimase kuu p\u00e4evik<\/strong>. Tallinn: \u00dchinenud Ajakirjad, 2007, 222 lk.<\/span><br><span style=\"line-height:150%\"><strong>Talv Eedenis. 1. osa<\/strong>. Tallinn: Stella Borealis, 2010, 256 lk.<\/span><br><span style=\"line-height:150%\"><strong>Projektilaps P\u00e4rnust<\/strong>. Tartu: Petrone print, 2011, 200 lk.<\/span><br><span style=\"line-height:150%\">Kati Saara Vatmann, <strong>T\u00e4isring III<\/strong>. P\u00e4rnu: Hea Tegu, 2016, 303 lk.<\/span><br><span style=\"line-height:150%\">Kati S. V. Murutar, <strong>S\u00fcdamesalu salav\u00e4gi<\/strong>. J\u00e4divere: Heli Kirjastus, 2017, 94 lk.<\/span><\/span><\/span><\/span><\/span><\/p>\n","protected":false},"excerpt":{"rendered":"<p>Short stories Non-fiction \u00a0 Kati Murutar (until\u00a01988 Vasar, 1988-2010\u00a0Murutar; 2010\u20132011 Murdmaa, 2011-2020\u00a0Kati Saara Vatmann, from\u00a02020 Kati Saara Borodina, born 21. III 1967) is a prose writer, screenwriter and journalist. She was born in Tallinn, her childhood and school years were &#8230;<\/p>\n","protected":false},"author":43,"featured_media":0,"parent":642,"menu_order":0,"comment_status":"closed","ping_status":"closed","template":"","meta":{"_acf_changed":false,"inline_featured_image":false,"footnotes":""},"class_list":["post-912","page","type-page","status-publish","hentry"],"acf":[],"_links":{"self":[{"href":"https:\/\/sisu.ut.ee\/ewod\/wp-json\/wp\/v2\/pages\/912","targetHints":{"allow":["GET"]}}],"collection":[{"href":"https:\/\/sisu.ut.ee\/ewod\/wp-json\/wp\/v2\/pages"}],"about":[{"href":"https:\/\/sisu.ut.ee\/ewod\/wp-json\/wp\/v2\/types\/page"}],"author":[{"embeddable":true,"href":"https:\/\/sisu.ut.ee\/ewod\/wp-json\/wp\/v2\/users\/43"}],"replies":[{"embeddable":true,"href":"https:\/\/sisu.ut.ee\/ewod\/wp-json\/wp\/v2\/comments?post=912"}],"version-history":[{"count":1,"href":"https:\/\/sisu.ut.ee\/ewod\/wp-json\/wp\/v2\/pages\/912\/revisions"}],"predecessor-version":[{"id":4172,"href":"https:\/\/sisu.ut.ee\/ewod\/wp-json\/wp\/v2\/pages\/912\/revisions\/4172"}],"up":[{"embeddable":true,"href":"https:\/\/sisu.ut.ee\/ewod\/wp-json\/wp\/v2\/pages\/642"}],"wp:attachment":[{"href":"https:\/\/sisu.ut.ee\/ewod\/wp-json\/wp\/v2\/media?parent=912"}],"curies":[{"name":"wp","href":"https:\/\/api.w.org\/{rel}","templated":true}]}}