{"id":91,"date":"2024-04-03T23:39:21","date_gmt":"2024-04-03T20:39:21","guid":{"rendered":"https:\/\/sisu.ut.ee\/ewod\/ivarsoopan\/"},"modified":"2024-04-04T00:11:01","modified_gmt":"2024-04-03T21:11:01","slug":"ivarsoopan","status":"publish","type":"page","link":"https:\/\/sisu.ut.ee\/ewod\/s\/ivarsoopan\/","title":{"rendered":"Ivar Soopan"},"content":{"rendered":"<p>\n\t<span style=\"color:#000000\"><span style=\"font-size:13px\"><span style=\"font-family:Verdana,Geneva,sans-serif\"><a href=\"https:\/\/sisu.ut.ee\/wp-content\/uploads\/sites\/108\/ivar_soopan_alar_madisson.jpg\" target=\"_self\" rel=\"noopener\"><img decoding=\"async\" alt=\"Ivar Soopan\" src=\"https:\/\/sisu.ut.ee\/wp-content\/uploads\/sites\/108\/ivar_soopan_alar_madisson_vaike.jpg\" style=\"float: right;width: 200px;height: 303px\" title=\"Photo: Alar Madisson\"><\/a><\/span><\/span><\/span><\/p>\n<p>Ivar Soopan (born 10 December 1971) is a journalist and writer.\n<\/p>\n<p>\n\t<span style=\"color:#000000\"><span style=\"font-size:13px\"><span style=\"font-family:Verdana,Geneva,sans-serif\">Soopan was born in Tartu. In 1993, he settled in Haapsalu and started working for the local newspaper. From 1998\u20132008, he was a journalist of the <em>P\u00e4evaleht<\/em> newspaper. Thereafter, he worked in Haapsalu again and, in 2010, was the chief editor of the newspaper <em>L\u00e4\u00e4ne Elu<\/em>.<\/span><\/span><\/span>\n<\/p>\n<p>\n\t<span style=\"color:#000000\"><span style=\"font-size:13px\"><span style=\"font-family:Verdana,Geneva,sans-serif\">In April 2011, Soopan created his own news portal <em>L\u00e4\u00e4nlane<\/em>. In addition to working for the portal, he was the correspondent of Estonian Public Broadcasting in L\u00e4\u00e4nemaa and Hiiumaa Counties from May 2011. In March 2015, he started working for the newspaper <em>Maaleht<\/em>. In 2017, Soopan created Reisiportaal.ee, a website of tourism and travel news. From June 2021, he has worked as responsible editor at the enterprise Geenius Meedia.<\/span><\/span><\/span>\n<\/p>\n<p>\n\t<span style=\"color:#000000\"><span style=\"font-size:13px\"><span style=\"font-family:Verdana,Geneva,sans-serif\">Along with working as a journalist, Soopan has written books for children and young readers and published books on his travels as a journalist to the world\u2019s crisis hotspots of wars or natural disasters.<\/span><\/span><\/span>\n<\/p>\n<p>\n\t<em><span style=\"color:#000000\"><span style=\"font-size:13px\"><span style=\"font-family:Verdana,Geneva,sans-serif\">L. P. (Translated by I. A.)<\/span><\/span><\/span><\/em>\n<\/p>\n<p><strong><span style=\"font-size:16px\"><span style=\"color:#000000\"><span style=\"font-family:Verdana,Geneva,sans-serif\">Books in Estonian<\/span><\/span><\/span><\/strong>\n<\/p>\n<p>\n\t<span style=\"color:#000000\"><span style=\"font-size:13px\"><span style=\"font-family:Verdana,Geneva,sans-serif\"><strong><em>Youth books<\/em><\/strong><br><strong>K\u00f5ik poisid ei saa suureks<\/strong>. Tallinn: Eesti P\u00e4evaleht, 2008. 174 lk.<br><strong>Head pahad poisid<\/strong>. Tallinn: Eesti P\u00e4evaleht, 2009. 155 lk.<br><strong>\u00d5hulossivanaisa<\/strong>. Tallinn: T\u00e4nap\u00e4ev, 2015. 91 lk.<\/span><\/span><\/span>\n<\/p>\n<p>\n\t<span style=\"color:#000000\"><span style=\"font-size:13px\"><span style=\"font-family:Verdana,Geneva,sans-serif\"><strong><em>Documentary books<\/em><\/strong><br><strong>Tappev uudishimu. Viis aastat Iraagi s\u00f5da \u2013 ajakirjaniku jutustus t\u00f6\u00f6st kriisikoldes<\/strong>. Tallinn: Eesti P\u00e4evaleht, 2008. 297 lk.<br><strong>R\u00e4nnakud murtud maal. Reisid sajandi suurimate looduskatastroofide j\u00e4lgedes<\/strong>. Tallinn: Eesti P\u00e4evaleht: Hea Lugu, 2012. 250 lk.<\/span><\/span><\/span>\n<\/p>\n<p>\n\t<span style=\"color:#000000\"><span style=\"font-size:13px\"><span style=\"font-family:Verdana,Geneva,sans-serif\"><strong><em>Manual<\/em><\/strong><br><strong>Seljakotiaabits<\/strong>. Tallinn: Eesti P\u00e4evaleht, 2010. 87 lk.<\/span><\/span><\/span><\/p>\n","protected":false},"excerpt":{"rendered":"<p>Ivar Soopan (born 10 December 1971) is a journalist and writer. Soopan was born in Tartu. In 1993, he settled in Haapsalu and started working for the local newspaper. From 1998\u20132008, he was a journalist of the P\u00e4evaleht newspaper. Thereafter, &#8230;<\/p>\n","protected":false},"author":43,"featured_media":0,"parent":697,"menu_order":0,"comment_status":"closed","ping_status":"closed","template":"","meta":{"_acf_changed":false,"inline_featured_image":false,"footnotes":""},"class_list":["post-91","page","type-page","status-publish","hentry"],"acf":[],"_links":{"self":[{"href":"https:\/\/sisu.ut.ee\/ewod\/wp-json\/wp\/v2\/pages\/91","targetHints":{"allow":["GET"]}}],"collection":[{"href":"https:\/\/sisu.ut.ee\/ewod\/wp-json\/wp\/v2\/pages"}],"about":[{"href":"https:\/\/sisu.ut.ee\/ewod\/wp-json\/wp\/v2\/types\/page"}],"author":[{"embeddable":true,"href":"https:\/\/sisu.ut.ee\/ewod\/wp-json\/wp\/v2\/users\/43"}],"replies":[{"embeddable":true,"href":"https:\/\/sisu.ut.ee\/ewod\/wp-json\/wp\/v2\/comments?post=91"}],"version-history":[{"count":1,"href":"https:\/\/sisu.ut.ee\/ewod\/wp-json\/wp\/v2\/pages\/91\/revisions"}],"predecessor-version":[{"id":4975,"href":"https:\/\/sisu.ut.ee\/ewod\/wp-json\/wp\/v2\/pages\/91\/revisions\/4975"}],"up":[{"embeddable":true,"href":"https:\/\/sisu.ut.ee\/ewod\/wp-json\/wp\/v2\/pages\/697"}],"wp:attachment":[{"href":"https:\/\/sisu.ut.ee\/ewod\/wp-json\/wp\/v2\/media?parent=91"}],"curies":[{"name":"wp","href":"https:\/\/api.w.org\/{rel}","templated":true}]}}