{"id":908,"date":"2024-04-03T23:40:30","date_gmt":"2024-04-03T20:40:30","guid":{"rendered":"https:\/\/sisu.ut.ee\/ewod\/stories-et-94\/"},"modified":"2024-04-04T00:08:44","modified_gmt":"2024-04-03T21:08:44","slug":"stories","status":"publish","type":"page","link":"https:\/\/sisu.ut.ee\/ewod\/s\/samaruutel\/stories\/","title":{"rendered":"Mihkel Samar\u00fc\u00fctel &#8211; short stories"},"content":{"rendered":"<p><span style=\"font-family: verdana, geneva;font-size: medium\"><strong>In anthologies and magazines<\/strong><\/span><\/p>\n<p><span style=\"font-family: verdana, geneva\"><strong><em>Hungarian<\/em><\/strong><\/span><br><span style=\"font-family: verdana, geneva\"><strong>10 pm \u2013 3 am<\/strong>. \u2013 Pluralica, no 1-2, 2009, pp 98-103. [<span style=\"font-family: verdana, geneva\">See\u00a0<\/span><a href=\"https:\/\/sisu.ut.ee\/ewod\/anthologies\/pluralica\"><strong>contents<\/strong><\/a><span style=\"font-family: verdana, geneva\">\u00a0of the special issue of contemporary Estonian literature.]<br><span style=\"font-family: verdana, geneva\"><strong>Nonmusical Compilation of Dreamworks<\/strong>. Translated by Csire M\u00e1rta and Marju Ilves.\u00a0<span style=\"font-family: verdana, geneva\">\u2013\u00a0<\/span><span style=\"font-family: verdana, geneva\">Kookonist kooruv liblikas. I &amp; II: l\u00fchiproosat sajandil\u00f5pu Eestist = Babjabol kikelo pillango. I &amp; II: mint\u00e1k a sz\u00e1zzadv\u00e9gi \u00c9szt r\u00f6vidpr\u00f3z\u00e1b\u00f3l<\/span><span style=\"font-family: verdana, geneva\">. Selected, edited and foreword by Mai Kiisk-Bereczki. Translated by Bereczki G\u00e1bor, illustrations by Masszi Ferenc. Szombathely: Berzsenyi Daniel F\u00f6iskola, 2002, 190 +252 pp. [Parallel text in Estonian and Hungarian. See\u00a0<strong><a href=\"https:\/\/sisu.ut.ee\/ewod\/anthologies\/kookon\">contents<\/a>\u00a0<\/strong>of the anthology.]<\/span><\/span><br><\/span><\/span><\/p>\n","protected":false},"excerpt":{"rendered":"<p>In anthologies and magazines Hungarian10 pm \u2013 3 am. \u2013 Pluralica, no 1-2, 2009, pp 98-103. [See\u00a0contents\u00a0of the special issue of contemporary Estonian literature.]Nonmusical Compilation of Dreamworks. Translated by Csire M\u00e1rta and Marju Ilves.\u00a0\u2013\u00a0Kookonist kooruv liblikas. I &amp; II: l\u00fchiproosat &#8230;<\/p>\n","protected":false},"author":43,"featured_media":0,"parent":898,"menu_order":0,"comment_status":"closed","ping_status":"closed","template":"","meta":{"_acf_changed":false,"inline_featured_image":false,"footnotes":""},"class_list":["post-908","page","type-page","status-publish","hentry"],"acf":[],"_links":{"self":[{"href":"https:\/\/sisu.ut.ee\/ewod\/wp-json\/wp\/v2\/pages\/908","targetHints":{"allow":["GET"]}}],"collection":[{"href":"https:\/\/sisu.ut.ee\/ewod\/wp-json\/wp\/v2\/pages"}],"about":[{"href":"https:\/\/sisu.ut.ee\/ewod\/wp-json\/wp\/v2\/types\/page"}],"author":[{"embeddable":true,"href":"https:\/\/sisu.ut.ee\/ewod\/wp-json\/wp\/v2\/users\/43"}],"replies":[{"embeddable":true,"href":"https:\/\/sisu.ut.ee\/ewod\/wp-json\/wp\/v2\/comments?post=908"}],"version-history":[{"count":1,"href":"https:\/\/sisu.ut.ee\/ewod\/wp-json\/wp\/v2\/pages\/908\/revisions"}],"predecessor-version":[{"id":4168,"href":"https:\/\/sisu.ut.ee\/ewod\/wp-json\/wp\/v2\/pages\/908\/revisions\/4168"}],"up":[{"embeddable":true,"href":"https:\/\/sisu.ut.ee\/ewod\/wp-json\/wp\/v2\/pages\/898"}],"wp:attachment":[{"href":"https:\/\/sisu.ut.ee\/ewod\/wp-json\/wp\/v2\/media?parent=908"}],"curies":[{"name":"wp","href":"https:\/\/api.w.org\/{rel}","templated":true}]}}