{"id":906,"date":"2024-04-03T23:40:30","date_gmt":"2024-04-03T20:40:30","guid":{"rendered":"https:\/\/sisu.ut.ee\/ewod\/oksanen\/"},"modified":"2024-04-04T00:08:44","modified_gmt":"2024-04-03T21:08:44","slug":"oksanen","status":"publish","type":"page","link":"https:\/\/sisu.ut.ee\/ewod\/o\/oksanen\/","title":{"rendered":"Sofi Oksanen"},"content":{"rendered":"<p>\n\t<a href=\"https:\/\/sisu.ut.ee\/ewod\/o\/oksanen\/novels\"><strong><span style=\"font-size: medium;font-family: verdana, geneva\">Novels<\/span><\/strong><\/a>\n<\/p>\n<p>\n\t\u00a0\n<\/p>\n<p>\n\t<span style=\"font-size:13px\"><span style=\"font-family:Verdana,Geneva,sans-serif\">Sofi Oksanen (given name Sofi-Elina Oksanen, b. 7. I 1977) is a writer of Estonian origin, in whose works, originally written in Finnish, she has dealt extensively with the tragic events of Estonia\u2019s recent history.<\/span><\/span>\n<\/p>\n<p>\n\t<span style=\"font-size:13px\"><span style=\"font-family:Verdana,Geneva,sans-serif\">She was born in Jyv\u00e4skyl\u00e4. Her mother is Estonian and her father is Finnish. She studied literature at the University of Helsinki and drama at the Helsinki Theatre Academy.<\/span><\/span>\n<\/p>\n<p>\n\t<span style=\"font-size:13px\"><span style=\"font-family:Verdana,Geneva,sans-serif\">Sofi Oksanen has created from ordinary everyday material works with exciting, gripping plots and memorable imagery. She has won recognition for her works on Estonian themes. The events she writes about (the Second World War, the deportations, the great changes in society after the war, political affairs in peace-time and violence) are often tragic, and affect the daily lives of many people over several generations.<\/span><\/span>\n<\/p>\n<p>\n\t<span style=\"font-size:13px\"><span style=\"font-family:Verdana,Geneva,sans-serif\">Oksanen is very well known internationally; her works have been translated into more than forty languages, and as of 2020 more than two million copies have been sold. At the same time, Oksanen\u2019s work has aroused conflicting reactions among Estonian critics: on one side it is acknowledged that the painful themes in Estonian history have found a wider public; on the other, she is accused of a simplified treatment of historical material.<\/span><\/span>\n<\/p>\n<p>\n\t<span style=\"font-size:13px\"><span style=\"font-family:Verdana,Geneva,sans-serif\">Some critics are of the opinion that Oksanen paints in her novels (such as <em>Puhastus<\/em>, published in English in 2010 as Purge) an excessively tragic and violent picture of the Soviet Union. At the same time, Oksanen leaves the reader the opportunity to read and interpret the novel in different ways: it may be a truthful historical work, but at the same time one might read it as a melodramatic story or a thriller.<br>\u00a0<br>Oksanen\u2019s novel <em>Baby Jane<\/em> (2005) speaks of love between women, psychiatric problems, dependence on tranquilizers and the influence of the international pharmaceutical industry on it. <em>Norma<\/em> (2015, in English in 2017) is a family drama with elements of magic realism. <em>Koirapuisto<\/em> (\u2018The Dog Park\u2019, 2019) looks at the relationship between two women and the artificial fertilization business against the background of contemporary Ukraine.<\/span><\/span>\n<\/p>\n<p>\n\t<span style=\"font-size:13px\"><span style=\"font-family:Verdana,Geneva,sans-serif\">Some of Oksanen\u2019s novels (such as <em>Stalinin lehm\u00e4t<\/em>, \u2018Stalin\u2019s Cows\u2019, and Purge) were first written as plays and only later as novels. Purge was first performed in February 2007 at the Finnish National Theatre, and was staged in both Estonia and Sweden. The first performance of Purge at the Vanemuine Theatre took place in September 2010 (directed by Liisa Smith). Purge was also made into a 5-part radio series by ERR (the Estonian broadcasting corporation, director Taago Tubin). In 2011 Purge also had an Off-Off-Broadway premiere at the La MaMa Theatre in New York. Since October 2011 Purge has also been staged independently in Oslo, Paris, London, Lisbon, Madrid, Stockholm, Reykjavik, in Lithuania, Germany and Hungary.<\/span><\/span>\n<\/p>\n<p>\n\t<span style=\"font-size:13px\"><span style=\"font-family:Verdana,Geneva,sans-serif\">For the novel Purge Oksanen received the Finlandia Prize for literature in 2008, the Runeberg literature prize in 2009, the Nordic Council\u2019s literature prize in 2010, and the Nordic Literature prize from the Swedish Academy in 2013 for all her output to that date. Oksanen was chosen as Person of the Year in 2009 by the newspaper <em>Postimees<\/em>, and was awarded the Order of the Cross of Terra Mariana, Class IV, in 2010. In 2009 Oksanen also received an award from the organisers of Helsinki Pride for defending the interests of the LGBT community in the Baltic countries and Russia.<\/span><\/span>\n<\/p>\n<p>\n\t<em><span style=\"font-size:13px\"><span style=\"font-family:Verdana,Geneva,sans-serif\">A. Mv. (Translated by C. M.)<\/span><\/span><\/em>\n<\/p>\n<p><strong><span style=\"font-size: medium;font-family: verdana, geneva\"><span style=\"font-size: small\"><a href=\"http:\/\/www.sofioksanen.com\/\" target=\"_blank\" rel=\"noopener\">www.sofioksanen.com<\/a><\/span><\/span><\/strong><\/p>\n<p>Books in Finnish\n<\/p>\n<p>\n\t<span style=\"font-size: small\"><span style=\"font-family: verdana, geneva\"><strong><em>Novels<\/em><\/strong><br><strong>Stalinin lehm\u00e4t<\/strong>. Helsinki: S\u00f6derstr\u00f6m, 2003, 477 pp.<br><strong>Baby Jane<\/strong>. Helsinki: WSOY, 2005, 231 pp.<br><strong>Puhdistus<\/strong>. Helsinki: WSOY, 2008, 380 pp.<br><strong>Kun kyyhkyset katosivat<\/strong>. Helsinki: LIKE, 2012, 365 pp.<br><strong>Norma<\/strong>. Helsinki: Like, 2015, 303 pp.<\/span><\/span><br><span style=\"font-size:13px\"><span style=\"font-family:Verdana,Geneva,sans-serif\"><strong>Koirapuisto<\/strong>. Helsinki: Like, 2019, 404 pp.<\/span><\/span>\n<\/p>\n<p>\n\t<span style=\"font-size: small\"><span style=\"font-family: verdana, geneva\"><strong><em>Plays<\/em><\/strong><br><strong>Puhdistus: tragedia<\/strong>. Helsinki: WSOY, 2007, 148 pp.<\/span><\/span>\n<\/p>\n<p>\n\t<span style=\"font-size: small\"><span style=\"font-family: verdana, geneva\"><strong><em>Poems<\/em><\/strong><br><strong>Liian lyhyt hame. Kertomuksia keitti\u00f6st\u00e4: laululyriikkaa<\/strong>. Helsinki: Bonnier Kirjat, 2011, 78 pp. <\/span><\/span>\n<\/p>\n<p>\n\t<br><strong><span style=\"font-size:16px\"><span style=\"font-family:Verdana,Geneva,sans-serif\">Books in Estonian<\/span><\/span><\/strong>\n<\/p>\n<p>\n\t<span style=\"font-size:13px\"><span style=\"font-family:Verdana,Geneva,sans-serif\"><strong><em>Novels<\/em><\/strong><br><strong>Stalini lehmad<\/strong>. T\u00f5lkinud Tauno Vahter. Tallinn: T\u00e4nap\u00e4ev,\u00a0 2004, 293 lk. [\u2018Stalinin lehm\u00e4t\u2019. J\u00e4rgnevad tr\u00fckid: 2009, 2014.].<br><strong>Baby Jane<\/strong>. T\u00f5lkinud Tiina Pappel. Tallinn: T\u00e4nap\u00e4ev,\u00a02006, 229 lk. [Teine tr\u00fckk: 2014, e-raamat, 2014.]\u00a0<br><strong>Puhastus<\/strong>. T\u00f5lkinud Jan Kaus. Tallinn: Varrak, 2009, 318 lk. [\u2018Puhdistus\u2019. 2. tr\u00fckk: 2017.]<br><strong>Kui tuvid kadusid<\/strong>. T\u00f5lkinud Jan Kaus. Tallinn: Varrak, 2012, 318 lk. [\u2018Kun kyyhkyset katosivat\u2019.]<br><strong>Norma<\/strong>. T\u00f5lkinud Kadri Jaanits. Tallinn: Varrak, 2016, 293 lk. [E-raamat: 2016.]<\/span><\/span><\/p>\n","protected":false},"excerpt":{"rendered":"<p>Novels \u00a0 Sofi Oksanen (given name Sofi-Elina Oksanen, b. 7. I 1977) is a writer of Estonian origin, in whose works, originally written in Finnish, she has dealt extensively with the tragic events of Estonia\u2019s recent history. She was born &#8230;<\/p>\n","protected":false},"author":43,"featured_media":0,"parent":663,"menu_order":0,"comment_status":"closed","ping_status":"closed","template":"","meta":{"_acf_changed":false,"inline_featured_image":false,"footnotes":""},"class_list":["post-906","page","type-page","status-publish","hentry"],"acf":[],"_links":{"self":[{"href":"https:\/\/sisu.ut.ee\/ewod\/wp-json\/wp\/v2\/pages\/906","targetHints":{"allow":["GET"]}}],"collection":[{"href":"https:\/\/sisu.ut.ee\/ewod\/wp-json\/wp\/v2\/pages"}],"about":[{"href":"https:\/\/sisu.ut.ee\/ewod\/wp-json\/wp\/v2\/types\/page"}],"author":[{"embeddable":true,"href":"https:\/\/sisu.ut.ee\/ewod\/wp-json\/wp\/v2\/users\/43"}],"replies":[{"embeddable":true,"href":"https:\/\/sisu.ut.ee\/ewod\/wp-json\/wp\/v2\/comments?post=906"}],"version-history":[{"count":1,"href":"https:\/\/sisu.ut.ee\/ewod\/wp-json\/wp\/v2\/pages\/906\/revisions"}],"predecessor-version":[{"id":4166,"href":"https:\/\/sisu.ut.ee\/ewod\/wp-json\/wp\/v2\/pages\/906\/revisions\/4166"}],"up":[{"embeddable":true,"href":"https:\/\/sisu.ut.ee\/ewod\/wp-json\/wp\/v2\/pages\/663"}],"wp:attachment":[{"href":"https:\/\/sisu.ut.ee\/ewod\/wp-json\/wp\/v2\/media?parent=906"}],"curies":[{"name":"wp","href":"https:\/\/api.w.org\/{rel}","templated":true}]}}