{"id":904,"date":"2024-04-03T23:40:30","date_gmt":"2024-04-03T20:40:30","guid":{"rendered":"https:\/\/sisu.ut.ee\/ewod\/stories-et-93\/"},"modified":"2024-04-04T00:08:44","modified_gmt":"2024-04-03T21:08:44","slug":"stories","status":"publish","type":"page","link":"https:\/\/sisu.ut.ee\/ewod\/t\/taska\/stories\/","title":{"rendered":"Ilmar Taska &#8211; short stories"},"content":{"rendered":"<p><span style=\"font-family: verdana, geneva;font-size: medium\"><strong>Books<\/strong><\/span><\/p>\n<p><span style=\"font-family: verdana, geneva\"><em><strong>Danish<\/strong><\/em><strong><em><br> <\/em><\/strong><strong>St\u00f8rre end livet: noveller<\/strong>. P\u00e5 dansk ved Birgita Bonde Hansen. K\u00f8benhavn: Jensen &amp; Dalgaard, 2017, 262 pp. [\u2019Parem kui elu ja l\u00fchijutte\u2019.]<strong><em><br> <\/em><\/strong><\/span><\/p>\n<p><span style=\"font-family: verdana, geneva\"><em><strong>Swedish<\/strong><\/em><strong><br> <strong>Sk\u00f6nare \u00e4n livet: noveller<\/strong><\/strong>. \u00d6vers\u00e4ttning: Tiina Meri och Kristine Berglund; illustration: Eveli Varik. [Malm\u00f6]: Soleka, 2014, 109 pp. [\u2019Parem kui elu ja l\u00fchijutte\u2019.]<strong><br> <\/strong><\/span><\/p>\n<p><span style=\"font-size: medium\"><strong style=\"font-family: verdana, geneva\"><br>In compilations, anthologies, magazines<\/strong><\/span><\/p>\n<p><span style=\"font-family: verdana, geneva\"><strong><em>Bulgarian<\/em><\/strong><strong><em><br> <\/em><\/strong>\u0418\u043b\u043c\u0430\u0440 \u0422\u0430\u0441\u043a\u0430,\u00a0<strong>\u0421\u043f\u0440\u0435\u0442\u0435 \u043c\u0443\u0437\u0438\u043a\u0430\u0442\u0430<\/strong>. \u041f\u0440\u0435\u0432\u043e\u0434 \u043e\u0442 \u0435\u0441\u0442\u043e\u043d\u0441\u043a\u0438: \u041f\u043b\u0430\u043c\u0435\u043d \u041f\u0430\u043d\u0430\u0439\u043e\u0442\u043e\u0432. \u2013 Liternet.bg, 2015,\u00a0<a href=\"http:\/\/liternet.bg\/publish27\/ilmar-taska\/sprete-muzikata.htm\">http:\/\/liternet.bg\/publish27\/ilmar-taska\/sprete-muzikata.htm<\/a>. [\u2019Peatage muusika\u2019.]<strong><em><br> <\/em><\/strong><\/span><\/p>\n<p><span style=\"font-family: verdana, geneva\"><strong><em>English<\/em><\/strong><\/span><br><span style=\"font-family: verdana, geneva\"> <strong>A car called Victory.<\/strong><strong>\u00a0<\/strong>\u2013 Estonian Literary Magazine, no 40, 2015.<strong><br> <strong>Apartment for Rent<\/strong><\/strong>.\u00a0Translated by Matthew Hyde.\u00a0\u2013 Best European Fiction 2016. Edited by Nathaniel Davis. Preface by Jon Fosse. Illinois: Dalkey Archives Press, 2015, 296 pp. [\u2019Bann\u00f5i p\u00f5ikt\u00e4nav\u2019.]<br><strong>Lawrence of Arabia<\/strong>. \u2013 Estonian Literature Centre, http:\/\/estlit.ee\/elis\/?cmd=writer&amp;id=08891&amp;txt=3649 [\u2018Araabia Lawrence\u2019.]<br><strong>Ray Charles in Tokyo 12:00 am<\/strong>. \u2013 Estonian Literature Centre, http:\/\/estlit.ee\/elis\/?cmd=writer&amp;id=08891&amp;txt=7403 [\u2018Ray Charles Tokyos kell 12 \u00f6\u00f6sel\u2019.]<br><strong>Stop the Music<\/strong>. \u2013 Velvet Illusion, https:\/\/velvetillusion.com\/2015_vi\/ilmar_taska_prose.php [\u2018Peatage muusika\u2019. Also available here: http:\/\/estlit.ee\/elis\/?cmd=writer&amp;id=08891&amp;txt=4010]<br><strong>The boy<\/strong>. \u2013 Estonian Literature Centre, http:\/\/estlit.ee\/elis\/?cmd=writer&amp;id=08891&amp;txt=7313 [\u2018Poiss\u2019.]<br><\/span><\/p>\n<p><span style=\"font-family: verdana, geneva\"><strong><em>Finnish<\/em><\/strong><br><strong>Vuokralle annetaan<\/strong>. \u2013 Nippernaati: virolaisen kirjallisuuden antologia, no 2. P\u00e4\u00e4toimittaja Sanna Immanen. Helsinki: Viro-instituutti, 2016, 160 pp. [\u2019Bann\u00f5i p\u00f5ikt\u00e4nav\u2019. See <strong><a href=\"https:\/\/sisu.ut.ee\/ewod\/anthologies\/finnish\/nippernaati2\">contents<\/a><\/strong> of the anthology. Read\/download full text <strong><a href=\"http:\/\/www.digar.ee\/arhiiv\/et\/raamatud\/68130\" target=\"_blank\" rel=\"noopener\">here<\/a><\/strong>.]<br><\/span><\/p>\n<p><span style=\"font-family: verdana, geneva\"><strong><em>Swedish<\/em><\/strong><br><strong>Banjagr\u00e4nden<\/strong>. \u00d6vers\u00e4ttning av Kristine Berglund, Tiina Meri. \u2013 Estonian Literature Centre, http:\/\/estlit.ee\/elis\/?cmd=writer&amp;id=08891&amp;txt=6555 <span style=\"font-family: verdana, geneva\">[\u2018Bann\u00f5i p\u00f5ikt\u00e4nav\u2019.]<\/span><\/span><\/p>\n","protected":false},"excerpt":{"rendered":"<p>Books Danish St\u00f8rre end livet: noveller. P\u00e5 dansk ved Birgita Bonde Hansen. K\u00f8benhavn: Jensen &amp; Dalgaard, 2017, 262 pp. [\u2019Parem kui elu ja l\u00fchijutte\u2019.] Swedish Sk\u00f6nare \u00e4n livet: noveller. \u00d6vers\u00e4ttning: Tiina Meri och Kristine Berglund; illustration: Eveli Varik. [Malm\u00f6]: Soleka, &#8230;<\/p>\n","protected":false},"author":43,"featured_media":0,"parent":1390,"menu_order":0,"comment_status":"closed","ping_status":"closed","template":"","meta":{"_acf_changed":false,"inline_featured_image":false,"footnotes":""},"class_list":["post-904","page","type-page","status-publish","hentry"],"acf":[],"_links":{"self":[{"href":"https:\/\/sisu.ut.ee\/ewod\/wp-json\/wp\/v2\/pages\/904","targetHints":{"allow":["GET"]}}],"collection":[{"href":"https:\/\/sisu.ut.ee\/ewod\/wp-json\/wp\/v2\/pages"}],"about":[{"href":"https:\/\/sisu.ut.ee\/ewod\/wp-json\/wp\/v2\/types\/page"}],"author":[{"embeddable":true,"href":"https:\/\/sisu.ut.ee\/ewod\/wp-json\/wp\/v2\/users\/43"}],"replies":[{"embeddable":true,"href":"https:\/\/sisu.ut.ee\/ewod\/wp-json\/wp\/v2\/comments?post=904"}],"version-history":[{"count":1,"href":"https:\/\/sisu.ut.ee\/ewod\/wp-json\/wp\/v2\/pages\/904\/revisions"}],"predecessor-version":[{"id":4164,"href":"https:\/\/sisu.ut.ee\/ewod\/wp-json\/wp\/v2\/pages\/904\/revisions\/4164"}],"up":[{"embeddable":true,"href":"https:\/\/sisu.ut.ee\/ewod\/wp-json\/wp\/v2\/pages\/1390"}],"wp:attachment":[{"href":"https:\/\/sisu.ut.ee\/ewod\/wp-json\/wp\/v2\/media?parent=904"}],"curies":[{"name":"wp","href":"https:\/\/api.w.org\/{rel}","templated":true}]}}