{"id":902,"date":"2024-04-03T23:40:29","date_gmt":"2024-04-03T20:40:29","guid":{"rendered":"https:\/\/sisu.ut.ee\/ewod\/stories-et-92\/"},"modified":"2024-04-04T00:08:47","modified_gmt":"2024-04-03T21:08:47","slug":"stories","status":"publish","type":"page","link":"https:\/\/sisu.ut.ee\/ewod\/r\/remsu\/stories\/","title":{"rendered":"Olev Remsu &#8211; short stories"},"content":{"rendered":"<p><span style=\"font-size: medium\"><strong><span style=\"font-family: verdana, geneva\">In anthologies and magazines<\/span><\/strong><\/span><\/p>\n<p><em><strong><span style=\"font-family: verdana, geneva\">Hungarian<\/span><\/strong><\/em><br><span style=\"font-family: verdana, geneva\"><strong>\u0150excellenci\u00e1ja: no\u2026 iz\u00e9\u2026 khmm!<\/strong>. Translated by Lengyel T\u00f3th Krisztina.\u00a0\u2013\u00a0Kookonist kooruv liblikas. I &amp; II: l\u00fchiproosat sajandil\u00f5pu Eestist = Babjabol kikelo pillango. I &amp; II: mint\u00e1k a sz\u00e1zzadv\u00e9gi \u00c9szt r\u00f6vidpr\u00f3z\u00e1b\u00f3l. Selected, edited and foreword by Mai Kiisk-Bereczki. Translated by Bereczki G\u00e1bor, illustrations by Masszi Ferenc. Szombathely: Berzsenyi Daniel F\u00f6iskola, 2002, 190 +252 pp. [\u2018Tema ekstsellents: oot-oot!\u2019.\u00a0Parallel text in Estonian and Hungarian. See\u00a0<strong><a href=\"https:\/\/sisu.ut.ee\/ewod\/anthologies\/kookon\">contents<\/a>\u00a0<\/strong>of the anthology.]<\/span><\/p>\n","protected":false},"excerpt":{"rendered":"<p>In anthologies and magazines Hungarian\u0150excellenci\u00e1ja: no\u2026 iz\u00e9\u2026 khmm!. Translated by Lengyel T\u00f3th Krisztina.\u00a0\u2013\u00a0Kookonist kooruv liblikas. I &amp; II: l\u00fchiproosat sajandil\u00f5pu Eestist = Babjabol kikelo pillango. I &amp; II: mint\u00e1k a sz\u00e1zzadv\u00e9gi \u00c9szt r\u00f6vidpr\u00f3z\u00e1b\u00f3l. Selected, edited and foreword by Mai Kiisk-Bereczki. &#8230;<\/p>\n","protected":false},"author":43,"featured_media":0,"parent":4,"menu_order":0,"comment_status":"closed","ping_status":"closed","template":"","meta":{"_acf_changed":false,"inline_featured_image":false,"footnotes":""},"class_list":["post-902","page","type-page","status-publish","hentry"],"acf":[],"_links":{"self":[{"href":"https:\/\/sisu.ut.ee\/ewod\/wp-json\/wp\/v2\/pages\/902","targetHints":{"allow":["GET"]}}],"collection":[{"href":"https:\/\/sisu.ut.ee\/ewod\/wp-json\/wp\/v2\/pages"}],"about":[{"href":"https:\/\/sisu.ut.ee\/ewod\/wp-json\/wp\/v2\/types\/page"}],"author":[{"embeddable":true,"href":"https:\/\/sisu.ut.ee\/ewod\/wp-json\/wp\/v2\/users\/43"}],"replies":[{"embeddable":true,"href":"https:\/\/sisu.ut.ee\/ewod\/wp-json\/wp\/v2\/comments?post=902"}],"version-history":[{"count":1,"href":"https:\/\/sisu.ut.ee\/ewod\/wp-json\/wp\/v2\/pages\/902\/revisions"}],"predecessor-version":[{"id":4185,"href":"https:\/\/sisu.ut.ee\/ewod\/wp-json\/wp\/v2\/pages\/902\/revisions\/4185"}],"up":[{"embeddable":true,"href":"https:\/\/sisu.ut.ee\/ewod\/wp-json\/wp\/v2\/pages\/4"}],"wp:attachment":[{"href":"https:\/\/sisu.ut.ee\/ewod\/wp-json\/wp\/v2\/media?parent=902"}],"curies":[{"name":"wp","href":"https:\/\/api.w.org\/{rel}","templated":true}]}}