{"id":9,"date":"2024-04-03T23:39:14","date_gmt":"2024-04-03T20:39:14","guid":{"rendered":"https:\/\/sisu.ut.ee\/ewod\/stories-et\/"},"modified":"2024-04-04T00:11:17","modified_gmt":"2024-04-03T21:11:17","slug":"stories","status":"publish","type":"page","link":"https:\/\/sisu.ut.ee\/ewod\/b\/barker\/stories\/","title":{"rendered":"Matt Barker &#8211; short stories"},"content":{"rendered":"<p><span style=\"font-family: verdana, geneva\"><strong><em>Finnish<\/em><\/strong><\/span><br><span style=\"font-family: verdana, geneva\"><strong>Tohtori<\/strong>. \u2013\u00a0Raija H\u00e4m\u00e4l\u00e4inen ja Hannu Oittinen (eds),\u00a0Tallinnasta pois: groteskia virolaista proosaa.<strong>\u00a0<\/strong>Translated by\u00a0Petteri Aarnos,\u00a0Iiris Heino,\u00a0Raija H\u00e4m\u00e4l\u00e4inen,\u00a0Seija Kerttula,\u00a0Mika Ker\u00e4nen,\u00a0Heli Laaksonen,\u00a0Hannu Oittinen,\u00a0Joanna Ruokonen. Helsinki, Absurdia, 2003, 240 pp. [Translation of \u2018Eskulaap\u2019. Contents of the anthology:\u00a0Presidentti \/ Olavi Ruitlane. Se soi. Hevonen ei-mist\u00e4\u00e4n \/ J\u00fcri Ehlvest. Tallinnasta pois\/Tallinnast poikkee. Tarinoita P\u00f5lvamaan suurmiehist\u00e4 \/ Aapo Ilves. Miesten kongressi. Vahva nainen. Ugri \/ Andrus Kivir\u00e4hk. Kuten kuka tahansa \/ Kerttu Rakke. Vittuuks m\u00e4 t\u00e4\u00e4ll\u00e4 \/ Peeter Sauter. Soiva postikortti \/ Kauksi \u00dclle. Tapaaminen Taageperassa \/ Mehis Heinsaar. Tohtori \/ Matt Barker. Eilen, t\u00e4n\u00e4\u00e4n, ikuisesti Rooma \/ Eeva Park. Kaunotar ja hirvi\u00f6 \/ Kaur Kender. Jumala, Lenin ja Emajoki \/ Veiko M\u00e4rka. Unissak\u00e4velij\u00e4. Kirje Elvis Preslille \/ Urmas Vadi. Mykk\u00e4 nukke. Pastoraali. Kuolemaan menev\u00e4t tervehtiv\u00e4t \/ Ervin \u00d5unapuu. Ovien takansa \/ Jan Kaus. Uskotteko kummitusjuttuihin? El\u00e4intent\u00e4ytt\u00e4j\u00e4 \/ Veiko Belials. Oraakkelin kuolema \/ Karen Orlau. Veli Rus \/ Indrek Hargla.]<\/span><\/p>\n","protected":false},"excerpt":{"rendered":"<p>FinnishTohtori. \u2013\u00a0Raija H\u00e4m\u00e4l\u00e4inen ja Hannu Oittinen (eds),\u00a0Tallinnasta pois: groteskia virolaista proosaa.\u00a0Translated by\u00a0Petteri Aarnos,\u00a0Iiris Heino,\u00a0Raija H\u00e4m\u00e4l\u00e4inen,\u00a0Seija Kerttula,\u00a0Mika Ker\u00e4nen,\u00a0Heli Laaksonen,\u00a0Hannu Oittinen,\u00a0Joanna Ruokonen. Helsinki, Absurdia, 2003, 240 pp. [Translation of \u2018Eskulaap\u2019. Contents of the anthology:\u00a0Presidentti \/ Olavi Ruitlane. Se soi. Hevonen ei-mist\u00e4\u00e4n \/ &#8230;<\/p>\n","protected":false},"author":43,"featured_media":0,"parent":3,"menu_order":0,"comment_status":"closed","ping_status":"closed","template":"","meta":{"_acf_changed":false,"inline_featured_image":false,"footnotes":""},"class_list":["post-9","page","type-page","status-publish","hentry"],"acf":[],"_links":{"self":[{"href":"https:\/\/sisu.ut.ee\/ewod\/wp-json\/wp\/v2\/pages\/9","targetHints":{"allow":["GET"]}}],"collection":[{"href":"https:\/\/sisu.ut.ee\/ewod\/wp-json\/wp\/v2\/pages"}],"about":[{"href":"https:\/\/sisu.ut.ee\/ewod\/wp-json\/wp\/v2\/types\/page"}],"author":[{"embeddable":true,"href":"https:\/\/sisu.ut.ee\/ewod\/wp-json\/wp\/v2\/users\/43"}],"replies":[{"embeddable":true,"href":"https:\/\/sisu.ut.ee\/ewod\/wp-json\/wp\/v2\/comments?post=9"}],"version-history":[{"count":1,"href":"https:\/\/sisu.ut.ee\/ewod\/wp-json\/wp\/v2\/pages\/9\/revisions"}],"predecessor-version":[{"id":5068,"href":"https:\/\/sisu.ut.ee\/ewod\/wp-json\/wp\/v2\/pages\/9\/revisions\/5068"}],"up":[{"embeddable":true,"href":"https:\/\/sisu.ut.ee\/ewod\/wp-json\/wp\/v2\/pages\/3"}],"wp:attachment":[{"href":"https:\/\/sisu.ut.ee\/ewod\/wp-json\/wp\/v2\/media?parent=9"}],"curies":[{"name":"wp","href":"https:\/\/api.w.org\/{rel}","templated":true}]}}