{"id":894,"date":"2024-04-03T23:40:29","date_gmt":"2024-04-03T20:40:29","guid":{"rendered":"https:\/\/sisu.ut.ee\/ewod\/nippernaati2\/"},"modified":"2024-04-04T00:08:46","modified_gmt":"2024-04-03T21:08:46","slug":"nippernaati2","status":"publish","type":"page","link":"https:\/\/sisu.ut.ee\/ewod\/anthologies\/finnish\/nippernaati2\/","title":{"rendered":"Nippernaati 2"},"content":{"rendered":"<p><strong><span style=\"font-family: verdana, geneva\" data-mce-mark=\"1\">Nippernaati: virolaisen kirjallisuuden antologia, no 2. P\u00e4\u00e4toimittaja Sanna Immanen. Helsinki: Viro-instituutti, 2016, 160 pp. [Read\/download full text <a href=\"http:\/\/www.digar.ee\/arhiiv\/et\/raamatud\/68130\" target=\"_blank\" rel=\"noopener\">here<\/a>.]<\/span><\/strong><\/p>\n<p><span style=\"font-family: verdana, geneva\" data-mce-mark=\"1\"><strong>Contents<\/strong>:<\/span><\/p>\n<p><span style=\"font-family: verdana, geneva\">Mart Kivastik, <strong>Omakuva naisen ja hevosen kanssa<\/strong>. [\u2019Autoportree naise ja hobusega\u2019.]<br><\/span><span style=\"font-family: verdana, geneva\">Ilmar Taska, <strong>Vuokralle annetaan<\/strong>. [\u2019Bann\u00f5i p\u00f5ikt\u00e4nav\u2019.]<br><\/span><span style=\"font-family: verdana, geneva\">Mudlum, <strong>Lepp\u00e4kerttujen vuosi<\/strong>. [\u2019Lepatriinude aasta\u2019.]<br><\/span><span style=\"font-family: verdana, geneva\">Kaur Riismaa, <strong>Runoja<\/strong>.<br><\/span><span style=\"font-family: verdana, geneva\">Sveta Grigorjeva, <strong>Runoja<\/strong>.<br><\/span><span style=\"font-family: verdana, geneva\">Marko M\u00e4gi, <strong>Runoja<\/strong>.<br><\/span><span style=\"font-family: verdana, geneva\">Kai Aareleid, <strong>Lyhytproosaa ja runoja<\/strong>.<br><\/span><span style=\"font-family: verdana, geneva\">J\u00fcri Kolk, <strong>Lyhytproosaa<\/strong>.<br><\/span><span style=\"font-family: verdana, geneva\">Jaan Undusk, <strong>Rakkaudesta kirjaan<\/strong>. [\u2019Armastus raamatu vastu\u2019.]<br><\/span><span style=\"font-family: verdana, geneva\">Paavo Matsin, <strong>Katkelma romaanista Gogolin disko<\/strong>. [\u2018Gogoli disko\u2019, excerpt.]<\/span><\/p>\n","protected":false},"excerpt":{"rendered":"<p>Nippernaati: virolaisen kirjallisuuden antologia, no 2. P\u00e4\u00e4toimittaja Sanna Immanen. Helsinki: Viro-instituutti, 2016, 160 pp. [Read\/download full text here.] Contents: Mart Kivastik, Omakuva naisen ja hevosen kanssa. [\u2019Autoportree naise ja hobusega\u2019.]Ilmar Taska, Vuokralle annetaan. [\u2019Bann\u00f5i p\u00f5ikt\u00e4nav\u2019.]Mudlum, Lepp\u00e4kerttujen vuosi. [\u2019Lepatriinude aasta\u2019.]Kaur Riismaa, &#8230;<\/p>\n","protected":false},"author":43,"featured_media":0,"parent":924,"menu_order":0,"comment_status":"closed","ping_status":"closed","template":"","meta":{"_acf_changed":false,"inline_featured_image":false,"footnotes":""},"class_list":["post-894","page","type-page","status-publish","hentry"],"acf":[],"_links":{"self":[{"href":"https:\/\/sisu.ut.ee\/ewod\/wp-json\/wp\/v2\/pages\/894","targetHints":{"allow":["GET"]}}],"collection":[{"href":"https:\/\/sisu.ut.ee\/ewod\/wp-json\/wp\/v2\/pages"}],"about":[{"href":"https:\/\/sisu.ut.ee\/ewod\/wp-json\/wp\/v2\/types\/page"}],"author":[{"embeddable":true,"href":"https:\/\/sisu.ut.ee\/ewod\/wp-json\/wp\/v2\/users\/43"}],"replies":[{"embeddable":true,"href":"https:\/\/sisu.ut.ee\/ewod\/wp-json\/wp\/v2\/comments?post=894"}],"version-history":[{"count":1,"href":"https:\/\/sisu.ut.ee\/ewod\/wp-json\/wp\/v2\/pages\/894\/revisions"}],"predecessor-version":[{"id":4177,"href":"https:\/\/sisu.ut.ee\/ewod\/wp-json\/wp\/v2\/pages\/894\/revisions\/4177"}],"up":[{"embeddable":true,"href":"https:\/\/sisu.ut.ee\/ewod\/wp-json\/wp\/v2\/pages\/924"}],"wp:attachment":[{"href":"https:\/\/sisu.ut.ee\/ewod\/wp-json\/wp\/v2\/media?parent=894"}],"curies":[{"name":"wp","href":"https:\/\/api.w.org\/{rel}","templated":true}]}}