{"id":893,"date":"2024-04-03T23:40:29","date_gmt":"2024-04-03T20:40:29","guid":{"rendered":"https:\/\/sisu.ut.ee\/ewod\/nonfiction-et-48\/"},"modified":"2024-04-04T00:08:46","modified_gmt":"2024-04-03T21:08:46","slug":"nonfiction","status":"publish","type":"page","link":"https:\/\/sisu.ut.ee\/ewod\/t\/tungal\/nonfiction\/","title":{"rendered":"Leelo Tungal &#8211; non-fiction"},"content":{"rendered":"<p>\n\t<strong><span style=\"font-family: verdana, geneva;font-size: medium\">Books<\/span><\/strong>\n<\/p>\n<p>\n\t<strong><em><span style=\"font-family: verdana, geneva\">Latvian<\/span><\/em><\/strong><br><span style=\"font-family: verdana, geneva\">L\u0113lo Tungala, <strong>Biedrs b\u0113rns un lielie cilv\u0113ki: v\u0113l viens st\u0101sts par laim\u012bgu b\u0113rn\u012bbu<\/strong>. No igau\u0146u valodas tulkojis Guntars Godi\u0146\u0161. R\u012bga: liels un mazs, 2018, 231 pp. [\u2019Seltsimees laps ja suured inimesed: veel \u00fcks jutustus \u00f5nnelikust lapsep\u00f5lvest\u2019, a memoir.]<\/span>\n<\/p>\n<p>\n\t<strong><em><span style=\"font-family: verdana, geneva\">Lithuanian<\/span><\/em><\/strong><br><span style=\"font-family: verdana, geneva\">L\u0113lo Tungala,\u00a0<strong>Draug\u0117 mergait\u0117 ir suaug\u0119 \u017emon\u0117s: dar vienas pasakojimas apie laiming\u0105 vaikyst\u0119<\/strong>. Iliustravo Urmas Viik; i\u0161 est\u0173 kalbos vert\u0117 Danut\u0117 Sirijos Girait\u0117; [redaktor\u0117 Romena Ra\u010dkaityt\u0117-\u010cepaitien\u0117]. Vilnius: Gimtasis \u017eodis, 2013, 215 pp. [\u2019Seltsimees laps ja suured inimesed: veel \u00fcks jutustus \u00f5nnelikust lapsep\u00f5lvest\u2019, a memoir.]<\/span>\n<\/p>\n<p>\n\t<span style=\"font-family: verdana, geneva\"><strong><em>Russian<\/em><\/strong><br>\u041b\u0435\u044d\u043b\u043e \u0422\u0443\u043d\u0433\u0430\u043b, <strong>\u0422\u043e\u0432\u0430\u0440\u0438\u0449 \u0440\u0435\u0431\u0435\u043d\u043e\u043a \u0438 \u043f\u0430\u043f\u0430<\/strong>. \u041f\u0435\u0440\u0435\u0432\u043e\u0434 \u0441 \u044d\u0441\u0442\u043e\u043d\u0441\u043a\u043e\u0433\u043e \u0413\u0435\u043d\u043d\u0430\u0434\u0438\u044f \u041c\u0443\u0440\u0430\u0432\u0438\u043d\u0430. \u0422\u0430\u043b\u043b\u0438\u043d\u043d: \u0418\u0437\u0434\u0430\u0442\u0435\u043b\u044c\u0441\u0442\u0432\u043e \u041a\u041f\u0414, 2019, 204 pp. [\u2018Naisek\u00e4e puudutus, ehk, Seltsimees laps ja isa\u2019.]<br>\u041b\u0435\u044d\u043b\u043e \u0422\u0443\u043d\u0433\u0430\u043b, <strong>\u0411\u0430\u0440\u0445\u0430\u0442 \u0438 \u043e\u043f\u0438\u043b\u043a\u0438, \u0438\u043b\u0438, \u0422\u043e\u0432\u0430\u0440\u0438\u0449 \u0440\u0435\u0431\u04eb\u043d\u043e\u043a \u0438 \u0431\u0443\u043a\u0432\u044b<\/strong>. \u041f\u0435\u0440\u0435\u0432\u043e\u0434 \u0441 \u044d\u0441\u0442\u043e\u043d\u0441\u043a\u043e\u0433\u043e \u0413\u0435\u043d\u043d\u0430\u0434\u0438\u044f \u041c\u0443\u0440\u0430\u0432\u0438\u043d\u0430; \u0440\u0435\u0434\u0430\u043a\u0442\u043e\u0440 \u041b\u044e\u0434\u043c\u0438\u043b\u0430 \u0415\u043b\u0430\u043d\u0441\u043a\u0430\u044f; \u0445\u0443\u0434\u043e\u0436\u0435\u0441\u0442\u0432\u0435\u043d\u043d\u043e\u0435 \u043e\u0444\u043e\u0440\u043c\u043b\u0435\u043d\u0438\u0435: \u0423\u043b\u044c\u0432\u0438 \u041b\u0430\u0445\u0435\u0441\u0430\u043b\u0443. Tallinn: KPD Kirjastus, 2012, 200 pp. [\u2019Samet ja saepuru, ehk, Seltsimees laps ja kirjat\u00e4hed\u2019, a memoir.]<br>\u041b\u0435\u044d\u043b\u043e \u0422\u0443\u043d\u0433\u0430\u043b, <strong>\u0422\u043e\u0432\u0430\u0440\u0438\u0449 \u0440\u0435\u0431\u0435\u043d\u043e\u043a \u0438 \u0432\u0437\u0440\u043e\u0441\u043b\u044b\u0435 \u043b\u044e\u0434\u0438: \u0435\u0449\u0435 \u043e\u0434\u043d\u043e \u043f\u043e\u0432\u0435\u0441\u0442\u0432\u043e\u0432\u0430\u043d\u0438\u0435 \u043e \u201c\u043d\u0430\u0448\u0435\u043c \u0441\u0447\u0430\u0441\u0442\u043b\u0438\u0432\u043e\u043c \u0434\u0435\u0442\u0441\u0442\u0432\u0435\u201d<\/strong>. \u041f\u0435\u0440\u0435\u0432\u043e\u0434 \u0441 \u044d\u0441\u0442\u043e\u043d\u0441\u043a\u043e\u0433\u043e \u0413\u0435\u043d\u043d\u0430\u0434\u0438\u044f \u041c\u0443\u0440\u0430\u0432\u0438\u043d\u0430; \u0445\u0443\u0434\u043e\u0436\u0435\u0441\u0442\u0432\u0435\u043d\u043d\u043e\u0435 \u043e\u0444\u0440\u043c\u043b\u0435\u043d\u0438\u0435: \u0423\u043b\u044c\u0432\u0438 \u041b\u0430\u0445\u0435\u0441\u0430\u043b\u0443. \u0422\u0430\u043b\u043b\u0438\u043d\u043d: \u0418\u0437\u0434\u0430\u0442\u0435\u043b\u044c\u0441\u0442\u0432\u043e \u041a\u041f\u0414, 2010, 208 pp. [\u2019Seltsimees laps ja suured inimesed: veel \u00fcks jutustus \u00f5nnelikust lapsep\u00f5lvest\u2019, a memoir.]<\/span><\/p>\n","protected":false},"excerpt":{"rendered":"<p>Books LatvianL\u0113lo Tungala, Biedrs b\u0113rns un lielie cilv\u0113ki: v\u0113l viens st\u0101sts par laim\u012bgu b\u0113rn\u012bbu. No igau\u0146u valodas tulkojis Guntars Godi\u0146\u0161. R\u012bga: liels un mazs, 2018, 231 pp. [\u2019Seltsimees laps ja suured inimesed: veel \u00fcks jutustus \u00f5nnelikust lapsep\u00f5lvest\u2019, a memoir.] LithuanianL\u0113lo &#8230;<\/p>\n","protected":false},"author":43,"featured_media":0,"parent":1060,"menu_order":0,"comment_status":"closed","ping_status":"closed","template":"","meta":{"_acf_changed":false,"inline_featured_image":false,"footnotes":""},"class_list":["post-893","page","type-page","status-publish","hentry"],"acf":[],"_links":{"self":[{"href":"https:\/\/sisu.ut.ee\/ewod\/wp-json\/wp\/v2\/pages\/893","targetHints":{"allow":["GET"]}}],"collection":[{"href":"https:\/\/sisu.ut.ee\/ewod\/wp-json\/wp\/v2\/pages"}],"about":[{"href":"https:\/\/sisu.ut.ee\/ewod\/wp-json\/wp\/v2\/types\/page"}],"author":[{"embeddable":true,"href":"https:\/\/sisu.ut.ee\/ewod\/wp-json\/wp\/v2\/users\/43"}],"replies":[{"embeddable":true,"href":"https:\/\/sisu.ut.ee\/ewod\/wp-json\/wp\/v2\/comments?post=893"}],"version-history":[{"count":1,"href":"https:\/\/sisu.ut.ee\/ewod\/wp-json\/wp\/v2\/pages\/893\/revisions"}],"predecessor-version":[{"id":4176,"href":"https:\/\/sisu.ut.ee\/ewod\/wp-json\/wp\/v2\/pages\/893\/revisions\/4176"}],"up":[{"embeddable":true,"href":"https:\/\/sisu.ut.ee\/ewod\/wp-json\/wp\/v2\/pages\/1060"}],"wp:attachment":[{"href":"https:\/\/sisu.ut.ee\/ewod\/wp-json\/wp\/v2\/media?parent=893"}],"curies":[{"name":"wp","href":"https:\/\/api.w.org\/{rel}","templated":true}]}}