{"id":892,"date":"2024-04-03T23:40:29","date_gmt":"2024-04-03T20:40:29","guid":{"rendered":"https:\/\/sisu.ut.ee\/ewod\/strandraubercontents\/"},"modified":"2024-04-04T00:08:46","modified_gmt":"2024-04-03T21:08:46","slug":"strandraubercontents","status":"publish","type":"page","link":"https:\/\/sisu.ut.ee\/ewod\/anthologies\/strandraubercontents\/","title":{"rendered":"Der letzte Strandr\u00e4uber. Estnische Erz\u00e4hlungen aus sieben Jahrzehnten. Berlin: Volk und Welt, 1975, 472 pp. [Anthology of short stories]"},"content":{"rendered":"<p><span style=\"font-family: verdana, geneva;font-size: small\" data-mce-mark=\"1\"><strong>Contents<\/strong>:<\/span><\/p>\n<p><span style=\"font-family: verdana, geneva;font-size: small\">Karl August Hindrey: \u2019Feigheit\u2019 (\u2019Argus\u2019)<br>Aadu Hint: \u2019Der letzte Strandr\u00e4uber\u2019 (\u2019Viimane vandiraiuja\u2019)<br>August Jakobson: \u2019Die ersten Mannestaten\u2019 (\u2019Esimesed meheteod\u2019)<br>Erni Krusten: \u2019Die Braut\u2019 (\u2019M\u00f5rsja\u2019)<br>Erni Krusten: \u2019Sattlermeister Maalut\u2019 (\u2019Sadulsepp Maalut\u2019)<br>Erni Krusten: \u2019Die Asche\u2019 (\u2019Tuhk\u2019)<br>Paul Kuusberg: \u2019Die verrostete Gie\u00dfkanne\u2019 (\u2019Roostetanud kastekann\u2019)<br>Lilli Promet: \u2019Ein schwarzer Tag\u2019 (\u2019Must p\u00e4ev\u2019)<br>Lilli Promet: \u2019Ein Deutscher\u2019 (\u2019Sakslane\u2019)<br>Lilli Promet: \u2019Grabmal f\u00fcr einen General\u2019 (\u2019Kindrali hauasammas\u2019)<br>Johannes Semper: \u2019Der Irrtum\u2019 (\u2019Eksitus\u2019)<br>Rudolf Sirge: \u2019Kr\u00fcppelkiefern\u2019 (\u2019Rabam\u00e4nnid\u2019)<br>Juhan Smuul: \u2019Die Sommerfrischler aus \u201e\u00c4rnis Monologen\u201c\u2019 (\u2019Suvitajad\u2019)<br>A. H. Tammsaare: \u2019Die Italienreise\u2019 (\u2019Itaalia reis\u2019)<br>Mats Traat: \u2019Der Schlo\u00dfberg\u2019 (\u2019Lossim\u00e4gi\u2019)<br>Friedebert Tuglas: \u2019Der Abschiedsgru\u00df\u2019 (\u2019Viimne tervitus\u2019)<br>Mati Unt: \u2019Das Katzenhaus\u2019 (\u2019Kassi maja\u2019)<br>Mati Unt: \u2019Der Geburtstag\u2019 (\u2019S\u00fcnnip\u00e4ev\u2019)<br>Mati Unt: \u2019Alar\u2019s Traum\u2019 (\u2019Alari unen\u00e4gu\u2019)<br>Peet Vallak: \u2019In der alten Schenke\u2019 (\u2019T\u00fchjas l\u00f6\u00f6vis\u2019)<br>Peet Vallak: \u2019Die Frau vom Lande\u2019 (\u2019Maanaine\u2019)<br>Arvo Valton: \u2019Die Pr\u00e4mie\u2019 (\u2019Preemia\u2019)<br>Arvo Valton: \u2019Die Hasen sind vom Duft des wei\u00dfen Klees berauscht\u2019 (\u2019J\u00e4nesed on purjus valge ristikheina l\u00f5hnast\u2019)<br>Arvo Valton: \u2019Nach den Tr\u00e4umen\u2019 (\u2019P\u00e4rast unen\u00e4gusid\u2019)<br>Enn Vetemaa: \u2019Parade eines gerupften Pfaus\u2019 (\u2019Kulunud paabulinnu paraad\u2019)<br>Eduard Vilde: \u2019Toomas\u2019 Doktor\u2019 (\u2019Tooma tohter\u2019)<br>Eduard Vilde: \u2019Casanova segt Lebewohl\u2019 (\u2019Casanova j\u00e4tab jumalaga\u2019).<\/span><\/p>\n","protected":false},"excerpt":{"rendered":"<p>Contents: Karl August Hindrey: \u2019Feigheit\u2019 (\u2019Argus\u2019)Aadu Hint: \u2019Der letzte Strandr\u00e4uber\u2019 (\u2019Viimane vandiraiuja\u2019)August Jakobson: \u2019Die ersten Mannestaten\u2019 (\u2019Esimesed meheteod\u2019)Erni Krusten: \u2019Die Braut\u2019 (\u2019M\u00f5rsja\u2019)Erni Krusten: \u2019Sattlermeister Maalut\u2019 (\u2019Sadulsepp Maalut\u2019)Erni Krusten: \u2019Die Asche\u2019 (\u2019Tuhk\u2019)Paul Kuusberg: \u2019Die verrostete Gie\u00dfkanne\u2019 (\u2019Roostetanud kastekann\u2019)Lilli Promet: \u2019Ein schwarzer &#8230;<\/p>\n","protected":false},"author":43,"featured_media":0,"parent":1214,"menu_order":0,"comment_status":"closed","ping_status":"closed","template":"","meta":{"_acf_changed":false,"inline_featured_image":false,"footnotes":""},"class_list":["post-892","page","type-page","status-publish","hentry"],"acf":[],"_links":{"self":[{"href":"https:\/\/sisu.ut.ee\/ewod\/wp-json\/wp\/v2\/pages\/892","targetHints":{"allow":["GET"]}}],"collection":[{"href":"https:\/\/sisu.ut.ee\/ewod\/wp-json\/wp\/v2\/pages"}],"about":[{"href":"https:\/\/sisu.ut.ee\/ewod\/wp-json\/wp\/v2\/types\/page"}],"author":[{"embeddable":true,"href":"https:\/\/sisu.ut.ee\/ewod\/wp-json\/wp\/v2\/users\/43"}],"replies":[{"embeddable":true,"href":"https:\/\/sisu.ut.ee\/ewod\/wp-json\/wp\/v2\/comments?post=892"}],"version-history":[{"count":1,"href":"https:\/\/sisu.ut.ee\/ewod\/wp-json\/wp\/v2\/pages\/892\/revisions"}],"predecessor-version":[{"id":4175,"href":"https:\/\/sisu.ut.ee\/ewod\/wp-json\/wp\/v2\/pages\/892\/revisions\/4175"}],"up":[{"embeddable":true,"href":"https:\/\/sisu.ut.ee\/ewod\/wp-json\/wp\/v2\/pages\/1214"}],"wp:attachment":[{"href":"https:\/\/sisu.ut.ee\/ewod\/wp-json\/wp\/v2\/media?parent=892"}],"curies":[{"name":"wp","href":"https:\/\/api.w.org\/{rel}","templated":true}]}}