{"id":876,"date":"2024-04-03T23:40:27","date_gmt":"2024-04-03T20:40:27","guid":{"rendered":"https:\/\/sisu.ut.ee\/ewod\/arabic\/"},"modified":"2024-04-04T00:08:51","modified_gmt":"2024-04-03T21:08:51","slug":"arabic","status":"publish","type":"page","link":"https:\/\/sisu.ut.ee\/ewod\/anthologies\/arabic\/","title":{"rendered":"Anthologies, special editions of journals &#8211; in Arabic"},"content":{"rendered":"<p><span style=\"font-family: verdana, geneva\"><strong>\u0627\u0644\u0622\u062e\u0631\u064f \u0644\u064a\u0633\u064e \u0646\u0627\u0626\u064a\u064b\u0627- \u0623\u0646\u0637\u0648\u0644\u0648\u062c\u064a\u0627 \u0627\u0644\u0634\u0639\u0631 \u0627\u0644\u0627\u0633\u062a\u0648\u0646\u064a \u0627\u0644\u0645\u0639\u0627\u0635\u0631<\/strong>\u00a0\u062c\u062f\u064a\u062f \u0639\u0628\u062f\u0627\u0644\u0631\u062d\u0645\u0646 \u0627\u0644\u0645\u0627\u062c\u062f\u064a. Rijswijk: Makhtootat press and publishing house, 2016, 288 pp. [\u2018The Other Is Not An Island. An Anthology of Contemporary Estonian Poetry\u2019. Poems by: P. I. Filimonov, fs, Mihkel Kaevats, K\u00e4tlin Kaldmaa, Maarja Kangro, Igor Kotjuh, Hasso Krull, Asko K\u00fcnnap, Maarja P\u00e4rtna, J\u00fcrgen Rooste, Triin Soomets, Andra Teede.]<\/span><\/p>\n","protected":false},"excerpt":{"rendered":"<p>\u0627\u0644\u0622\u062e\u0631\u064f \u0644\u064a\u0633\u064e \u0646\u0627\u0626\u064a\u064b\u0627- \u0623\u0646\u0637\u0648\u0644\u0648\u062c\u064a\u0627 \u0627\u0644\u0634\u0639\u0631 \u0627\u0644\u0627\u0633\u062a\u0648\u0646\u064a \u0627\u0644\u0645\u0639\u0627\u0635\u0631\u00a0\u062c\u062f\u064a\u062f \u0639\u0628\u062f\u0627\u0644\u0631\u062d\u0645\u0646 \u0627\u0644\u0645\u0627\u062c\u062f\u064a. Rijswijk: Makhtootat press and publishing house, 2016, 288 pp. [\u2018The Other Is Not An Island. An Anthology of Contemporary Estonian Poetry\u2019. Poems by: P. I. Filimonov, fs, Mihkel Kaevats, K\u00e4tlin Kaldmaa, &#8230;<\/p>\n","protected":false},"author":43,"featured_media":0,"parent":1214,"menu_order":0,"comment_status":"closed","ping_status":"closed","template":"","meta":{"_acf_changed":false,"inline_featured_image":false,"footnotes":""},"class_list":["post-876","page","type-page","status-publish","hentry"],"acf":[],"_links":{"self":[{"href":"https:\/\/sisu.ut.ee\/ewod\/wp-json\/wp\/v2\/pages\/876","targetHints":{"allow":["GET"]}}],"collection":[{"href":"https:\/\/sisu.ut.ee\/ewod\/wp-json\/wp\/v2\/pages"}],"about":[{"href":"https:\/\/sisu.ut.ee\/ewod\/wp-json\/wp\/v2\/types\/page"}],"author":[{"embeddable":true,"href":"https:\/\/sisu.ut.ee\/ewod\/wp-json\/wp\/v2\/users\/43"}],"replies":[{"embeddable":true,"href":"https:\/\/sisu.ut.ee\/ewod\/wp-json\/wp\/v2\/comments?post=876"}],"version-history":[{"count":1,"href":"https:\/\/sisu.ut.ee\/ewod\/wp-json\/wp\/v2\/pages\/876\/revisions"}],"predecessor-version":[{"id":4205,"href":"https:\/\/sisu.ut.ee\/ewod\/wp-json\/wp\/v2\/pages\/876\/revisions\/4205"}],"up":[{"embeddable":true,"href":"https:\/\/sisu.ut.ee\/ewod\/wp-json\/wp\/v2\/pages\/1214"}],"wp:attachment":[{"href":"https:\/\/sisu.ut.ee\/ewod\/wp-json\/wp\/v2\/media?parent=876"}],"curies":[{"name":"wp","href":"https:\/\/api.w.org\/{rel}","templated":true}]}}