{"id":874,"date":"2024-04-03T23:40:27","date_gmt":"2024-04-03T20:40:27","guid":{"rendered":"https:\/\/sisu.ut.ee\/ewod\/wohrmann\/"},"modified":"2025-03-08T09:51:18","modified_gmt":"2025-03-08T07:51:18","slug":"wohrmann","status":"publish","type":"page","link":"https:\/\/sisu.ut.ee\/ewod\/w\/wohrmann\/","title":{"rendered":"Eduard Ludwig W\u00f6hrmann"},"content":{"rendered":"<p><a href=\"https:\/\/sisu.ut.ee\/ewod\/w\/wohrmann\/poems\"><strong><span style=\"font-family: verdana, geneva; font-size: medium;\">Poems<\/span><\/strong><\/a> <span style=\"font-family: verdana, geneva; font-size: medium;\"><a href=\"https:\/\/sisu.ut.ee\/wp-content\/uploads\/sites\/108\/eduard_wohrmann_heinrich_riedel.jpg\" target=\"_self\" rel=\"noopener\"><img decoding=\"async\" style=\"float: right; width: 300px; height: 495px;\" title=\"Photo: Heinrich Riedel\" src=\"https:\/\/sisu.ut.ee\/wp-content\/uploads\/sites\/108\/eduard_wohrmann_heinrich_riedel.jpg\" alt=\"W\u00f6hrmann\"><\/a><\/span><\/p>\n<p><span style=\"color: #000000;\"><span style=\"font-size: 13px;\"><span style=\"font-family: Verdana,Geneva,sans-serif;\">Eduard Ludvig W\u00f6hrmann (28 December 1863 \u2013 25 November 1934) was a poet and literator.<\/span><\/span><\/span><\/p>\n<p><span style=\"color: #000000;\"><span style=\"font-size: 13px;\"><span style=\"font-family: Verdana,Geneva,sans-serif;\">W\u00f6hrmann was born on Veski farm at H\u00e4rjanurme village, Kursi parish, in Tartu County as the son of a farm renter. From 1872\u20131877, he attended J\u00f5une village school, later worked on his father\u2019s farm, was a wool comber and a miller\u2019s apprentice at H\u00e4rjanurme, Puurmani, J\u00f5geva and in Southern Russia.\u00a0 From 1907, he worked as a well-digger in Tartu where he lived until his death.<\/span><\/span><\/span><\/p>\n<p><span style=\"color: #000000;\"><span style=\"font-size: 13px;\"><span style=\"font-family: Verdana,Geneva,sans-serif;\">W\u00f6hrmann made his debut in the 1880s, publishing poems in many newspapers and magazines. Eduard Ludvig W\u00f6hrmann\u2019s significance for the history of literature lies mainly in his bulky collection of poems <em>N\u00f5mme lillekesed<\/em> (\u2018Heath Flowers\u2019, 1903). The author\u2019s creation, like that of many of his contemporaries, reflects the disappointment moods after Estonians\u2019 first national awakening period.<\/span><\/span><\/span><\/p>\n<p><span style=\"color: #000000;\"><span style=\"font-size: 13px;\"><span style=\"font-family: Verdana,Geneva,sans-serif;\"><span style=\"line-height: 100%;\">The poetry collection is divided into thematic cycles where the themes are, for example, love, feelings of transience, contradictions between the rich and the poor. The most colourful and of lasting value are the mildly satirical poems about tragicomical situations caused by pecuniary differences, for example, marrying because of dowry. Such satirical scenes bear some semblance to Karl Eduard S\u00f6\u00f6t\u2019s village satires which date from approximately the same period. The feeling of transience that pained the author since his youth is also similar to K. E. S\u00f6\u00f6t. In some poems, however, a tragic perception of the world in the manner of Juhan Liiv can be discerned. Some poems of this collection, like <i>Eide unen\u00e4gu<\/i> (\u2018Old Woman\u2019s Dream\u2019) and <i>Lapsed tuppa<\/i> (\u2018Children, Come Inside\u2019) were set to music in W\u00f6hrmann\u2019s lifetime already and have remained part of popular repertoire until the present.<\/span><\/span><\/span><\/span><\/p>\n<p class=\"western\" lang=\"et-EE\"><span style=\"color: #000000;\"><span style=\"font-size: 13px;\"><span style=\"font-family: Verdana,Geneva,sans-serif;\"><span style=\"line-height: 100%;\">W\u00f6hrmann\u2019s poems have simple, sometimes loosely rhyming end rhymes.<\/span><\/span><\/span><\/span><\/p>\n<p class=\"western\" lang=\"et-EE\"><span style=\"color: #000000;\"><span style=\"font-size: 13px;\"><span style=\"font-family: Verdana,Geneva,sans-serif;\"><span style=\"line-height: 100%;\">W\u00f6hrmann wrote many verses of no particular artistic value for albums and calendars. In the 1920s, W\u00f6hrmann penned one-act comedies like <i>J\u00fcri ja Mari, ehk peremees perenaise ametis<\/i> (\u2018J\u00fcri and Mari or the Master in the Role of the Mistress\u2019) and <i>Meie Mari pulm<\/i> (\u2018Our Mari\u2019s Wedding\u2019) and paraphrases of fairy tales.<\/span><\/span><\/span><\/span><\/p>\n<p class=\"western\" lang=\"et-EE\"><span style=\"color: #000000;\"><span style=\"font-size: 13px;\"><span style=\"font-family: Verdana,Geneva,sans-serif;\"><span style=\"line-height: 100%;\">The obituary published in the newspaper <i>Eesti P\u00e4evaleht<\/i> in 1934 called W\u00f6hrmann an undeservedly overshadowed poet whose creation sometimes approached the level of Heinrich Heine, the greatest paragon of Estonian lyricists of his generation.<\/span><\/span><\/span><\/span><\/p>\n<p class=\"western\" lang=\"et-EE\"><span style=\"color: #000000;\"><span style=\"font-size: 13px;\"><span style=\"font-family: Verdana,Geneva,sans-serif;\"><span style=\"line-height: 100%;\"><i>L. P. (Translated by I. A.)<\/i><\/span><\/span><\/span><\/span><\/p>\n<p><span style=\"color: #000000;\"><strong><span style=\"font-size: 16px;\"><span style=\"font-family: Verdana,Geneva,sans-serif;\">Books in Estonian<\/span><\/span><\/strong><\/span><\/p>\n<p><span style=\"font-size: 13px;\"><span style=\"font-family: Verdana,Geneva,sans-serif;\"><span style=\"line-height: 100%;\"><em><b>Poetry<\/b><\/em><br>\n<strong>N\u00f5mme lillekesed<\/strong>. Jurjev: Hermann, 1903. 200 lk.<\/span><\/span><\/span><\/p>\n<p><em><b>Plays<\/b><\/em><br>\n<span style=\"color: #000000;\"><span style=\"font-size: 13px;\"><span style=\"font-family: Verdana,Geneva,sans-serif;\"><strong>J\u00fcri ja Mari, ehk, Peremees perenaise ametis<\/strong>: naljakas jant \u00fches waatuses. Tartu: Hermann, 1922.<\/span><\/span><\/span><span style=\"color: #000000;\"><span style=\"font-size: 13px;\"><span style=\"font-family: Verdana,Geneva,sans-serif;\"> 24 lk.<\/span><\/span><\/span><br>\n<span style=\"color: #000000;\"><span style=\"font-size: 13px;\"><span style=\"font-family: Verdana,Geneva,sans-serif;\"><strong>Armu-k\u00fctid<\/strong>: naljakas jant \u00fches waatuses. Tartu: Hermann, 1923. 20 lk.<\/span><\/span><\/span><br>\n<span style=\"color: #000000;\"><span style=\"font-size: 13px;\"><span style=\"font-family: Verdana,Geneva,sans-serif;\"><strong>Meie Mari pulm<\/strong>: naljakas jant \u00fches waatuses. Tartu: Hermann, 1925. 24 lk.<\/span><\/span><\/span><\/p>\n<p><em><span style=\"color: #000000;\"><span style=\"font-size: 13px;\"><span style=\"font-family: Verdana,Geneva,sans-serif;\"><b>Humour<\/b><\/span><\/span><\/span><\/em><br>\n<span style=\"color: #000000;\"><span style=\"font-size: 13px;\"><span style=\"font-family: Verdana,Geneva,sans-serif;\"><strong>L\u00f5bus seltsiline<\/strong>. Noortele naljatuseks kokku seadnud Ed. L. W[\u00f6hrmann]. Jurjev: K. Jaik, 1906. 47 lk.<\/span><\/span><\/span><\/p>\n<p class=\"western\" lang=\"et-EE\"><em><span style=\"color: #000000;\"><span style=\"font-size: 13px;\"><span style=\"font-family: Verdana,Geneva,sans-serif;\"><b>Manual<\/b><\/span><\/span><\/span><\/em><br>\n<span style=\"color: #000000;\"><span style=\"font-size: 13px;\"><span style=\"font-family: Verdana,Geneva,sans-serif;\"><strong>Koduj\u00e4neste kaswatus<\/strong>: nende t\u00f5ugudest, nuumamine, liha ja nahkade tarwitamine ja haiguste rawitsemine jne. Tartu: Hermann, 1919. 80 lk.<\/span><\/span><\/span><\/p>\n<p class=\"western\" lang=\"et-EE\">\n<\/p><p class=\"western\" lang=\"et-EE\">\n<\/p><p class=\"western\" lang=\"et-EE\">\n<\/p><p class=\"western\" lang=\"et-EE\">\n<\/p>","protected":false},"excerpt":{"rendered":"<p>Poems Eduard Ludvig W\u00f6hrmann (28 December 1863 \u2013 25 November 1934) was a poet and literator. W\u00f6hrmann was born on Veski farm at H\u00e4rjanurme village, Kursi parish, in Tartu County as the son of a farm renter. From 1872\u20131877, he &#8230;<\/p>\n","protected":false},"author":43,"featured_media":0,"parent":746,"menu_order":0,"comment_status":"closed","ping_status":"closed","template":"","meta":{"_acf_changed":false,"inline_featured_image":false,"footnotes":""},"class_list":["post-874","page","type-page","status-publish","hentry"],"acf":[],"_links":{"self":[{"href":"https:\/\/sisu.ut.ee\/ewod\/wp-json\/wp\/v2\/pages\/874","targetHints":{"allow":["GET"]}}],"collection":[{"href":"https:\/\/sisu.ut.ee\/ewod\/wp-json\/wp\/v2\/pages"}],"about":[{"href":"https:\/\/sisu.ut.ee\/ewod\/wp-json\/wp\/v2\/types\/page"}],"author":[{"embeddable":true,"href":"https:\/\/sisu.ut.ee\/ewod\/wp-json\/wp\/v2\/users\/43"}],"replies":[{"embeddable":true,"href":"https:\/\/sisu.ut.ee\/ewod\/wp-json\/wp\/v2\/comments?post=874"}],"version-history":[{"count":2,"href":"https:\/\/sisu.ut.ee\/ewod\/wp-json\/wp\/v2\/pages\/874\/revisions"}],"predecessor-version":[{"id":6664,"href":"https:\/\/sisu.ut.ee\/ewod\/wp-json\/wp\/v2\/pages\/874\/revisions\/6664"}],"up":[{"embeddable":true,"href":"https:\/\/sisu.ut.ee\/ewod\/wp-json\/wp\/v2\/pages\/746"}],"wp:attachment":[{"href":"https:\/\/sisu.ut.ee\/ewod\/wp-json\/wp\/v2\/media?parent=874"}],"curies":[{"name":"wp","href":"https:\/\/api.w.org\/{rel}","templated":true}]}}