{"id":872,"date":"2024-04-03T23:40:27","date_gmt":"2024-04-03T20:40:27","guid":{"rendered":"https:\/\/sisu.ut.ee\/ewod\/poems-et-138\/"},"modified":"2024-04-04T00:08:50","modified_gmt":"2024-04-03T21:08:50","slug":"poems","status":"publish","type":"page","link":"https:\/\/sisu.ut.ee\/ewod\/p\/piik\/poems\/","title":{"rendered":"Paavo Piik &#8211; poems"},"content":{"rendered":"<p><span style=\"font-family: verdana, geneva\"><strong><em><\/em><\/strong><\/span><span style=\"font-family: verdana, geneva;font-size: medium\"><strong>In compilations, anthologies, magazines<\/strong><\/span><\/p>\n\n<p><span style=\"font-family: verdana, geneva\"><strong><em>Finnish<br><\/em><\/strong><strong>Talo meren \u00e4\u00e4ress\u00e4: valikoima virolaista nykyrunoutta<\/strong>. Esipuhe: Jan Kaus.\u00a0Helsinki: Runoyhdistus Nihil Interit, 2011. 47 pp. [Poems by\u00a0Kristiina Ehin, Doris Kareva, Kalev Kesk\u00fcla, Hasso Krull, T\u00f5nu \u00d5nnepalu, Jaan Pehk, Paavo Piik and Triin Soomets. Foreword by Jan Kaus.]<\/span><\/p>\n\n<p><span style=\"font-family: verdana, geneva\"><strong><em>Hungarian<\/em><\/strong><\/span><br><span style=\"font-family: verdana, geneva\"><strong>Pluralica, no 1-2, 2009<\/strong>, pp 77-81. [<span>See\u00a0<\/span><a href=\"https:\/\/sisu.ut.ee\/ewod\/anthologies\/pluralica\"><strong>contents<\/strong><\/a><span>\u00a0of the special issue of contemporary Estonian literature.]<\/span><\/span><\/p>\n","protected":false},"excerpt":{"rendered":"<p>In compilations, anthologies, magazines FinnishTalo meren \u00e4\u00e4ress\u00e4: valikoima virolaista nykyrunoutta. Esipuhe: Jan Kaus.\u00a0Helsinki: Runoyhdistus Nihil Interit, 2011. 47 pp. [Poems by\u00a0Kristiina Ehin, Doris Kareva, Kalev Kesk\u00fcla, Hasso Krull, T\u00f5nu \u00d5nnepalu, Jaan Pehk, Paavo Piik and Triin Soomets. Foreword by Jan &#8230;<\/p>\n","protected":false},"author":43,"featured_media":0,"parent":860,"menu_order":0,"comment_status":"closed","ping_status":"closed","template":"","meta":{"_acf_changed":false,"inline_featured_image":false,"footnotes":""},"class_list":["post-872","page","type-page","status-publish","hentry"],"acf":[],"_links":{"self":[{"href":"https:\/\/sisu.ut.ee\/ewod\/wp-json\/wp\/v2\/pages\/872","targetHints":{"allow":["GET"]}}],"collection":[{"href":"https:\/\/sisu.ut.ee\/ewod\/wp-json\/wp\/v2\/pages"}],"about":[{"href":"https:\/\/sisu.ut.ee\/ewod\/wp-json\/wp\/v2\/types\/page"}],"author":[{"embeddable":true,"href":"https:\/\/sisu.ut.ee\/ewod\/wp-json\/wp\/v2\/users\/43"}],"replies":[{"embeddable":true,"href":"https:\/\/sisu.ut.ee\/ewod\/wp-json\/wp\/v2\/comments?post=872"}],"version-history":[{"count":1,"href":"https:\/\/sisu.ut.ee\/ewod\/wp-json\/wp\/v2\/pages\/872\/revisions"}],"predecessor-version":[{"id":4201,"href":"https:\/\/sisu.ut.ee\/ewod\/wp-json\/wp\/v2\/pages\/872\/revisions\/4201"}],"up":[{"embeddable":true,"href":"https:\/\/sisu.ut.ee\/ewod\/wp-json\/wp\/v2\/pages\/860"}],"wp:attachment":[{"href":"https:\/\/sisu.ut.ee\/ewod\/wp-json\/wp\/v2\/media?parent=872"}],"curies":[{"name":"wp","href":"https:\/\/api.w.org\/{rel}","templated":true}]}}