{"id":855,"date":"2024-04-03T23:40:25","date_gmt":"2024-04-03T20:40:25","guid":{"rendered":"https:\/\/sisu.ut.ee\/ewod\/stories-et-86\/"},"modified":"2024-04-04T00:08:55","modified_gmt":"2024-04-03T21:08:55","slug":"stories","status":"publish","type":"page","link":"https:\/\/sisu.ut.ee\/ewod\/s\/antisaar\/stories\/","title":{"rendered":"Anti Saar &#8211; short stories"},"content":{"rendered":"<p><span style=\"font-size: medium\"><strong><span style=\"font-family: verdana, geneva\">Books<\/span><\/strong><\/span><\/p>\n<p><strong><em><span style=\"font-family: verdana, geneva\">Italian<br><\/span><\/em><\/strong><span style=\"font-family: verdana, geneva\"><strong>Una piccola grande invenzione<\/strong>. Translated by Daniele Monticelli. Sinnos, 2017, 64 pp. [\u2018Juturaamat\u2019.]<\/span><em><span style=\"font-family: verdana, geneva\"><\/span><\/em><strong><em><span style=\"font-family: verdana, geneva\"><br><\/span><\/em><\/strong><\/p>\n<p><strong><em><span style=\"font-family: verdana, geneva\">Latvian<\/span><\/em><\/strong><br><span style=\"font-family: verdana, geneva\">Anti S\u0101rs, <strong>T\u0101 iet m\u016bsu lietas<\/strong>. Tulkot\u0101ja: Maima Gr\u012bnberga. M\u0101kslinieks: Alvars J\u0101ksons. R\u012bga: Liels un mazs, 136 pp. [\u2019Kuidas meil asjad k\u00e4ivad\u2019, children\u2019s stories.]<\/span><\/p>\n<p><span style=\"font-family: verdana, geneva\"><strong><em>Polish<\/em><\/strong><br><strong>Ja, Jonasz i ca\u0142a reszta<\/strong>. Ilustrowa\u0142 Alvar Jaakson; z j\u0119zyka esto\u0144skiego prze\u0142o\u017cy\u0142a Anna Michalczuk. Piaseczno: Widnokr\u0105g, 2018, 148 pp. <span style=\"font-family: verdana, geneva\">[\u2019Kuidas meil asjad k\u00e4ivad\u2019, children\u2019s stories.]<\/span><\/span><\/p>\n<p><strong><em><span style=\"font-family: verdana, geneva\">Russian<\/span><\/em><\/strong><br><span style=\"font-family: verdana, geneva\">\u0410\u043d\u0442\u0438 \u0421\u0430\u0430\u0440, <strong>\u041a\u0430\u043a \u0443 \u043d\u0430\u0441 \u0438\u0434\u0443\u0442 \u0434\u0435\u043b\u0430<\/strong>. \u041f\u0435\u0440\u0435\u0432\u043e\u0434: \u042e\u0440\u0438 \u0420\u0435\u0431\u0430\u043d\u0435. \u0422\u0430\u043b\u043b\u0438\u043d\u043d: \u0418\u0437\u0434\u0430\u0442\u0435\u043b\u044c\u0441\u0442\u0432\u043e \u201c\u041a\u041f\u0414\u201d, 2017, 117 pp. [\u2019Kuidas meil asjad k\u00e4ivad\u2019, children\u2019s stories.]<\/span><\/p>\n","protected":false},"excerpt":{"rendered":"<p>Books ItalianUna piccola grande invenzione. Translated by Daniele Monticelli. Sinnos, 2017, 64 pp. [\u2018Juturaamat\u2019.] LatvianAnti S\u0101rs, T\u0101 iet m\u016bsu lietas. Tulkot\u0101ja: Maima Gr\u012bnberga. M\u0101kslinieks: Alvars J\u0101ksons. R\u012bga: Liels un mazs, 136 pp. [\u2019Kuidas meil asjad k\u00e4ivad\u2019, children\u2019s stories.] PolishJa, Jonasz &#8230;<\/p>\n","protected":false},"author":43,"featured_media":0,"parent":215,"menu_order":0,"comment_status":"closed","ping_status":"closed","template":"","meta":{"_acf_changed":false,"inline_featured_image":false,"footnotes":""},"class_list":["post-855","page","type-page","status-publish","hentry"],"acf":[],"_links":{"self":[{"href":"https:\/\/sisu.ut.ee\/ewod\/wp-json\/wp\/v2\/pages\/855","targetHints":{"allow":["GET"]}}],"collection":[{"href":"https:\/\/sisu.ut.ee\/ewod\/wp-json\/wp\/v2\/pages"}],"about":[{"href":"https:\/\/sisu.ut.ee\/ewod\/wp-json\/wp\/v2\/types\/page"}],"author":[{"embeddable":true,"href":"https:\/\/sisu.ut.ee\/ewod\/wp-json\/wp\/v2\/users\/43"}],"replies":[{"embeddable":true,"href":"https:\/\/sisu.ut.ee\/ewod\/wp-json\/wp\/v2\/comments?post=855"}],"version-history":[{"count":1,"href":"https:\/\/sisu.ut.ee\/ewod\/wp-json\/wp\/v2\/pages\/855\/revisions"}],"predecessor-version":[{"id":4229,"href":"https:\/\/sisu.ut.ee\/ewod\/wp-json\/wp\/v2\/pages\/855\/revisions\/4229"}],"up":[{"embeddable":true,"href":"https:\/\/sisu.ut.ee\/ewod\/wp-json\/wp\/v2\/pages\/215"}],"wp:attachment":[{"href":"https:\/\/sisu.ut.ee\/ewod\/wp-json\/wp\/v2\/media?parent=855"}],"curies":[{"name":"wp","href":"https:\/\/api.w.org\/{rel}","templated":true}]}}