{"id":847,"date":"2024-04-03T23:40:25","date_gmt":"2024-04-03T20:40:25","guid":{"rendered":"https:\/\/sisu.ut.ee\/ewod\/otkrytiemira\/"},"modified":"2025-03-05T09:41:52","modified_gmt":"2025-03-05T07:41:52","slug":"otkrytiemira","status":"publish","type":"page","link":"https:\/\/sisu.ut.ee\/ewod\/k\/jaankross\/stories\/otkrytiemira\/","title":{"rendered":"\u041e\u0442\u043a\u0440\u044b\u0442\u0438\u0435 \u043c\u0438\u0440\u0430: \u043f\u043e\u044d\u043c\u0430, \u043d\u043e\u0432\u0435\u043b\u043b\u044b, \u043f\u043e\u0432\u0435\u0441\u0442\u044c"},"content":{"rendered":"<p><strong><span style=\"font-family: verdana, geneva\">\u042f\u0430\u043d \u041a\u0440\u043e\u0441\u0441. \u041e\u0442\u043a\u0440\u044b\u0442\u0438\u0435 \u043c\u0438\u0440\u0430: \u043f\u043e\u044d\u043c\u0430, \u043d\u043e\u0432\u0435\u043b\u043b\u044b, \u043f\u043e\u0432\u0435\u0441\u0442\u044c. \u041f\u0435\u0440\u0435\u0432\u043e\u0434: \u0422\u0430\u0442\u044c\u044f\u043d\u0430 \u0412\u0435\u0440\u0445\u043e\u0443\u0441\u0442\u0438\u043d\u0441\u043a\u0430\u044f, \u042d\u043b\u044c\u0432\u0438\u0440\u0430 \u041c\u0438\u0445\u0430\u0439\u043b\u043e\u0432\u0430, \u0421\u0432\u0435\u0442\u043b\u0430\u043d \u0421\u0435\u043c\u0435\u043d\u0435\u043d\u043a\u043e; \u043b\u0438\u0442\u0435\u0440\u0430\u0442\u0443\u0440\u043d\u044b\u0439 \u0440\u0435\u0434\u0430\u043a\u0442\u043e\u0440-\u0441\u043e\u0441\u0442\u0430\u0432\u0438\u0442\u0435\u043b\u044c \u041b\u044e\u0434\u043c\u0438\u043b\u0430 \u0413\u043b\u0443\u0448\u043a\u043e\u0432\u0441\u043a\u0430\u044f. \u0422\u0430\u043b\u043b\u0438\u043d\u043d: Eesti Kultuurikeskus Vene Ents\u00fcklopeedia, 2006, 278 pp.\u00a0<\/span><\/strong><\/p>\n<p><strong><span style=\"font-family: verdana, geneva\">Contents:<\/span><\/strong><\/p>\n<p><span style=\"font-family: verdana, geneva\"><strong>\u041e\u0442\u043a\u0440\u044b\u0442\u0438\u0435 \u043c\u0438\u0440\u0430: \u043f\u043e\u044d\u043c\u0430<\/strong>. [\u2019Maailma avastamine\u2019, a poem.]\u00a0<\/span><\/p>\n<p><em><span style=\"font-family: verdana, geneva\">Short stories:<\/span><\/em><br><span style=\"font-family: verdana, geneva\"><strong>1941<\/strong>.<\/span><br><span style=\"font-family: verdana, geneva\"><strong>\u041a\u043d\u044f\u0437\u044c<\/strong>. [\u2019V\u00fcrst\u2019.]<\/span><br><span style=\"font-family: verdana, geneva\"><strong>\u041f\u043e\u043d\u0438\u043c\u0430\u043b\u044c\u043d\u0430\u044f \u0440\u0435\u0447\u044c \u043f\u043e \u0445\u043e\u0437\u044f\u0438\u043d\u0443 \u041a\u0443\u0443\u0437\u0438\u043a\u0443<\/strong>. [\u2019J\u00e4releh\u00fc\u00fcd Kuusiku peremehele\u2019.]<\/span><br><span style=\"font-family: verdana, geneva\"><strong>\u041f\u043e\u0431\u0435\u0433<\/strong>. [\u2019P\u00f5genemine\u2019.]<\/span><br><span style=\"font-family: verdana, geneva\"><strong>\u0422\u0440\u0443\u0431\u0430<\/strong>. [\u2019Toru\u2019.]<\/span><br><span style=\"font-family: verdana, geneva\"><strong>\u0421\u0432\u0430\u0434\u0435\u0431\u043d\u043e\u0435 \u043f\u0443\u0442\u0435\u0448\u0435\u0441\u0442\u0432\u0438\u0435<\/strong>. [\u2019Pulmareis\u2019.]<\/span><br><span style=\"font-family: verdana, geneva\"><strong>\u0420\u0443\u043a\u043e\u043f\u0438\u0441\u044c \u0433\u043e\u0441\u043f\u043e\u0434\u0438\u043d\u0430 \u042f\u0440\u0432\u0430<\/strong>. [\u2019Isand J\u00e4rve k\u00e4sikiri\u2019.]<\/span><br><span style=\"font-family: verdana, geneva\"><strong>\u041e\u0447\u0430\u0440\u043e\u0432\u0430\u043d\u0438\u0435 \u043d\u0435\u0441\u043e\u0432\u043c\u0435\u0441\u0442\u0438\u043c\u044b\u0445 \u043e\u0431\u0441\u0442\u043e\u044f\u0442\u0435\u043b\u044c\u0441\u0442\u0432<\/strong>. [\u2019Sobimatute seikade v\u00f5lu: m\u00e4lestus v\u00f5i novell\u2019.]<\/span><br><span style=\"font-family: verdana, geneva\"><strong>\u0427\u0430\u0441 \u043d\u0430 \u0441\u0442\u0443\u043b\u0435, \u043a\u043e\u0442\u043e\u0440\u044b\u0439 \u0432\u0440\u0430\u0449\u0430\u0435\u0442\u0441\u044f<\/strong>. [\u2019P\u00f6\u00f6rdtoolitund\u2019.]\u00a0<\/span><\/p>\n<p><em><span style=\"font-family: verdana, geneva\">Articles:<\/span><\/em><br><span style=\"font-family: verdana, geneva\">\u042e\u043b\u043e \u0422\u0443\u0443\u043b\u0438\u043a, <strong>\u0412\u044b\u0448\u0435 \u0441\u043e\u0431\u0441\u0442\u0432\u0435\u043d\u043d\u043e\u0433\u043e \u0441\u0442\u0440\u0430\u0434\u0430\u043d\u0438\u044f<\/strong>.<\/span><br><span style=\"font-family: verdana, geneva\">\u0420\u0435\u0439\u043d \u0412\u0435\u0439\u0434\u0435\u043c\u0430\u043d\u043d, <strong>\u042f\u0430\u043d K\u0440\u043e\u0441\u0441: \u044d\u0441\u0442\u043e\u043d\u0441\u043a\u0438\u0439 \u043c\u0438\u0444<\/strong>.<\/span><br><span style=\"font-family: verdana, geneva\">\u0420\u0435\u0439\u043d \u0412\u0435\u0439\u0434\u0435\u043c\u0430\u043d\u043d, <strong>\u0427\u0435\u043b\u043e\u0432\u0435\u043a \u0438\u0437 \u0413\u0435\u043d\u0443\u0438<\/strong>.<\/span><\/p>\n","protected":false},"excerpt":{"rendered":"<p>\u042f\u0430\u043d \u041a\u0440\u043e\u0441\u0441. \u041e\u0442\u043a\u0440\u044b\u0442\u0438\u0435 \u043c\u0438\u0440\u0430: \u043f\u043e\u044d\u043c\u0430, \u043d\u043e\u0432\u0435\u043b\u043b\u044b, \u043f\u043e\u0432\u0435\u0441\u0442\u044c. \u041f\u0435\u0440\u0435\u0432\u043e\u0434: \u0422\u0430\u0442\u044c\u044f\u043d\u0430 \u0412\u0435\u0440\u0445\u043e\u0443\u0441\u0442\u0438\u043d\u0441\u043a\u0430\u044f, \u042d\u043b\u044c\u0432\u0438\u0440\u0430 \u041c\u0438\u0445\u0430\u0439\u043b\u043e\u0432\u0430, \u0421\u0432\u0435\u0442\u043b\u0430\u043d \u0421\u0435\u043c\u0435\u043d\u0435\u043d\u043a\u043e; \u043b\u0438\u0442\u0435\u0440\u0430\u0442\u0443\u0440\u043d\u044b\u0439 \u0440\u0435\u0434\u0430\u043a\u0442\u043e\u0440-\u0441\u043e\u0441\u0442\u0430\u0432\u0438\u0442\u0435\u043b\u044c \u041b\u044e\u0434\u043c\u0438\u043b\u0430 \u0413\u043b\u0443\u0448\u043a\u043e\u0432\u0441\u043a\u0430\u044f. \u0422\u0430\u043b\u043b\u0438\u043d\u043d: Eesti Kultuurikeskus Vene Ents\u00fcklopeedia, 2006, 278 pp.\u00a0 Contents: \u041e\u0442\u043a\u0440\u044b\u0442\u0438\u0435 \u043c\u0438\u0440\u0430: \u043f\u043e\u044d\u043c\u0430. [\u2019Maailma avastamine\u2019, a poem.]\u00a0 Short stories:1941.\u041a\u043d\u044f\u0437\u044c. [\u2019V\u00fcrst\u2019.]\u041f\u043e\u043d\u0438\u043c\u0430\u043b\u044c\u043d\u0430\u044f \u0440\u0435\u0447\u044c \u043f\u043e \u0445\u043e\u0437\u044f\u0438\u043d\u0443 &#8230;<\/p>\n","protected":false},"author":43,"featured_media":0,"parent":1892,"menu_order":0,"comment_status":"closed","ping_status":"closed","template":"","meta":{"_acf_changed":false,"inline_featured_image":false,"footnotes":""},"class_list":["post-847","page","type-page","status-publish","hentry"],"acf":[],"_links":{"self":[{"href":"https:\/\/sisu.ut.ee\/ewod\/wp-json\/wp\/v2\/pages\/847","targetHints":{"allow":["GET"]}}],"collection":[{"href":"https:\/\/sisu.ut.ee\/ewod\/wp-json\/wp\/v2\/pages"}],"about":[{"href":"https:\/\/sisu.ut.ee\/ewod\/wp-json\/wp\/v2\/types\/page"}],"author":[{"embeddable":true,"href":"https:\/\/sisu.ut.ee\/ewod\/wp-json\/wp\/v2\/users\/43"}],"replies":[{"embeddable":true,"href":"https:\/\/sisu.ut.ee\/ewod\/wp-json\/wp\/v2\/comments?post=847"}],"version-history":[{"count":1,"href":"https:\/\/sisu.ut.ee\/ewod\/wp-json\/wp\/v2\/pages\/847\/revisions"}],"predecessor-version":[{"id":4221,"href":"https:\/\/sisu.ut.ee\/ewod\/wp-json\/wp\/v2\/pages\/847\/revisions\/4221"}],"up":[{"embeddable":true,"href":"https:\/\/sisu.ut.ee\/ewod\/wp-json\/wp\/v2\/pages\/1892"}],"wp:attachment":[{"href":"https:\/\/sisu.ut.ee\/ewod\/wp-json\/wp\/v2\/media?parent=847"}],"curies":[{"name":"wp","href":"https:\/\/api.w.org\/{rel}","templated":true}]}}