{"id":846,"date":"2024-04-03T23:40:24","date_gmt":"2024-04-03T20:40:24","guid":{"rendered":"https:\/\/sisu.ut.ee\/ewod\/novels-et-42\/"},"modified":"2024-04-04T00:08:57","modified_gmt":"2024-04-03T21:08:57","slug":"novels","status":"publish","type":"page","link":"https:\/\/sisu.ut.ee\/ewod\/i\/ivanov\/novels\/","title":{"rendered":"\u0410\u043d\u0434\u0440\u0435\u0439 \u0418\u0432\u0430\u043d\u043e\u0432 (Andrei Ivanov) &#8211; novels"},"content":{"rendered":"<p><span style=\"font-size: medium\"><strong><span style=\"font-family: verdana, geneva\">Books<\/span><\/strong><\/span><\/p>\n<p><strong><em><span style=\"font-family: verdana, geneva\">English<br><\/span><\/em><\/strong><span style=\"font-family: verdana, geneva\"><strong>Hanuman\u2019s Travels<\/strong>. Translated by Matthew Hyde. Glasgow: Vagabond Voices, 2018, 410 pp. [\u2018\u041f\u0443\u0442\u0435\u0448\u0435\u0441\u0442\u0432\u0438\u0435 \u0425\u0430\u043d\u0443\u043c\u0430\u043d\u0430 \u043d\u0430 \u041b\u043e\u043b\u043b\u0430\u043d\u0434\u2019.]<\/span><span style=\"font-family: verdana, geneva\"><\/span><\/p>\n<p><strong><em><span style=\"font-family: verdana, geneva\">Finnish<br><\/span><\/em><\/strong><span style=\"font-family: verdana, geneva\"><strong>Kourallinen tomua<\/strong>. Suomentanut Jukka Mallinen. Rajam\u00e4ki: Aviador, 2018, 250 pp. [\u2018\u0413\u043e\u0440\u0441\u0442\u044c \u043f\u0440\u0430\u0445\u0430\u2019.]<\/span><span style=\"font-family: verdana, geneva\"><\/span><\/p>\n<p><strong><em><span style=\"font-family: verdana, geneva\">French<br><\/span><\/em><\/strong><span style=\"font-family: verdana, geneva\"><strong>Le voyage de Hanum\u00e2n<\/strong>. Traduit du russe (Estonie) par H\u00e9l\u00e8ne Henry. Paris: Le Tripode, 2016, 434 pp.\u00a0<span>[\u2018\u041f\u0443\u0442\u0435\u0448\u0435\u0441\u0442\u0432\u0438\u0435 \u0425\u0430\u043d\u0443\u043c\u0430\u043d\u0430 \u043d\u0430 \u041b\u043e\u043b\u043b\u0430\u043d\u0434\u2019.]\u00a0<\/span><\/span><strong><em><span style=\"font-family: verdana, geneva\"><br><\/span><\/em><\/strong><\/p>\n<p><strong><em><span style=\"font-family: verdana, geneva\">German<\/span><\/em><\/strong><br><span style=\"font-family: verdana, geneva\"><strong>Hanumans Reise nach Lolland<\/strong>. Translated by Friederike Meltendorf. M\u00fcnchen: Verlag Antje Kunstmann, 2012, 398 pp.\u00a0<span>[\u2018\u041f\u0443\u0442\u0435\u0448\u0435\u0441\u0442\u0432\u0438\u0435 \u0425\u0430\u043d\u0443\u043c\u0430\u043d\u0430 \u043d\u0430 \u041b\u043e\u043b\u043b\u0430\u043d\u0434\u2019.] <\/span><\/span><\/p>\n<p><\/p>\n<p><span style=\"font-size: medium\"><strong><span style=\"font-family: verdana, geneva\">In anthologies and magazines<\/span><\/strong><\/span><\/p>\n<p><span style=\"font-family: verdana, geneva\"><span><strong><em>Finnish<\/em><\/strong><br><strong>Katkelmia romaanista <em>Kourallinen tomua<\/em><\/strong>. \u2013 Nippernaati: virolaisen kirjallisuuden antologia, no 1. P\u00e4\u00e4toimittaja Sanna Immanen. [Helsinki]: Viro-instituutti, 2015, 166 pp. [Excerpt from \u2019\u0413\u043e\u0440\u0441\u0442\u044c \u043f\u0440\u0430\u0445\u0430\u2019. Contents: Meelis Friedenthal, \u2019Katkelmia romaanista <em>Mehil\u00e4iset<\/em>\u2019 (excerpt from \u2019Mesilased\u2019);<em> <\/em>Maarja Kangro, \u2019Atropoksen Opel Meriva\u2019 (\u2019Atropose Opel Meriva\u2019); Urmas Vadi, \u2019Is\u00e4n kuolema\u2019 (\u2019Isa surm\u2019); Andrei Ivanov, \u2019Katkelmia romaanista <em>Kourallinen tomua<\/em>\u2019 (excerpt from \u2019\u0413\u043e\u0440\u0441\u0442\u044c \u043f\u0440\u0430\u0445\u0430\u2019); P.I. Filimonov, Mit\u00e4 yksinkertaisimpia merkkij\u00e4rjestelmi\u00e4 (\u2019K\u00f5ige lihtsamad m\u00e4rgis\u00fcsteemid\u2019); Armin K\u00f5om\u00e4gi, \u2019Muistikatko\u2019 (\u2019M\u00e4lukas); Mait Vaik, \u2019Gruusialainen elokuva\u2019 (\u2019Gruusia film\u2019). Poems by Igor Kotjuh, Maarja P\u00e4rtna, Carolina Pihelgas and Aare Pilv.]<\/span><\/span><\/p>\n<p><span style=\"font-family: verdana, geneva\"><span><strong><em>Russian<\/em><\/strong><br><a href=\"https:\/\/www.oblaka.ee\/journal-new-clouds\/1-2-2014\/%D0%B0%D0%BD%D0%B4%D1%80%D0%B5%D0%B9-%D0%B8%D0%B2%D0%B0%D0%BD%D0%BE%D0%B2-%D0%B1%D0%B5%D0%B7-%D0%BD%D0%B0%D0%B7%D0%B2%D0%B0%D0%BD%D0%B8%D1%8F-%D1%84%D1%80%D0%B0%D0%B3%D0%BC%D0%B5%D0%BD%D1%82-%D1%80\/\" target=\"_blank\" rel=\"noopener\"><strong>\u0411\u0435\u0437 \u043d\u0430\u0437\u0432\u0430\u043d\u0438\u044f. \u0424\u0440\u0430\u0433\u043c\u0435\u043d\u0442 \u0440\u043e\u043c\u0430\u043d\u0430<\/strong><\/a>. \u2013 \u041d\u043e\u0432\u044b\u0435 o\u0431\u043b\u0430\u043a\u0430, no 1-2 (67-68), 2014.<br><a href=\"https:\/\/www.oblaka.ee\/journal-new-clouds\/1-2-2013\/%D0%B0%D0%BD%D0%B4%D1%80%D0%B5%D0%B9-%D0%B8%D0%B2%D0%B0%D0%BD%D0%BE%D0%B2-%D0%B1%D0%B0%D1%82%D0%B8%D1%81%D0%BA%D0%B0%D1%84-%D1%84%D1%80%D0%B0%D0%B3%D0%BC%D0%B5%D0%BD%D1%82-%D1%80%D0%BE%D0%BC%D0%B0\/\" target=\"_blank\" rel=\"noopener\"><strong>\u0411\u0430\u0442\u0438\u0441\u043a\u0430\u0444. \u0424\u0440\u0430\u0433\u043c\u0435\u043d\u0442 \u0440\u043e\u043c\u0430\u043d\u0430<\/strong><\/a>. \u2013 \u041d\u043e\u0432\u044b\u0435 o\u0431\u043b\u0430\u043a\u0430, no 1-2 (63-64), 2013.<br><\/span><\/span><\/p>\n","protected":false},"excerpt":{"rendered":"<p>Books EnglishHanuman\u2019s Travels. Translated by Matthew Hyde. Glasgow: Vagabond Voices, 2018, 410 pp. [\u2018\u041f\u0443\u0442\u0435\u0448\u0435\u0441\u0442\u0432\u0438\u0435 \u0425\u0430\u043d\u0443\u043c\u0430\u043d\u0430 \u043d\u0430 \u041b\u043e\u043b\u043b\u0430\u043d\u0434\u2019.] FinnishKourallinen tomua. Suomentanut Jukka Mallinen. Rajam\u00e4ki: Aviador, 2018, 250 pp. [\u2018\u0413\u043e\u0440\u0441\u0442\u044c \u043f\u0440\u0430\u0445\u0430\u2019.] FrenchLe voyage de Hanum\u00e2n. Traduit du russe (Estonie) par H\u00e9l\u00e8ne Henry. &#8230;<\/p>\n","protected":false},"author":43,"featured_media":0,"parent":811,"menu_order":0,"comment_status":"closed","ping_status":"closed","template":"","meta":{"_acf_changed":false,"inline_featured_image":false,"footnotes":""},"class_list":["post-846","page","type-page","status-publish","hentry"],"acf":[],"_links":{"self":[{"href":"https:\/\/sisu.ut.ee\/ewod\/wp-json\/wp\/v2\/pages\/846","targetHints":{"allow":["GET"]}}],"collection":[{"href":"https:\/\/sisu.ut.ee\/ewod\/wp-json\/wp\/v2\/pages"}],"about":[{"href":"https:\/\/sisu.ut.ee\/ewod\/wp-json\/wp\/v2\/types\/page"}],"author":[{"embeddable":true,"href":"https:\/\/sisu.ut.ee\/ewod\/wp-json\/wp\/v2\/users\/43"}],"replies":[{"embeddable":true,"href":"https:\/\/sisu.ut.ee\/ewod\/wp-json\/wp\/v2\/comments?post=846"}],"version-history":[{"count":1,"href":"https:\/\/sisu.ut.ee\/ewod\/wp-json\/wp\/v2\/pages\/846\/revisions"}],"predecessor-version":[{"id":4241,"href":"https:\/\/sisu.ut.ee\/ewod\/wp-json\/wp\/v2\/pages\/846\/revisions\/4241"}],"up":[{"embeddable":true,"href":"https:\/\/sisu.ut.ee\/ewod\/wp-json\/wp\/v2\/pages\/811"}],"wp:attachment":[{"href":"https:\/\/sisu.ut.ee\/ewod\/wp-json\/wp\/v2\/media?parent=846"}],"curies":[{"name":"wp","href":"https:\/\/api.w.org\/{rel}","templated":true}]}}