{"id":842,"date":"2024-04-03T23:40:24","date_gmt":"2024-04-03T20:40:24","guid":{"rendered":"https:\/\/sisu.ut.ee\/ewod\/kusnets\/"},"modified":"2024-04-04T00:08:56","modified_gmt":"2024-04-03T21:08:56","slug":"kusnets","status":"publish","type":"page","link":"https:\/\/sisu.ut.ee\/ewod\/k\/kusnets\/","title":{"rendered":"Tamur Kusnets"},"content":{"rendered":"<p>\n\t<br><span style=\"color:#000000\"><span style=\"font-size:13px\"><span style=\"font-family:Verdana,Geneva,sans-serif\">Tamur Kusnets (born 1. VII 1975) is a writer and an active serviceman.<\/span><\/span><\/span>\n<\/p>\n<p>\n\t<span style=\"color:#000000\"><span style=\"font-size:13px\"><span style=\"font-family:Verdana,Geneva,sans-serif\">Kusnets graduated the 1st Secondary School in Kunda in 1993, after which he undertook military service and chose a career in the Defence Forces. He has graduated from the Estonian National Defence College and worked as a lecturer in the same College. Kusnets is employed in the Defence Forces. He is a member of the Writers\u2019 Union since 2016.<\/span><\/span><\/span>\n<\/p>\n<p>\n\t<span style=\"color:#000000\"><span style=\"font-size:13px\"><span style=\"font-family:Verdana,Geneva,sans-serif\">Kusnets has written the novel trilogy <em>Hundip\u00e4ikese aeg<\/em> (\u2018Time of the Wolf Sun\u2019), which was published from 2008-2010. These history-inspired fantasy books transport the reader to the bloody battles of the beginning of the Dark Ages. The series takes place around the year 450 in the territories of North Germany and Denmark. According to the author, he was inspired by the Anglo-Saxon epic Beowulf among other works.<\/span><\/span><\/span>\n<\/p>\n<p>\n\t<span style=\"color:#000000\"><span style=\"font-size:13px\"><span style=\"font-family:Verdana,Geneva,sans-serif\">Kusnets\u2019 novel <em>P\u00fcha J\u00fcri kutsikad<\/em> (\u2018The Puppies of Saint George\u2019), which focuses on the Saint George\u2019s Night Uprising of Estonian peasants against Danish and German landlords in 1343, was published in 2012. At the forefront of the novel is a romantic love story. His 2016 historical novel <em>Puud kasvavad k\u00f5igile<\/em> (\u2018Trees Grow for Everybody\u2019) takes place in the region of Wallachia in the age of Vlad Dracula (15th century).<\/span><\/span><\/span>\n<\/p>\n<p>\n\t<em><span style=\"color:#000000\"><span style=\"font-size:13px\"><span style=\"font-family:Verdana,Geneva,sans-serif\">L. P. (Translated by A. A.)<\/span><\/span><\/span><\/em><\/p>\n<p>\u00a0\n<\/p>\n<p>\n\t<span style=\"color:#000000\"><span style=\"font-family:Verdana,Geneva,sans-serif\"><strong><span style=\"font-size:16px\">Books in Estonian<\/span><\/strong><\/span><\/span>\n<\/p>\n<p>\n\t<span style=\"color:#000000\"><span style=\"font-size:13px\"><span style=\"font-family:Verdana,Geneva,sans-serif\"><strong><em>Novels<\/em><\/strong><br><strong>Hundip\u00e4ikese aeg. I. Metsiku jahi algus<\/strong>. Tallinn: Pegasus, 2008, 437 lk.<br><strong>Hundip\u00e4ikese aeg. II. Vaen v\u00f5tab verej\u00e4lge<\/strong>. Tallinn: Pegasus, 2009, 487 lk.<br><strong>Hundip\u00e4ikese aeg. III. Hullud on hundid ja hullud on hagijad<\/strong>. Tallinn: Pegasus, 2010, 595 lk.<br><strong>P\u00fcha J\u00fcri kutsikad<\/strong>. Tallinn: T\u00e4nap\u00e4ev, 2012, 280 lk.<br><strong>Puud kasvavad k\u00f5igile<\/strong>. Ajaloolis-humoorikas kolejutt. Tallinn: T\u00e4nap\u00e4ev, 2016, 600 lk.<\/span><\/span><\/span><\/p>\n","protected":false},"excerpt":{"rendered":"<p>Tamur Kusnets (born 1. VII 1975) is a writer and an active serviceman. Kusnets graduated the 1st Secondary School in Kunda in 1993, after which he undertook military service and chose a career in the Defence Forces. He has graduated &#8230;<\/p>\n","protected":false},"author":43,"featured_media":0,"parent":498,"menu_order":0,"comment_status":"closed","ping_status":"closed","template":"","meta":{"_acf_changed":false,"inline_featured_image":false,"footnotes":""},"class_list":["post-842","page","type-page","status-publish","hentry"],"acf":[],"_links":{"self":[{"href":"https:\/\/sisu.ut.ee\/ewod\/wp-json\/wp\/v2\/pages\/842","targetHints":{"allow":["GET"]}}],"collection":[{"href":"https:\/\/sisu.ut.ee\/ewod\/wp-json\/wp\/v2\/pages"}],"about":[{"href":"https:\/\/sisu.ut.ee\/ewod\/wp-json\/wp\/v2\/types\/page"}],"author":[{"embeddable":true,"href":"https:\/\/sisu.ut.ee\/ewod\/wp-json\/wp\/v2\/users\/43"}],"replies":[{"embeddable":true,"href":"https:\/\/sisu.ut.ee\/ewod\/wp-json\/wp\/v2\/comments?post=842"}],"version-history":[{"count":1,"href":"https:\/\/sisu.ut.ee\/ewod\/wp-json\/wp\/v2\/pages\/842\/revisions"}],"predecessor-version":[{"id":4237,"href":"https:\/\/sisu.ut.ee\/ewod\/wp-json\/wp\/v2\/pages\/842\/revisions\/4237"}],"up":[{"embeddable":true,"href":"https:\/\/sisu.ut.ee\/ewod\/wp-json\/wp\/v2\/pages\/498"}],"wp:attachment":[{"href":"https:\/\/sisu.ut.ee\/ewod\/wp-json\/wp\/v2\/media?parent=842"}],"curies":[{"name":"wp","href":"https:\/\/api.w.org\/{rel}","templated":true}]}}