{"id":84,"date":"2024-04-03T23:39:20","date_gmt":"2024-04-03T20:39:20","guid":{"rendered":"https:\/\/sisu.ut.ee\/ewod\/belials\/"},"modified":"2025-03-07T14:36:40","modified_gmt":"2025-03-07T12:36:40","slug":"belials","status":"publish","type":"page","link":"https:\/\/sisu.ut.ee\/ewod\/b\/belials\/","title":{"rendered":"Veiko Belials"},"content":{"rendered":"<p><a href=\"https:\/\/sisu.ut.ee\/ewod\/b\/belials\/stories\"><span style=\"font-size: medium;\"><strong><span style=\"font-family: verdana, geneva;\">Short stories<\/span><\/strong><\/span><\/a><\/p>\n<p class=\"western\" style=\"margin-top: 0.08in; margin-bottom: 0.08in;\"><span style=\"color: #000000;\"><span style=\"font-size: 13px;\"><span style=\"font-family: Verdana,Geneva,sans-serif;\"><span style=\"line-height: 100%;\">Veiko Belials (born 20. VII 1966) is a science fiction, fantasy and children\u2019s author, poet, translator, and teacher.<\/span><\/span><\/span><\/span><\/p>\n<p class=\"western\" style=\"margin-top: 0.08in; margin-bottom: 0.08in;\"><span style=\"color: #000000;\"><span style=\"font-size: 13px;\"><span style=\"font-family: Verdana,Geneva,sans-serif;\"><span style=\"line-height: 100%;\">Belials was born in Tapa. In 1984, he graduated from Tapa Gymnasium. After attending the Soviet military service, he began studying forestry at the Estonian Agricultural Academy and graduated in 1991. Afterwards, he worked at a forestry trade union. From 2000, he also taught rural economy at Luua Forestry School. In 2003, he graduated with a technology teacher degree from the University of Tartu. From 1999, Belials is a member of the Estonian Writers\u2019 Union and from 2015, the president of the Estonian Science Fiction Association.<\/span><\/span><\/span><\/span><\/p>\n<p class=\"western\" style=\"margin-top: 0.08in; margin-bottom: 0.08in;\"><span style=\"color: #000000;\"><span style=\"font-size: 13px;\"><span style=\"font-family: Verdana,Geneva,sans-serif;\"><span style=\"background: #ffffff;\"><span style=\"line-height: 100%;\">As a prose writer, he debuted with the horror story <i>N\u00f6\u00f6rid <\/i>(\u2018Ropes\u2019, 1993) in the science fiction and fantasy (SFF) magazine Mardus. He has published science fiction, horror and fantasy stories in the magazines Looming and Vikerkaar, in addition to the web magazine Algernon and the anthology series <i>T\u00e4heaeg <\/i>(\u2018Star Time\u2019). He is one of the main writers represented in many science fiction anthologies, including <i>Eesti ulme antoloogia<\/i> (\u2018The Anthology of Estonian Science Fiction\u2019, Varrak, 2002), <i>S\u00f5da kosmose rannavetes<\/i> (\u2018War in the Coastal Waters of Space\u2019, 2011), Eestid, mida ei olnud (\u2018The Estonias That Never Were\u2019, 2017), <i>Isaac Asimov 100<\/i> (2019), and <i>Eesti ulme XXI sajandil<\/i> (\u2018Estonian Speculative Fiction in the XXI Century\u2019, 2020). He has co-authored several SFF stories with other authors, for example with M. Simpson, L. R. Berg, I. Hargla and J. J. Metsavana. The bulk of his hundred or so SFF stories have been published in four collections. He has won the Estonian SFF prize Stalker eight times.<\/span><\/span><\/span><\/span><\/span><\/p>\n<p class=\"western\" style=\"margin-top: 0.08in; margin-bottom: 0.08in;\"><span style=\"color: #000000;\"><span style=\"font-size: 13px;\"><span style=\"font-family: Verdana,Geneva,sans-serif;\"><span style=\"line-height: 100%;\">As a productive author of the golden age of Estonian SFF writing, he has written stories in several SFF sub genres such as cyber and nuclear punk, space adventures and ghost stories. His SFF stories sometimes contain excellent references to the works of grand masters and his own adaptations of familiar narratives. In the fantasy novel <i>Ashinari kroonikad <\/i>(\u2018The Chronicles of Ashinar\u2019, 1997), the author describes feudal, sword and sorcery type medieval worlds, in which good and evil are pitted against each other in an unfair and violent fight. In the science fiction novel <i>Jumalate vanden\u00f5u<\/i> (\u2018The Conspiracy of Gods\u2019, 2006), religious and philosophical contemplations form the backdrop to a space adventure full of fights and battles to foil the plans of an evil secret organization to enslave mankind.<\/span><\/span><\/span><\/span><\/p>\n<p class=\"western\" style=\"margin-top: 0.08in; margin-bottom: 0.08in;\"><span style=\"color: #000000;\"><span style=\"font-size: 13px;\"><span style=\"font-family: Verdana,Geneva,sans-serif;\"><span style=\"line-height: 100%;\">The story collection <i>Helesiniste Liivade laul<\/i> (\u2018The Song of Light-blue Sands\u2019, 2002) contains various fantasy and horror worlds, which critics have noted for being influenced by great SFF classics. The story collection <i>See, mis tuikab su veres<\/i> (\u2018That Which Courses Your Veins\u2019, 2005) offers Anglo-American-style bloody and danger-ridden dark fantasy. In those stories, the heroes are tasked with finding answers to the demons\u2019 secrets, thereby fighting both the nightmare creatures and secretive human powers. A parodying style is present in the short stories of his collection <i>Kogu maailma valgus <\/i>(\u2018The Light of the Entire World\u2019, 2013), where the reader encounters a ghetto future city run by hackers\u2019 gangs or a galactic human colony struck by a zombie apocalypse. The collection <i>Surnud mehe k\u00e4si<\/i> (\u2018Dead Man\u2019s Hand\u2019, 2021) includes space science fiction dealing with mainly large-scale ideas and philosophical questions.<\/span><\/span><\/span><\/span><\/p>\n<p class=\"western\" style=\"margin-top: 0.08in; margin-bottom: 0.08in;\"><span style=\"color: #000000;\"><span style=\"font-size: 13px;\"><span style=\"font-family: Verdana,Geneva,sans-serif;\"><span style=\"background: #ffffff;\"><span style=\"line-height: 100%;\">Belials started writing poetry during his military service, his first attempts were published in the magazine Noorus. In his poetry collections, he mainly combines love and nature poetry but also writes sharp straightforward jeer poetry. The collections are thematically diverse, emotionally sincere and nostalgic, use new symbolist devices and mythological motifs. They contain many parodies, oftentimes hinting at Estonian poetry but to well-known songs as well. Belials can capture important ideas succinctly and add punchlines to his messages using both rhyme and free verse. He has been more considerate of form when penning certain love sonnets.<\/span><\/span><\/span><\/span><\/span><\/p>\n<p class=\"western\" style=\"margin-top: 0.08in; margin-bottom: 0.08in;\"><span style=\"color: #000000;\"><span style=\"font-size: 13px;\"><span style=\"font-family: Verdana,Geneva,sans-serif;\"><span style=\"line-height: 100%;\">In the children\u2019s book <i>Ossum-Possum, pannkoogielukas<\/i> (\u2018Ossum-Possum, Pancake Creature\u2019, 2000), which walks the line between pretend and real worlds, the imagined things of the main character Laura comes to life when she is transported through a portal to the Land Under the Bed where various fantasy creatures live and regular objects become unusual. Among other authors, Belials was included in the story collection <i>Ruttu tuttu! Isade unejutte <\/i>(\u2018Swift to Slumber! Bedtime Stories by Fathers\u2019, 2005) which was recognized with the Raisin of the Year Award for most surprising and original children\u2019s book.<\/span><\/span><\/span><\/span><\/p>\n<p class=\"western\" style=\"margin-top: 0.08in; margin-bottom: 0.08in;\"><span style=\"color: #000000;\"><span style=\"font-size: 13px;\"><span style=\"font-family: Verdana,Geneva,sans-serif;\"><span style=\"line-height: 100%;\">Belials has translated Russian science fiction authors and published several Russian science fiction anthologies: <i>Keskp\u00e4eva varjud <\/i>(\u2018Shadows of Midday\u2019, 2015), <i>Me armastame Maad<\/i> (\u2018We Love Earth\u2019, I 2016; II 2017), <i>Raevu p\u00e4evad<\/i> (\u2018Days of Rage\u2019, I 2019; II 2020) and <i>Viimase s\u00f5ja viimane s\u00f5dur<\/i> (\u2018The Last Soldier of the Last War\u2019, 2021). As a nature photographer, he has compiled a photo album <i>Meil on elu keset metsa <\/i>(\u2018We Have Life in the Woods\u2019, 2011) and published two forestry reference books: <i>Metsas\u00f5bra teatmik <\/i>(\u2018Forest Friend\u2019s Handbook\u2019, 2006, co-authored by Aino M\u00f6lder) and <i>T\u00f6\u00f6ohutus raiet\u00f6\u00f6del<\/i> (\u2018Work Safety During Lumbering\u2019, 2007).<\/span><\/span><\/span><\/span><\/p>\n<p class=\"western\" style=\"margin-top: 0.08in; margin-bottom: 0.08in;\"><span style=\"color: #000000;\"><span style=\"font-size: 13px;\"><span style=\"font-family: Verdana,Geneva,sans-serif;\"><span style=\"line-height: 100%;\"><i>A. O. (Translated by A. A.)<\/i><\/span><\/span><\/span><\/span><\/p>\n<p><span style=\"color: #000000;\"><strong><span style=\"font-size: 16px;\"><span style=\"font-family: Verdana,Geneva,sans-serif;\"><span style=\"line-height: 100%;\">Books in Estonian<\/span><\/span><\/span><\/strong><\/span><\/p>\n<p class=\"western\" style=\"margin-top: 0.08in; margin-bottom: 0.08in;\"><span style=\"color: #000000;\"><span style=\"font-size: 13px;\"><span style=\"font-family: Verdana,Geneva,sans-serif;\"><span style=\"line-height: 100%;\"><i><b>Science fiction and fantasy<\/b><\/i><br>\n<b>Ashinari kroonikad<\/b>. Tallinn: Varrak, 1997, 351 lk.<br>\nVeiko Belials, Marek Simpson, <b>Existerion<\/b>. Tallinn: Varrak, 1999, 138 lk.<br>\n<b>Helesiniste Liivade laul<\/b>. Tartu: Fantaasia, 2002, 143 lk.<br>\n<b>See, mis tuikab su veres<\/b>. Tallinn: Salas\u00f5na, 2005, 187 lk.<br>\n<b>Jumalate vanden\u00f5u<\/b>. Tallinn: Varrak, 2006, 207 lk.<br>\n<b>Kogu maailma valgus<\/b>. Tartu: Fantaasia, 2013, 271 lk.<br>\n<b>Surnud mehe k\u00e4si<\/b>. Tartu: Lummur, 2021, 264 lk.<\/span><\/span><\/span><\/span><\/p>\n<p class=\"western\" style=\"margin-top: 0.08in; margin-bottom: 0.08in;\"><span style=\"color: #000000;\"><span style=\"font-size: 13px;\"><span style=\"font-family: Verdana,Geneva,sans-serif;\"><span style=\"line-height: 100%;\"><i><b>Poems<\/b><\/i><br>\n<b>\u2026ja libahuntidest ja lollist vennast<\/b>. Tartu: Luhalind, 1989, 25 lk.<br>\n<b>Vihmaste \u00f5htute nukrus<\/b>. Tartu, 1993, 53 lk.<br>\n<b>Ma olen pingviin<\/b>. Tartu: V. Belials, 1998, 76 lk.<br>\n<b>Naised, viin ja armuvalu<\/b>. Tallinn: Bahama Press, 2001, 45 lk. [E-raamat.]<br>\n<b>Ingelsilm<\/b>. Tallinn: Varrak, 2003, 47 lk.<br>\n<b>Sina ja vaikus ja pajud<\/b>. P\u00e4rnu: Jumalikud Ilmutused, 2011, 99 lk.<br>\n<b>Asfalteeritud inimesed<\/b>. Saarde-P\u00e4rnu: Jumalikud Ilmutused, 2015, 82 lk.<\/span><\/span><\/span><\/span><\/p>\n<p class=\"western\" style=\"margin-top: 0.08in; margin-bottom: 0.08in;\"><span style=\"color: #000000;\"><span style=\"font-size: 13px;\"><span style=\"font-family: Verdana,Geneva,sans-serif;\"><span style=\"line-height: 100%;\"><i><b>Children\u2019s books<\/b><\/i><br>\n<b>Ossum-Possum, pannkoogielukas<\/b>. Tallinn: Avita, 2000, 138 lk.<br>\n<b>Lugu kolmest j\u00e4nesest<\/b>. Tallinn: Dolce Press, 2008, 20 lk.<\/span><\/span><\/span><\/span><\/p>\n<p class=\"western\" style=\"margin-top: 0.08in; margin-bottom: 0.08in;\"><span style=\"color: #000000;\"><span style=\"font-size: 13px;\"><span style=\"font-family: Verdana,Geneva,sans-serif;\"><span style=\"line-height: 100%;\"><i><b>Reference books<\/b><\/i><br>\n<span style=\"font-weight: normal;\">Veiko Belials, Aino M\u00f6lder, <\/span><b>Metsas\u00f5bra teatmik<\/b>. Tartu: Halo Kirjastus, 2006, 55 lk.<br>\n<b>T\u00f6\u00f6ohutus raiet\u00f6\u00f6del<\/b>. Tartu: Halo Kirjastus, 2007, 16 lk.<\/span><\/span><\/span><\/span><\/p>\n<p class=\"western\" style=\"margin-top: 0.08in; margin-bottom: 0.08in;\">\n<\/p>","protected":false},"excerpt":{"rendered":"<p>Short stories Veiko Belials (born 20. VII 1966) is a science fiction, fantasy and children\u2019s author, poet, translator, and teacher. Belials was born in Tapa. In 1984, he graduated from Tapa Gymnasium. After attending the Soviet military service, he began &#8230;<\/p>\n","protected":false},"author":43,"featured_media":0,"parent":530,"menu_order":0,"comment_status":"closed","ping_status":"closed","template":"","meta":{"_acf_changed":false,"inline_featured_image":false,"footnotes":""},"class_list":["post-84","page","type-page","status-publish","hentry"],"acf":[],"_links":{"self":[{"href":"https:\/\/sisu.ut.ee\/ewod\/wp-json\/wp\/v2\/pages\/84","targetHints":{"allow":["GET"]}}],"collection":[{"href":"https:\/\/sisu.ut.ee\/ewod\/wp-json\/wp\/v2\/pages"}],"about":[{"href":"https:\/\/sisu.ut.ee\/ewod\/wp-json\/wp\/v2\/types\/page"}],"author":[{"embeddable":true,"href":"https:\/\/sisu.ut.ee\/ewod\/wp-json\/wp\/v2\/users\/43"}],"replies":[{"embeddable":true,"href":"https:\/\/sisu.ut.ee\/ewod\/wp-json\/wp\/v2\/comments?post=84"}],"version-history":[{"count":2,"href":"https:\/\/sisu.ut.ee\/ewod\/wp-json\/wp\/v2\/pages\/84\/revisions"}],"predecessor-version":[{"id":6631,"href":"https:\/\/sisu.ut.ee\/ewod\/wp-json\/wp\/v2\/pages\/84\/revisions\/6631"}],"up":[{"embeddable":true,"href":"https:\/\/sisu.ut.ee\/ewod\/wp-json\/wp\/v2\/pages\/530"}],"wp:attachment":[{"href":"https:\/\/sisu.ut.ee\/ewod\/wp-json\/wp\/v2\/media?parent=84"}],"curies":[{"name":"wp","href":"https:\/\/api.w.org\/{rel}","templated":true}]}}