{"id":839,"date":"2024-04-03T23:40:24","date_gmt":"2024-04-03T20:40:24","guid":{"rendered":"https:\/\/sisu.ut.ee\/ewod\/poems-et-131\/"},"modified":"2024-04-04T00:08:56","modified_gmt":"2024-04-03T21:08:56","slug":"poems","status":"publish","type":"page","link":"https:\/\/sisu.ut.ee\/ewod\/r\/riismaa\/poems\/","title":{"rendered":"Kaur Riismaa &#8211; poems"},"content":{"rendered":"<p><span style=\"font-family: verdana, geneva\"><strong><span style=\"font-size: medium\">In anthologies and magazines<\/span><\/strong><\/span><\/p>\n<p><span style=\"font-family: verdana, geneva\"><strong><em>English<\/em><\/strong><\/span><br><span style=\"font-family: verdana, geneva\"><strong>Evening fare<\/strong>. \u2013\u00a0Words Without Borders. The Online Magazine for International Literature. October 2015: Writing from the Edge: Estonian Literature.\u00a0<a href=\"http:\/\/www.wordswithoutborders.org\/issue\/october-2015\">http:\/\/www.wordswithoutborders.org\/issue\/october-2015<\/a>.<br><strong style=\"line-height: 1.6em\">Nimed, s\u00f5nad, n\u00f5iam\u00e4rgid: 4x (4+4)x4= noor Eesti luule = Names, Words, Witch\u00b4s Symbols: 4x(4+4)x4 = Young Estonian Poetry<\/strong>. Edited by J\u00fcrgen Rooste, translated by Luca Bonetti, Antoine Chalvin, Adam Cullen, Maarja Kangro, Reet Klettenberg, Uta K\u00fchrt, Hannu Oittinen, Monika Segesdi. Tallinn: Eesti Kirjanduse Teabekeskus \/ Eesti K\u00f6itekunstnike \u00dchendus, 2015, 144 pp. [Poems by Maria Lee, Veronika Kivisilla, Asko K\u00fcnnap, Maarja Kangro, Birk Rohelend, Igor Kotjuh, Kaur Riismaa, J\u00fcrgen Rooste in English, German, Russian, French, Finnish, Hungarian, Italian and Estonian.]<\/span><\/p>\n<p><span style=\"font-family: verdana, geneva\" data-mce-mark=\"1\"><\/span><\/p>\n<p><span style=\"font-family: verdana, geneva\"><strong><em>Finnish<\/em><\/strong><br><strong>Nippernaati: virolaisen kirjallisuuden antologia, no 2<\/strong>. P\u00e4\u00e4toimittaja Sanna Immanen. Helsinki: Viro-instituutti, 2016, 160 pp. [See <strong><a href=\"https:\/\/sisu.ut.ee\/ewod\/anthologies\/finnish\/nippernaati2\">contents<\/a><\/strong> of the anthology. Read\/download full text <strong><a href=\"http:\/\/www.digar.ee\/arhiiv\/et\/raamatud\/68130\" target=\"_blank\" rel=\"noopener\">here<\/a><\/strong>.]<strong><br>Nimed, s\u00f5nad, n\u00f5iam\u00e4rgid: 4x (4+4)x4= noor Eesti luule = Names, Words, Witch\u00b4s Symbols: 4x(4+4)x4 = Young Estonian Poetry<\/strong>. Edited by J\u00fcrgen Rooste, translated by Luca Bonetti, Antoine Chalvin, Adam Cullen, Maarja Kangro, Reet Klettenberg, Uta K\u00fchrt, Hannu Oittinen, Monika Segesdi. Tallinn: Eesti Kirjanduse Teabekeskus \/ Eesti K\u00f6itekunstnike \u00dchendus, 2015, 144 pp. [Poems by Maria Lee, Veronika Kivisilla, Asko K\u00fcnnap, Maarja Kangro, Birk Rohelend, Igor Kotjuh, Kaur Riismaa, J\u00fcrgen Rooste in English, German, Russian, French, Finnish, Hungarian, Italian and Estonian.]<br><\/span><\/p>\n\n<p><span style=\"font-family: verdana, geneva\"><strong><em>French<\/em><\/strong><br><strong>Nimed, s\u00f5nad, n\u00f5iam\u00e4rgid: 4x (4+4)x4= noor Eesti luule = Names, Words, Witch\u00b4s Symbols: 4x(4+4)x4 = Young Estonian Poetry<\/strong>. Edited by J\u00fcrgen Rooste, translated by Luca Bonetti, Antoine Chalvin, Adam Cullen, Maarja Kangro, Reet Klettenberg, Uta K\u00fchrt, Hannu Oittinen, Monika Segesdi. Tallinn: Eesti Kirjanduse Teabekeskus \/ Eesti K\u00f6itekunstnike \u00dchendus, 2015, 144 pp. [Poems by Maria Lee, Veronika Kivisilla, Asko K\u00fcnnap, Maarja Kangro, Birk Rohelend, Igor Kotjuh, Kaur Riismaa, J\u00fcrgen Rooste in English, German, Russian, French, Finnish, Hungarian, Italian and Estonian.]<br><\/span><\/p>\n\n<p><span style=\"font-family: verdana, geneva\"><strong><em>German<\/em><\/strong><br><strong>Nimed, s\u00f5nad, n\u00f5iam\u00e4rgid: 4x (4+4)x4= noor Eesti luule = Names, Words, Witch\u00b4s Symbols: 4x(4+4)x4 = Young Estonian Poetry<\/strong>. Edited by J\u00fcrgen Rooste, translated by Luca Bonetti, Antoine Chalvin, Adam Cullen, Maarja Kangro, Reet Klettenberg, Uta K\u00fchrt, Hannu Oittinen, Monika Segesdi. Tallinn: Eesti Kirjanduse Teabekeskus \/ Eesti K\u00f6itekunstnike \u00dchendus, 2015, 144 pp. [Poems by Maria Lee, Veronika Kivisilla, Asko K\u00fcnnap, Maarja Kangro, Birk Rohelend, Igor Kotjuh, Kaur Riismaa, J\u00fcrgen Rooste in English, German, Russian, French, Finnish, Hungarian, Italian and Estonian.]<br><\/span><\/p>\n\n<p><span style=\"font-family: verdana, geneva\"><strong><em>Hungarian<\/em><\/strong><br><strong>Nimed, s\u00f5nad, n\u00f5iam\u00e4rgid: 4x (4+4)x4= noor Eesti luule = Names, Words, Witch\u00b4s Symbols: 4x(4+4)x4 = Young Estonian Poetry<\/strong>. Edited by J\u00fcrgen Rooste, translated by Luca Bonetti, Antoine Chalvin, Adam Cullen, Maarja Kangro, Reet Klettenberg, Uta K\u00fchrt, Hannu Oittinen, Monika Segesdi. Tallinn: Eesti Kirjanduse Teabekeskus \/ Eesti K\u00f6itekunstnike \u00dchendus, 2015, 144 pp. [Poems by Maria Lee, Veronika Kivisilla, Asko K\u00fcnnap, Maarja Kangro, Birk Rohelend, Igor Kotjuh, Kaur Riismaa, J\u00fcrgen Rooste in English, German, Russian, French, Finnish, Hungarian, Italian and Estonian.]<br><\/span><\/p>\n\n<p><span style=\"font-family: verdana, geneva\"><strong><em>Italian<\/em><\/strong><br><strong>Nimed, s\u00f5nad, n\u00f5iam\u00e4rgid: 4x (4+4)x4= noor Eesti luule = Names, Words, Witch\u00b4s Symbols: 4x(4+4)x4 = Young Estonian Poetry<\/strong>. Edited by J\u00fcrgen Rooste, translated by Luca Bonetti, Antoine Chalvin, Adam Cullen, Maarja Kangro, Reet Klettenberg, Uta K\u00fchrt, Hannu Oittinen, Monika Segesdi. Tallinn: Eesti Kirjanduse Teabekeskus \/ Eesti K\u00f6itekunstnike \u00dchendus, 2015, 144 pp. [Poems by Maria Lee, Veronika Kivisilla, Asko K\u00fcnnap, Maarja Kangro, Birk Rohelend, Igor Kotjuh, Kaur Riismaa, J\u00fcrgen Rooste in English, German, Russian, French, Finnish, Hungarian, Italian and Estonian.]<br><\/span><\/p>\n\n<p><span style=\"font-family: verdana, geneva\"><strong><em>Russian<\/em><\/strong><br><strong>Nimed, s\u00f5nad, n\u00f5iam\u00e4rgid: 4x (4+4)x4= noor Eesti luule = Names, Words, Witch\u00b4s Symbols: 4x(4+4)x4 = Young Estonian Poetry<\/strong>. Edited by J\u00fcrgen Rooste, translated by Luca Bonetti, Antoine Chalvin, Adam Cullen, Maarja Kangro, Reet Klettenberg, Uta K\u00fchrt, Hannu Oittinen, Monika Segesdi. Tallinn: Eesti Kirjanduse Teabekeskus \/ Eesti K\u00f6itekunstnike \u00dchendus, 2015, 144 pp. [Poems by Maria Lee, Veronika Kivisilla, Asko K\u00fcnnap, Maarja Kangro, Birk Rohelend, Igor Kotjuh, Kaur Riismaa, J\u00fcrgen Rooste in English, German, Russian, French, Finnish, Hungarian, Italian and Estonian.]<\/span><\/p>\n","protected":false},"excerpt":{"rendered":"<p>In anthologies and magazines EnglishEvening fare. \u2013\u00a0Words Without Borders. The Online Magazine for International Literature. October 2015: Writing from the Edge: Estonian Literature.\u00a0http:\/\/www.wordswithoutborders.org\/issue\/october-2015.Nimed, s\u00f5nad, n\u00f5iam\u00e4rgid: 4x (4+4)x4= noor Eesti luule = Names, Words, Witch\u00b4s Symbols: 4x(4+4)x4 = Young Estonian Poetry. &#8230;<\/p>\n","protected":false},"author":43,"featured_media":0,"parent":831,"menu_order":0,"comment_status":"closed","ping_status":"closed","template":"","meta":{"_acf_changed":false,"inline_featured_image":false,"footnotes":""},"class_list":["post-839","page","type-page","status-publish","hentry"],"acf":[],"_links":{"self":[{"href":"https:\/\/sisu.ut.ee\/ewod\/wp-json\/wp\/v2\/pages\/839","targetHints":{"allow":["GET"]}}],"collection":[{"href":"https:\/\/sisu.ut.ee\/ewod\/wp-json\/wp\/v2\/pages"}],"about":[{"href":"https:\/\/sisu.ut.ee\/ewod\/wp-json\/wp\/v2\/types\/page"}],"author":[{"embeddable":true,"href":"https:\/\/sisu.ut.ee\/ewod\/wp-json\/wp\/v2\/users\/43"}],"replies":[{"embeddable":true,"href":"https:\/\/sisu.ut.ee\/ewod\/wp-json\/wp\/v2\/comments?post=839"}],"version-history":[{"count":1,"href":"https:\/\/sisu.ut.ee\/ewod\/wp-json\/wp\/v2\/pages\/839\/revisions"}],"predecessor-version":[{"id":4234,"href":"https:\/\/sisu.ut.ee\/ewod\/wp-json\/wp\/v2\/pages\/839\/revisions\/4234"}],"up":[{"embeddable":true,"href":"https:\/\/sisu.ut.ee\/ewod\/wp-json\/wp\/v2\/pages\/831"}],"wp:attachment":[{"href":"https:\/\/sisu.ut.ee\/ewod\/wp-json\/wp\/v2\/media?parent=839"}],"curies":[{"name":"wp","href":"https:\/\/api.w.org\/{rel}","templated":true}]}}