{"id":835,"date":"2024-04-03T23:40:23","date_gmt":"2024-04-03T20:40:23","guid":{"rendered":"https:\/\/sisu.ut.ee\/ewod\/kunnus\/"},"modified":"2024-04-04T00:08:58","modified_gmt":"2024-04-03T21:08:58","slug":"kunnus","status":"publish","type":"page","link":"https:\/\/sisu.ut.ee\/ewod\/k\/kunnus\/","title":{"rendered":"Mihkel Kunnus"},"content":{"rendered":"<p style=\"margin-bottom:0.08in\">\n\t<span style=\"color:#000000\"><span style=\"font-size:13px\"><span style=\"font-family:Verdana,Geneva,sans-serif\"><span style=\"line-height:150%\"><font style=\"12pt\"><a href=\"https:\/\/sisu.ut.ee\/wp-content\/uploads\/sites\/108\/mihkel_kunnus_alar_madisson.jpg\" target=\"_self\" rel=\"noopener\"><img decoding=\"async\" alt=\"Mihkel Kunnus\" src=\"https:\/\/sisu.ut.ee\/wp-content\/uploads\/sites\/108\/mihkel_kunnus_alar_madisson.jpg\" style=\"float: right;width: 200px;height: 301px\" title=\"Photo: Alar Madisson\"><\/a><\/font><\/span><\/span><\/span><\/span><\/p>\n<p>Mihkel Kunnus (born 23 February 1982) is an essayist and critic.\n<\/p>\n<p style=\"margin-bottom:0.08in\">\n\t<span style=\"color:#000000\"><span style=\"font-size:13px\"><span style=\"font-family:Verdana,Geneva,sans-serif\"><span style=\"line-height:150%\"><font style=\"12pt\">Kunnus was born at Uhtna (L\u00e4\u00e4ne-Viru County), attended school at Kaarepere (J\u00f5geva County) and N\u00f5o Secondary School of Science (Tartu County), studied chemistry at the University of Tartu and also acquired a MA in semiotics and cultural studies there. He has worked as a schoolteacher and university lecturer and is now opinion editor of the <i>Postimees<\/i> newspaper. He is a member of the Estonian Writers\u2019 Union from 2012. He received the annual award of the cultural weekly <i>Sirp<\/i> in 2010 and under the pseudonym Elli Soolo in 2012; in the same year he also earned the title of Tartu Kultuurikandja (\u2018Tartu Culture Bearer\u2019).<\/font><\/span><\/span><\/span><\/span>\n<\/p>\n<p style=\"margin-bottom:0.08in\">\n\t<span style=\"color:#000000\"><span style=\"font-size:13px\"><span style=\"font-family:Verdana,Geneva,sans-serif\"><span style=\"line-height:150%\"><font style=\"12pt\">Kunnus became known as a critic of literature and culture and columnist in the 2010s. He stands out with his idiosyncratic, erudite, argumented and sometimes radical (non-stereotypical) standpoints. He has defined his worldview as conservative. Essays and reviews have been gathered into the collections <i>Minu eugeenika saladus: kultuurieugeenilisi koode<\/i> (\u2018The Secret of My Eugenics: Cultural Eugenic Codes\u2019, 2012) and <i>Roheline s\u00fc\u00fc<\/i> (\u2018Green Guilt\u2019, 2014) which include treatments of Estonian literature and various social themes. An essential role in Kunnus\u2019 frame of mind belongs to rationality and morality; one of his characteristic stylistic devices is paradox. <\/font><\/span><\/span><\/span><\/span>\n<\/p>\n<p style=\"margin-bottom:0.08in\">\n\t<span style=\"color:#000000\"><em><span style=\"font-size:13px\"><span style=\"font-family:Verdana,Geneva,sans-serif\"><span style=\"line-height:150%\"><font style=\"12pt\">A. K. (Translated by I. A.)<\/font><\/span><\/span><\/span><\/em><\/span>\n<\/p>\n<p style=\"margin-bottom:0.08in\">\n<\/p><p><span style=\"color:#000000\"><span style=\"font-size:16px\"><span style=\"font-family:Verdana,Geneva,sans-serif\"><span style=\"line-height:150%\"><font style=\"12pt\"><b>Books in Estonian<\/b><\/font><\/span><\/span><\/span><\/span>\n<\/p>\n<p style=\"margin-bottom:0.08in\">\n\t<span style=\"color:#000000\"><span style=\"font-size:13px\"><span style=\"font-family:Verdana,Geneva,sans-serif\"><span style=\"line-height:150%\"><font style=\"12pt\"><i><b>Poetry<\/b><\/i><\/font><br><font style=\"12pt\">Elli Soolo, <b>Teine tegupool<\/b>. Tartu: Vabam\u00f5tleja, 2018, 80 lk.<\/font><\/span><\/span><\/span><\/span>\n<\/p>\n<p style=\"margin-bottom:0.08in\">\n\t<span style=\"color:#000000\"><span style=\"font-size:13px\"><span style=\"font-family:Verdana,Geneva,sans-serif\"><span style=\"line-height:150%\"><font style=\"12pt\"><i><b>Essays<\/b><\/i><\/font><br><font style=\"12pt\"><b>Minu eugeenika saladus: kultuurieugeenilisi koode<\/b>. Saarde, P\u00e4rnu: Jumalikud Ilmutused, 2012, 265 lk.<\/font><br><font style=\"12pt\"><b>Roheline s\u00fc\u00fc<\/b>. Saarde, P\u00e4rnu: Jumalikud Ilmutused, 2014, 164 lk.<\/font><br><font style=\"12pt\"><b>P\u00e4\u00e4stepaadieetika<\/b>. P\u00e4rnu: Jumalikud Ilmutused, 2018, 228 lk.<\/font><\/span><\/span><\/span><\/span><\/p>\n","protected":false},"excerpt":{"rendered":"<p>Mihkel Kunnus (born 23 February 1982) is an essayist and critic. Kunnus was born at Uhtna (L\u00e4\u00e4ne-Viru County), attended school at Kaarepere (J\u00f5geva County) and N\u00f5o Secondary School of Science (Tartu County), studied chemistry at the University of Tartu and &#8230;<\/p>\n","protected":false},"author":43,"featured_media":0,"parent":498,"menu_order":0,"comment_status":"closed","ping_status":"closed","template":"","meta":{"_acf_changed":false,"inline_featured_image":false,"footnotes":""},"class_list":["post-835","page","type-page","status-publish","hentry"],"acf":[],"_links":{"self":[{"href":"https:\/\/sisu.ut.ee\/ewod\/wp-json\/wp\/v2\/pages\/835","targetHints":{"allow":["GET"]}}],"collection":[{"href":"https:\/\/sisu.ut.ee\/ewod\/wp-json\/wp\/v2\/pages"}],"about":[{"href":"https:\/\/sisu.ut.ee\/ewod\/wp-json\/wp\/v2\/types\/page"}],"author":[{"embeddable":true,"href":"https:\/\/sisu.ut.ee\/ewod\/wp-json\/wp\/v2\/users\/43"}],"replies":[{"embeddable":true,"href":"https:\/\/sisu.ut.ee\/ewod\/wp-json\/wp\/v2\/comments?post=835"}],"version-history":[{"count":1,"href":"https:\/\/sisu.ut.ee\/ewod\/wp-json\/wp\/v2\/pages\/835\/revisions"}],"predecessor-version":[{"id":4251,"href":"https:\/\/sisu.ut.ee\/ewod\/wp-json\/wp\/v2\/pages\/835\/revisions\/4251"}],"up":[{"embeddable":true,"href":"https:\/\/sisu.ut.ee\/ewod\/wp-json\/wp\/v2\/pages\/498"}],"wp:attachment":[{"href":"https:\/\/sisu.ut.ee\/ewod\/wp-json\/wp\/v2\/media?parent=835"}],"curies":[{"name":"wp","href":"https:\/\/api.w.org\/{rel}","templated":true}]}}