{"id":831,"date":"2024-04-03T23:40:23","date_gmt":"2024-04-03T20:40:23","guid":{"rendered":"https:\/\/sisu.ut.ee\/ewod\/riismaa\/"},"modified":"2024-04-04T00:08:58","modified_gmt":"2024-04-03T21:08:58","slug":"riismaa","status":"publish","type":"page","link":"https:\/\/sisu.ut.ee\/ewod\/r\/riismaa\/","title":{"rendered":"Kaur Riismaa"},"content":{"rendered":"<p>\n\t<a href=\"https:\/\/sisu.ut.ee\/ewod\/r\/riismaa\/poems\"><strong><span style=\"font-size: medium;font-family: verdana, geneva\">Poems<\/span><\/strong><\/a>\n<\/p>\n<p>\n\t\u00a0\n<\/p>\n<p>\n\t<span style=\"color:#000000\"><span style=\"font-size:13px\"><span style=\"font-family:Verdana,Geneva,sans-serif\">Kaur Riismaa (born 24 March 1986) is a poet, prose writer and playwright.<\/span><\/span><\/span>\n<\/p>\n<p>\n\t<span style=\"color:#000000\"><span style=\"font-size:13px\"><span style=\"font-family:Verdana,Geneva,sans-serif\">Riismaa was born in Tartu. He studied semiotics, theology and classical languages at the University of Tartu, dramaturgy at the Theatre Department of the Estonian Academy of Music and Theatre and history at Tallinn University. He is a member of the Estonian Writers\u2019 Union from 2013.<\/span><\/span><\/span>\n<\/p>\n<p>\n\t<span style=\"color:#000000\"><span style=\"font-size:13px\"><span style=\"font-family:Verdana,Geneva,sans-serif\">He first began to publish literary texts in the portals <em>Kloaak<\/em> and <em>Poogen<\/em>. In print, his first poem was published in the newspaper <em>Eesti Kirik<\/em> in 2006. His first collection <em>Me hommikud, me p\u00e4evad, \u00f5htud, \u00f6\u00f6d<\/em> (\u2018Our Mornings, Our Days, Evenings, Nights\u2019, 2011) attracted attention with its characteristic maturity and was voted the best debut collection of the year by the critics of the literary journal <em>Vikerkaar<\/em>. He stood out as a lively narrator of stories and creator of characters who draws his subject matter from Estonian history. Critics have drawn parallels with the creation of the poet and prose writer <\/span><\/span><\/span><span style=\"font-size:13px\"><span style=\"font-family:Verdana,Geneva,sans-serif\"><a data-url=\"https:\/\/sisu.ut.ee\/ewod\/t\/traat\" href=\"https:\/\/sisu.ut.ee\/ewod\/t\/traat\" title=\"\">Mats Traat<\/a><\/span><\/span><span style=\"color:#000000\"><span style=\"font-size:13px\"><span style=\"font-family:Verdana,Geneva,sans-serif\">. The narrative origin is also distinctive of his other poetry collections, for example, <em>Teekond p\u00e4eva l\u00f5ppu<\/em>\u00a0 (\u2018Journey to the End of the Day\u2019, 2014), which received the Literature Endowment Annual Award, and <em>Merimetsa<\/em> (2014). A characteristic feature of his verses is playing with roles and viewpoints, lively creation of characters, e.g., in the collection <em>Metamorfoosid<\/em> (\u2018Metamorphoses\u2019, 2013). An essential place in his poetry belongs to temporal journeys on the landscapes of human life, entwinement of memory, topical and everyday themes with the eternal.<\/span><\/span><\/span>\n<\/p>\n<p>\n\t<span style=\"color:#000000\"><span style=\"font-size:13px\"><span style=\"font-family:Verdana,Geneva,sans-serif\">The empathy and sensitivity characteristic of his poetry are also recognisable in his prose, for example, in the debut novel <em>P\u00fcham\u00e4gi<\/em> (\u2018Sacred Mountain\u2019, 2015), which has been described as a long poem in prose. Riismaa blurs the border between poetry and prose; here, too, he tells stories about different characters in time. <em>Pimeda mehe aiad<\/em> (\u2018The Blind Man\u2019s Gardens\u2019), which appeared in the same year and won the novel competition of T\u00e4nap\u00e4ev publishers, moves in time and space, depicting the protagonist at different stages of his life. Time- and storylines are also entwined in the novels which belong notionally together \u2013 <em>V\u00e4ike Ferdinand<\/em> (\u2018Little Ferdinand\u2019, 2019, nominee for the European Union Prize for Literature) and <em>Jaanalind, k\u00e4gu, kajakas<\/em> (\u2018Ostrich, Cuckoo, Seagull\u2019, 2021) move through centuries on the trails of history and philosophy, dealing with several core issues of European culture and science. Richly multi-layered and multilingual is also the novel <em>Lumi Liivimaal<\/em> (\u2018Snow in Livonia\u2019, 2022), which, like the previous ones, entwines fictional and real persons, presenting a whole constellation of celebrities of science and culture. The novel, inspired by the theory of relativity, provides enjoyable blendings of time, space and texts, stating, inter alia, that as time and space depend on the viewer, there cannot be any objective history or truth. Despite rich layers of history and culture and allusions, Riismaa\u2019s texts are reader-friendly, providing different approaches and offering different models for reading.<\/span><\/span><\/span>\n<\/p>\n<p>\n\t<span style=\"color:#000000\"><span style=\"font-size:13px\"><span style=\"font-family:Verdana,Geneva,sans-serif\">An essential place in Riismaa\u2019s creation belongs to theatre in which he has been engaged since his school years. He has been active at Tartu Student Theatre and Drakadeemia, which concentrates on theatrical creative writing. His play <em>Tulvavesi vaatama<\/em> (\u2018Looking at Flood Waters\u2019) won a special mention at the playwriting competition of the Estonian Theatre Agency in 2009. Riismaa has compiled and staged several poetry programmes and other productions and been a dramaturge.<\/span><\/span><\/span>\n<\/p>\n<p>\n\t<span style=\"color:#000000\"><span style=\"font-size:13px\"><span style=\"font-family:Verdana,Geneva,sans-serif\">In 2015, he received the Estonian Cultural Endowment Scholarship Ela ja s\u00e4ra (\u2018Live and Shine\u2019) and the writer\u2019s salary in 2021\u20132023.<\/span><\/span><\/span>\n<\/p>\n<p>\n\t<em><span style=\"color:#000000\"><span style=\"font-size:13px\"><span style=\"font-family:Verdana,Geneva,sans-serif\">A. K. (Translated by I. A.)<\/span><\/span><\/span><\/em>\n<\/p>\n<p><strong><span style=\"font-size:16px\"><span style=\"color:#000000\"><span style=\"font-family:Verdana,Geneva,sans-serif\">Books in Estonian<\/span><\/span><\/span><\/strong>\n<\/p>\n<p>\n\t<span style=\"color:#000000\"><span style=\"font-size:13px\"><span style=\"font-family:Verdana,Geneva,sans-serif\"><strong><em>Novels<\/em><\/strong><br><strong>Pimeda mehe aiad<\/strong>. Tallinn: T\u00e4nap\u00e4ev, 2015, 222 lk<br><strong>P\u00fcham\u00e4gi<\/strong>. Luige: Verb, 2015, 109 lk<br><strong>V\u00e4ike Ferdinand<\/strong>. Tallinn: Vihmakass ja Kakerdaja, 2019, 318 lk<br><strong>Jaanalind, k\u00e4gu, kajakas<\/strong>. Tallinn: Vihmakass ja Kakerdaja, 2020, 508 lk<br><strong>Lumi Liivimaal<\/strong>. Tallinn: Vihmakass ja Kakerdaja, 2022, 300 lk<\/span><\/span><\/span>\n<\/p>\n<p>\n\t<span style=\"color:#000000\"><span style=\"font-size:13px\"><span style=\"font-family:Verdana,Geneva,sans-serif\"><strong><em>Poetry collections<\/em><\/strong><br><strong>Me hommikud, me p\u00e4evad, \u00f5htud, \u00f6\u00f6d<\/strong>. Saarde, P\u00e4rnu: Jumalikud Ilmutused, 2011, 196 lk<br><strong>Rebase matmine<\/strong>. Tallinn: N\u00e4o Kirik, 2012, 111 lk<br><strong>Majus ja majutult: naeru ja yksilduse raamat<\/strong>. Luige: Verb, 2013, 111 lk<br><strong>Metamorfoosid<\/strong>. Saarde, P\u00e4rnu: Jumalikud Ilmutused, 2013, 110 lk<br><strong>Merimetsa<\/strong>. Saarde, P\u00e4rnu: Jumalikud Ilmutused, 2014, 80 lk<br><strong>Teekond p\u00e4eva l\u00f5ppu<\/strong>. Tallinn: N\u00e4o Kirik, 2014, 63 lk<br><strong>Soek\u00fclm<\/strong>. Luige: Verb, 2016, 85 lk<br><strong>Kogemata<\/strong>. Tallinn: Vihmakass ja Kakerdaja, 2018, 51 lk<br><strong>Aknad avanevad taevasse<\/strong>. Tallinn: Vihmakass ja Kakerdaja, 2022, 64 lk<\/span><\/span><\/span>\n<\/p>\n<p>\n\t\u00a0<\/p>\n","protected":false},"excerpt":{"rendered":"<p>Poems \u00a0 Kaur Riismaa (born 24 March 1986) is a poet, prose writer and playwright. Riismaa was born in Tartu. He studied semiotics, theology and classical languages at the University of Tartu, dramaturgy at the Theatre Department of the Estonian &#8230;<\/p>\n","protected":false},"author":43,"featured_media":0,"parent":686,"menu_order":0,"comment_status":"closed","ping_status":"closed","template":"","meta":{"_acf_changed":false,"inline_featured_image":false,"footnotes":""},"class_list":["post-831","page","type-page","status-publish","hentry"],"acf":[],"_links":{"self":[{"href":"https:\/\/sisu.ut.ee\/ewod\/wp-json\/wp\/v2\/pages\/831","targetHints":{"allow":["GET"]}}],"collection":[{"href":"https:\/\/sisu.ut.ee\/ewod\/wp-json\/wp\/v2\/pages"}],"about":[{"href":"https:\/\/sisu.ut.ee\/ewod\/wp-json\/wp\/v2\/types\/page"}],"author":[{"embeddable":true,"href":"https:\/\/sisu.ut.ee\/ewod\/wp-json\/wp\/v2\/users\/43"}],"replies":[{"embeddable":true,"href":"https:\/\/sisu.ut.ee\/ewod\/wp-json\/wp\/v2\/comments?post=831"}],"version-history":[{"count":1,"href":"https:\/\/sisu.ut.ee\/ewod\/wp-json\/wp\/v2\/pages\/831\/revisions"}],"predecessor-version":[{"id":4247,"href":"https:\/\/sisu.ut.ee\/ewod\/wp-json\/wp\/v2\/pages\/831\/revisions\/4247"}],"up":[{"embeddable":true,"href":"https:\/\/sisu.ut.ee\/ewod\/wp-json\/wp\/v2\/pages\/686"}],"wp:attachment":[{"href":"https:\/\/sisu.ut.ee\/ewod\/wp-json\/wp\/v2\/media?parent=831"}],"curies":[{"name":"wp","href":"https:\/\/api.w.org\/{rel}","templated":true}]}}