{"id":828,"date":"2024-04-03T23:40:23","date_gmt":"2024-04-03T20:40:23","guid":{"rendered":"https:\/\/sisu.ut.ee\/ewod\/sinijarv\/"},"modified":"2024-09-11T15:57:01","modified_gmt":"2024-09-11T12:57:01","slug":"sinijarv","status":"publish","type":"page","link":"https:\/\/sisu.ut.ee\/ewod\/s\/sinijarv\/","title":{"rendered":"Karl Martin Sinij\u00e4rv"},"content":{"rendered":"<h5 class=\"wp-block-heading\"><br><a style=\"line-height: 1.6em;\" href=\"https:\/\/sisu.ut.ee\/ewod\/s\/sinijarv\/poems\"><strong><span style=\"font-family: verdana, geneva; font-size: medium;\">Poems<\/span><\/strong><\/a> <span style=\"font-family: verdana, geneva; font-size: medium;\"><a href=\"https:\/\/sisu.ut.ee\/wp-content\/uploads\/sites\/108\/k.-m._sinijarv_malev_toom.jpg\" target=\"_self\" rel=\"noopener\"><img decoding=\"async\" title=\"Photo: Malev Toom\" style=\"float: right; width: 300px; height: 445px;\" src=\"https:\/\/sisu.ut.ee\/wp-content\/uploads\/sites\/108\/kmsinijarv_malev_toom_vaike.jpg\" alt=\"Karl Martin Sinij\u00e4rv\"><\/a><\/span><\/h5>\n\n\n\n<h5 class=\"wp-block-heading\"><a href=\"https:\/\/sisu.ut.ee\/ewod\/s\/sinijarv\/stories\"><strong><span style=\"font-family: verdana, geneva; font-size: medium;\">Short stories<\/span><\/strong><\/a><\/h5>\n\n\n\n<h5 class=\"wp-block-heading\"><strong><span style=\"font-family: Verdana,Geneva,sans-serif;\"><span style=\"font-size: 16px;\"><a title=\"\" href=\"https:\/\/sisu.ut.ee\/ewod\/s\/sinijarv\/nonfiction\" data-url=\"https:\/\/sisu.ut.ee\/ewod\/s\/sinijarv\/nonfiction\">Non-fiction<\/a><\/span><\/span><\/strong><\/h5>\n\n\n\n<h5 class=\"wp-block-heading\"><a href=\"https:\/\/sisu.ut.ee\/ewod\/s\/sinijarv\/about\"><strong><span style=\"font-family: verdana, geneva; font-size: medium;\">About Karl Martin Sinij\u00e4rv<\/span><\/strong><\/a><\/h5>\n\n\n\n<p>\u00a0<\/p>\n\n\n\n<p><span style=\"color: #000000;\"><span style=\"font-size: 13px;\"><span style=\"font-family: Verdana,Geneva,sans-serif;\">Karl Martin Sinij\u00e4rv (born 4 June 1971) is a poet.<\/span><\/span><\/span><\/p>\n\n\n\n<p><span style=\"color: #000000;\"><span style=\"font-size: 13px;\"><span style=\"font-family: Verdana,Geneva,sans-serif;\">Sinij\u00e4rv was born in Tallinn. He attended school in Tallinn and studied Estonian and English philology and law at the University of Tartu. He has worked for the press, at advertising companies, been the presenter of cultural broadcasts <em>OP!<\/em> and <em>J\u00fcri \u00dcdi klubi<\/em> (\u2018<\/span><\/span><\/span><span style=\"font-size: 13px;\"><span style=\"font-family: Verdana,Geneva,sans-serif;\"><a title=\"\" href=\"https:\/\/sisu.ut.ee\/ewod\/v\/juhanviiding\" data-url=\"https:\/\/sisu.ut.ee\/ewod\/v\/juhanviiding\">J\u00fcri \u00dcdi<\/a><\/span><\/span><span style=\"color: #000000;\"><span style=\"font-size: 13px;\"><span style=\"font-family: Verdana,Geneva,sans-serif;\"> Club\u2019) on Estonian Television. As of 2023, Sinij\u00e4rv works as cultural adviser of the National Library of Estonia. He has participated in the literary groupings Hirohall and Estonian Kostabi Society. He has been a member of the Tartu Young Authors\u2019 Association and, from 1992, of the Estonian Writers\u2019 Union (chairman 2007\u20132016). He has been awarded the Order of the White Star, Class 4 (2013). His grandfather was the poet <\/span><\/span><\/span><span style=\"font-size: 13px;\"><span style=\"font-family: Verdana,Geneva,sans-serif;\"><a title=\"\" href=\"https:\/\/sisu.ut.ee\/ewod\/h\/ernihiir\" data-url=\"https:\/\/sisu.ut.ee\/ewod\/h\/ernihiir\">Erni Hiir<\/a><\/span><\/span><span style=\"color: #000000;\"><span style=\"font-size: 13px;\"><span style=\"font-family: Verdana,Geneva,sans-serif;\"> (1900\u20131989).<\/span><\/span><\/span><\/p>\n\n\n\n<p><span style=\"color: #000000;\"><span style=\"font-size: 13px;\"><span style=\"font-family: Verdana,Geneva,sans-serif;\">Sinij\u00e4rv has published poetry in the press from the late 1980s; his first poetry collection <em>Kolmring<\/em> (\u2018Threecircle\u2019) appeared in the poetry cassette of 1988 together with the texts by <\/span><\/span><\/span><span style=\"font-size: 13px;\"><span style=\"font-family: Verdana,Geneva,sans-serif;\"><a title=\"\" href=\"https:\/\/sisu.ut.ee\/ewod\/t\/trubetsky\" data-url=\"https:\/\/sisu.ut.ee\/ewod\/t\/trubetsky\">T\u00f5nu Trubetsky<\/a><\/span><\/span><span style=\"color: #000000;\"><span style=\"font-size: 13px;\"><span style=\"font-family: Verdana,Geneva,sans-serif;\">, <\/span><\/span><\/span><span style=\"font-size: 13px;\"><span style=\"font-family: Verdana,Geneva,sans-serif;\"><a title=\"\" href=\"https:\/\/sisu.ut.ee\/ewod\/r\/ringvee\" data-url=\"https:\/\/sisu.ut.ee\/ewod\/r\/ringvee\">Ringo Ringvee<\/a><\/span><\/span><span style=\"color: #000000;\"><span style=\"font-size: 13px;\"><span style=\"font-family: Verdana,Geneva,sans-serif;\"> and <\/span><\/span><\/span><span style=\"font-size: 13px;\"><span style=\"font-family: Verdana,Geneva,sans-serif;\"><a title=\"\" href=\"https:\/\/sisu.ut.ee\/ewod\/v\/valjataga\" data-url=\"https:\/\/sisu.ut.ee\/ewod\/v\/valjataga\">M\u00e4rt V\u00e4ljataga<\/a><\/span><\/span><span style=\"color: #000000;\"><span style=\"font-size: 13px;\"><span style=\"font-family: Verdana,Geneva,sans-serif;\">. Sinij\u00e4rv is notable for his idiosyncratic manner of expression in which the avant-garde styles of the early 20th century and language games and experiments play a significant role. An essential feature of his poetry is ethnofuturism, which merges the archaic content and the futurist form or the archaic form and modern content. Some of his poems, however, are more lyrical. In addition to futurist and surrealist allusions, connections with Anglo-American and rock culture have a significant place in his creation; his poems include quotations and parts of sentences in English. Healthy hedonism also has its place.<\/span><\/span><\/span><\/p>\n\n\n\n<p><span style=\"color: #000000;\"><span style=\"font-size: 13px;\"><span style=\"font-family: Verdana,Geneva,sans-serif;\">The collections <em>Vari and viisnurk<\/em> (\u2018Shadow and Pentagram\u2019, 1991) and <em>S\u00fcrWay<\/em> (1992) contain hints of futurism, surrealism and the style characteristic of Estonian poetry of the 1920s \u2013 \u2018poetry of the time\u2019 (<em>ajaluule<\/em>).\u00a0 There are abundant different linguistic devices and puns. In the first collection, the tonality is mainly lyrical, in the second \u2013 surrealist. <em>Neli sada keelt<\/em> (\u2018Four Hundred Languages\u2019, 1997) was printed on sheets of beer-bottle labels like <em>Lendavad sead<\/em> (\u2018Flying Pigs\u2019) by <\/span><\/span><\/span><span style=\"font-size: 13px;\"><span style=\"font-family: Verdana,Geneva,sans-serif;\"><a title=\"\" href=\"https:\/\/sisu.ut.ee\/ewod\/k\/kivikas\" data-url=\"https:\/\/sisu.ut.ee\/ewod\/k\/kivikas\">Albert Kivikas<\/a><\/span><\/span><span style=\"color: #000000;\"><span style=\"font-size: 13px;\"><span style=\"font-family: Verdana,Geneva,sans-serif;\"> in 1919. From the second half of the 1990s, his poetry has become more serious and mundane, e.g., the collection <em>Artutart &amp; 39<\/em> (2002), which received the Literature Endowment Annual Award. Among everything else, the collection includes several culinary allusions, which hint at another of Sinij\u00e4rv\u2019s hobbies; namely, he has also acted as a food critic and published <em>Poissmehe kokaraamat<\/em> (\u2018Bachelor\u2019s Cookbook\u2019, 2000).<\/span><\/span><\/span><\/p>\n\n\n\n<p><span style=\"color: #000000;\"><span style=\"font-size: 13px;\"><span style=\"font-family: Verdana,Geneva,sans-serif;\">Playfulness and searches for the form are also expressed in three collections with the title <em>Kaardipakk<\/em> (\u2018Card Deck\u2019, 2001, 2006, 2011) where each playing card has, in addition to usual markings, a poem. Along with Sinij\u00e4rv, the collections include texts by <\/span><\/span><\/span><span style=\"font-size: 13px;\"><span style=\"font-family: Verdana,Geneva,sans-serif;\"><a title=\"\" href=\"https:\/\/sisu.ut.ee\/ewod\/r\/rooste\" data-url=\"https:\/\/sisu.ut.ee\/ewod\/r\/rooste\">J\u00fcrgen Rooste<\/a><\/span><\/span><span style=\"color: #000000;\"><span style=\"font-size: 13px;\"><span style=\"font-family: Verdana,Geneva,sans-serif;\">, <\/span><\/span><\/span><span style=\"font-size: 13px;\"><span style=\"font-family: Verdana,Geneva,sans-serif;\"><a title=\"\" href=\"https:\/\/sisu.ut.ee\/ewod\/v\/eloviiding\" data-url=\"https:\/\/sisu.ut.ee\/ewod\/v\/eloviiding\">Elo Viiding<\/a><\/span><\/span><span style=\"color: #000000;\"><span style=\"font-size: 13px;\"><span style=\"font-family: Verdana,Geneva,sans-serif;\">, <\/span><\/span><\/span><span style=\"font-size: 13px;\"><span style=\"font-family: Verdana,Geneva,sans-serif;\"><a title=\"\" href=\"https:\/\/sisu.ut.ee\/ewod\/k\/kunnap\" data-url=\"https:\/\/sisu.ut.ee\/ewod\/k\/kunnap\">Asko K\u00fcnnap<\/a><\/span><\/span><span style=\"color: #000000;\"><span style=\"font-size: 13px;\"><span style=\"font-family: Verdana,Geneva,sans-serif;\"> and <\/span><\/span><\/span><span style=\"font-size: 13px;\"><span style=\"font-family: Verdana,Geneva,sans-serif;\"><a title=\"\" href=\"https:\/\/sisu.ut.ee\/ewod\/s\/soomets\" data-url=\"https:\/\/sisu.ut.ee\/ewod\/s\/soomets\">Triin Soomets<\/a><\/span><\/span><span style=\"color: #000000;\"><span style=\"font-size: 13px;\"><span style=\"font-family: Verdana,Geneva,sans-serif;\">. The collection <em>Kuradiratas<\/em> (\u2018Devil\u2019s Wheel\u2019 2018) by Sinij\u00e4rv, Rooste and K\u00fcnnap is also in the form of cards. This trio has also published other joint works. \u00a0<\/span><\/span><\/span><\/p>\n\n\n\n<p><span style=\"color: #000000;\"><span style=\"font-size: 13px;\"><span style=\"font-family: Verdana,Geneva,sans-serif;\">Sinij\u00e4rv has written many literature reviews and afterwords, compiled collections and translated.<\/span><\/span><\/span><\/p>\n\n\n\n<p><em><span style=\"color: #000000;\"><span style=\"font-size: 13px;\"><span style=\"font-family: Verdana,Geneva,sans-serif;\">A. K. (Translated by I. A.)<\/span><\/span><\/span><\/em><\/p>\n\n\n\n<p><strong><span style=\"font-size: 16px;\"><span style=\"color: #000000;\"><span style=\"font-family: Verdana,Geneva,sans-serif;\">Books in Estonian<\/span><\/span><\/span><\/strong><\/p>\n\n\n\n<p><span style=\"color: #000000;\"><span style=\"font-size: 13px;\"><span style=\"font-family: Verdana,Geneva,sans-serif;\"><strong><em>Poetry collections<\/em><\/strong><br><strong>Kolmring<\/strong>. Tallinn: Eesti Raamat, 1989, 47 lk. [Kogumikus \u2018Kassett \u201988.\u2019]<br><strong>Vari &amp; viisnurk<\/strong>. Tartu: Eesti Kostabi Selts, 1991, 79 lk<br><strong>S\u00fcrway<\/strong>. Tartu: Polluks, 1992, 93 lk<br><strong>Neli sada keelt<\/strong>. Tartu: Eesti Kostabi Selts, 1997, 91 lk<br><strong>Towntown &amp; 28<\/strong>: viies r\u00fchm poeese. Tallinn: Varrak, 1999, 87 lk<br>Karl Martin Sinij\u00e4rv, J\u00fcrgen Rooste, Asko K\u00fcnnap, <strong>Neid vigu me ei korda<\/strong>. Tallinn: N\u00e4o Kirik, 2000, 63 lk<br><strong>Artutart &amp; 39<\/strong>. Tallinn: Tuum, 2002, 75 lk<br>Karl Martin Sinij\u00e4rv, J\u00fcrgen Rooste, Asko K\u00fcnnap, <strong>Eesti haiku<\/strong>. Tallinn: N\u00e4o Kirik, 2010, 93 lk<br><strong>Kr\u00fcmitor 0671<\/strong>. Tallinn: N\u00e4o Kirik, 2011, 1999 lk<br><strong>Sureliku muuga<\/strong>: \u00dcdiklubilaule ja muid poeese. Tallinn: N\u00e4o Kirik, 2012, 94 lk<br><strong>KMSX: kuidas \u00f6elda<\/strong>. Tallinn: N\u00e4o Kirik, 2016, 93 lk<br>Karl Martin Sinij\u00e4rv, J\u00fcrgen Rooste, Asko K\u00fcnnap, <strong>Kuradiratas<\/strong>. Tallinn: N\u00e4o Kirik, 2018<br><strong>Irdtriiv<\/strong>: valimik m\u00f5tte- ja tundeluulet aastatest 2016-2021. Tallinn: N\u00e4o Kirik, 2021, 240 lk<\/span><\/span><\/span><\/p>\n\n\n\n<p><span style=\"color: #000000;\"><span style=\"font-size: 13px;\"><span style=\"font-family: Verdana,Geneva,sans-serif;\"><strong><em>Children\u2019s books<\/em><\/strong><br>Karl Martin Sinij\u00e4rv, J\u00fcrgen Rooste, Wimberg, <strong>Kolme p\u00e4kapiku j\u00f5ulud<\/strong>. Tallinn: Huma, 2002, 79 lk<br><strong>diPri j\u00f5ululuuletuste spikker 2016<\/strong>. Tallinn: Dipri, 2016, 46 lk<\/span><\/span><\/span><\/p>\n\n\n\n<p><span style=\"color: #000000;\"><span style=\"font-size: 13px;\"><span style=\"font-family: Verdana,Geneva,sans-serif;\"><strong><em>Prose<\/em><\/strong><br>Karl Martin Sinij\u00e4rv, J\u00fcri Pino, <strong>Sigalahe suvi<\/strong>. Tallinn: Varrak, 2004, 215 lk<\/span><\/span><\/span><\/p>\n\n\n\n<p><span style=\"color: #000000;\"><span style=\"font-size: 13px;\"><span style=\"font-family: Verdana,Geneva,sans-serif;\"><strong><em>Travelogues<\/em><\/strong><br>Karl Martin Sinij\u00e4rv, J\u00fcrgen Rooste, Asko K\u00fcnnap, <strong>Rokenroll<\/strong>. Tallinn: Go Group, 2013, 157 lk<\/span><\/span><\/span><\/p>\n\n\n\n<p><span style=\"color: #000000;\"><span style=\"font-size: 13px;\"><span style=\"font-family: Verdana,Geneva,sans-serif;\"><strong><em>Miscellaneous<\/em><\/strong><br><strong>Poissmehe kokaraamat<\/strong>. Tallinn: Ilo, 2000, 28 lk [2. tr\u00fckk: 2012]<br><strong>K\u00fcnnapRoosteSinij\u00e4rv<\/strong>. Tallinn: N\u00e4o Kirik ja \u00dchinenud Eesti Karmav\u00f5lglased, 2009, 95 lk<\/span><\/span><\/span><\/p>\n","protected":false},"excerpt":{"rendered":"<p>Poems Short stories Non-fiction About Karl Martin Sinij\u00e4rv \u00a0 Karl Martin Sinij\u00e4rv (born 4 June 1971) is a poet. Sinij\u00e4rv was born in Tallinn. He attended school in Tallinn and studied Estonian and English philology and law at the University &#8230;<\/p>\n","protected":false},"author":43,"featured_media":0,"parent":697,"menu_order":0,"comment_status":"closed","ping_status":"closed","template":"","meta":{"_acf_changed":false,"inline_featured_image":false,"footnotes":""},"class_list":["post-828","page","type-page","status-publish","hentry"],"acf":[],"_links":{"self":[{"href":"https:\/\/sisu.ut.ee\/ewod\/wp-json\/wp\/v2\/pages\/828","targetHints":{"allow":["GET"]}}],"collection":[{"href":"https:\/\/sisu.ut.ee\/ewod\/wp-json\/wp\/v2\/pages"}],"about":[{"href":"https:\/\/sisu.ut.ee\/ewod\/wp-json\/wp\/v2\/types\/page"}],"author":[{"embeddable":true,"href":"https:\/\/sisu.ut.ee\/ewod\/wp-json\/wp\/v2\/users\/43"}],"replies":[{"embeddable":true,"href":"https:\/\/sisu.ut.ee\/ewod\/wp-json\/wp\/v2\/comments?post=828"}],"version-history":[{"count":2,"href":"https:\/\/sisu.ut.ee\/ewod\/wp-json\/wp\/v2\/pages\/828\/revisions"}],"predecessor-version":[{"id":5477,"href":"https:\/\/sisu.ut.ee\/ewod\/wp-json\/wp\/v2\/pages\/828\/revisions\/5477"}],"up":[{"embeddable":true,"href":"https:\/\/sisu.ut.ee\/ewod\/wp-json\/wp\/v2\/pages\/697"}],"wp:attachment":[{"href":"https:\/\/sisu.ut.ee\/ewod\/wp-json\/wp\/v2\/media?parent=828"}],"curies":[{"name":"wp","href":"https:\/\/api.w.org\/{rel}","templated":true}]}}