{"id":820,"date":"2024-04-03T23:40:22","date_gmt":"2024-04-03T20:40:22","guid":{"rendered":"https:\/\/sisu.ut.ee\/ewod\/juhansaar\/"},"modified":"2024-04-04T00:09:00","modified_gmt":"2024-04-03T21:09:00","slug":"juhansaar","status":"publish","type":"page","link":"https:\/\/sisu.ut.ee\/ewod\/s\/juhansaar\/","title":{"rendered":"Juhan Saar"},"content":{"rendered":"<p>\n\t<a href=\"https:\/\/sisu.ut.ee\/ewod\/s\/juhansaar\/poems\"><span style=\"font-family: verdana, geneva;font-size: medium\"><strong>Poems <\/strong><\/span><\/a><strong><a href=\"https:\/\/sisu.ut.ee\/wp-content\/uploads\/sites\/108\/juhan_saar.jpg\" target=\"_self\" rel=\"noopener\"><img decoding=\"async\" alt=\"Juhan Saar\" src=\"https:\/\/sisu.ut.ee\/wp-content\/uploads\/sites\/108\/juhan_saar.jpg\" style=\"float: right;width: 200px;height: 264px\"><\/a><\/strong>\n<\/p>\n<p>\n\t<a href=\"https:\/\/sisu.ut.ee\/ewod\/s\/juhansaar\/stories\"><span style=\"font-family: verdana, geneva;font-size: medium\"><strong>Short stories<\/strong><\/span><\/a>\n<\/p>\n<p>\n\t<a href=\"https:\/\/sisu.ut.ee\/ewod\/s\/juhansaar\/plays\"><span style=\"font-family: verdana, geneva;font-size: medium\"><strong>Plays<\/strong><\/span><\/a>\n<\/p>\n<p>\u00a0\n<\/p>\n<p style=\"text-align:left\">\n\t<span style=\"font-size:13px\"><span style=\"font-family:Verdana,Geneva,sans-serif\">Juhan Saar (22. XII 1929 \u2013 28. VIII 2007) was a poet and prose writer.<\/span><\/span>\n<\/p>\n<p style=\"text-align:left\">\n\t<span style=\"font-size:13px\"><span style=\"font-family:Verdana,Geneva,sans-serif\">His childhood and adolescence were spent in Laeva parish in Tartu county. After gaining his primary education he attended the Tartu Electromechanical School. After serving time in the army from 1950 to 1953 he began work as a journalist on the children\u2019s paper <i><span style=\"font-style:italic\">S\u00e4de, <\/span><\/i>and thereafter worked in radio and television, as well as on the humour\u00a0journal\u00a0<i><span style=\"font-style:italic\">Pikker<\/span><\/i>. He was an official at the Ministry of Culture and the dramaturge\u00a0of the Puppet Theatre. Saar\u2019s path into literature passed through the Young Authors\u2019 Associacion. Some time later he devoted himself to organizational work as director and artistic manager of the Literature Propaganda Bureau. In the early phase of the restoration of Estonia\u2019s independence, in 1990, he was one of the founders of the Faatum publishing house, where he was active as editor-in-chief until the end of his days. <\/span><\/span>\n<\/p>\n<p style=\"text-align:left\">\n\t<span style=\"font-size:13px\"><span style=\"font-family:Verdana,Geneva,sans-serif\">Juhan Saar\u2019s poems are lyrical, but he has also written satire. His verse has simple form and it expresses a sharp-witted sub-text typical of its time. Apart from poetry he has cultivated short prose\u00a0for \u00a0both children and adults. He has also written song lyrics for musical theatre.<\/span><\/span>\n<\/p>\n<p style=\"text-align:left\">\n\t<span style=\"font-size:13px\"><span style=\"font-family:Verdana,Geneva,sans-serif\"><i><span style=\"font-style:italic\">L.<\/span><\/i><i>\u00a0<\/i><i><span style=\"font-style:italic\">P.<\/span><\/i><i><span style=\"font-style:italic\">\u00a0(Translated by C. M.)<\/span><\/i><\/span><\/span>\n<\/p>\n<p style=\"text-align:left\">\n<\/p><p><span style=\"font-size:16px\"><span style=\"font-family:Verdana,Geneva,sans-serif\"><b><span style=\"font-weight:bold\">Books in Estonian<\/span><\/b><\/span><\/span>\n<\/p>\n<p style=\"text-align:left\">\n\t<span style=\"font-size:13px\"><span style=\"font-family:Verdana,Geneva,sans-serif\"><span style=\"line-height:114%\"><b><i><span style=\"font-weight:bold\"><span style=\"font-style:italic\">Poems<\/span><\/span><\/i><\/b><br><b><span style=\"font-weight:bold\">Kured ja laevad<\/span><\/b>: luuletusi 1952\u20131964. Tallinn: Eesti Raamat, 1966,\u00a087 lk.<br><b><span style=\"font-weight:bold\">\u00d5nnelik mees<\/span><\/b>. Tallinn: Eesti Raamat, 1977,\u00a063 lk.<br><b><span style=\"font-weight:bold\">Seitsmenda p\u00e4eva saar: luuletusi ja lugusid l\u00e4bi kolme aastak\u00fcmne, 1956\u20131986<\/span><\/b>. Tallinn: Eesti Raamat, 1989,\u00a0158 lk.<br><b><span style=\"font-weight:bold\">Elu ikka \u00fchekordne: seitsek\u00fcmmend valitud luuletust iseendale ja s\u00f5pradele r\u00f5\u00f5muks ning lohutuseks<\/span><\/b>. Tallinn: Faatum, 1999,\u00a089 lk.<\/span><\/span><\/span>\n<\/p>\n<p style=\"text-align:left\">\n\t<span style=\"font-size:13px\"><span style=\"font-family:Verdana,Geneva,sans-serif\"><span style=\"line-height:114%\"><b><i><span style=\"font-weight:bold\"><span style=\"font-style:italic\">Prose<\/span><\/span><\/i><\/b><br><b><span style=\"font-weight:bold\">V\u00e4rviline m\u00f5te: lugusid ja laaste<\/span><\/b>. Tallinn: Ajalehtede-Ajakirjade Kirjastus, 1963,\u00a096 lk.<br><b><span style=\"font-weight:bold\">Metsa taga ei ole mets: jutustus<\/span><\/b>. Tallinn: Eesti Raamat, 1964,\u00a083 lk.<br><b><span style=\"font-weight:bold\">\u00d5htujutud<\/span><\/b>. Tallinn: Eesti Raamat, 1966,\u00a060 lk.<br><b><span style=\"font-weight:bold\">M\u00e4ng: jutustus<\/span><\/b>. Tallinn: Eesti Raamat, 1973,\u00a064 lk.<br><b><span style=\"font-weight:bold\">Metsa taga ei ole mets: hommikujutud<\/span><\/b>. Tallinn: Faatum, 2007,\u00a0128 lk.<\/span><\/span><\/span>\n<\/p>\n<p style=\"text-align:left\">\n\t<span style=\"font-size:13px\"><span style=\"font-family:Verdana,Geneva,sans-serif\"><span style=\"line-height:114%\"><b><i><span style=\"font-weight:bold\"><span style=\"font-style:italic\">Plays<\/span><\/span><\/i><\/b><br><b><span style=\"font-weight:bold\">Valge tee kutse ja teisi lavatekste 1980\u20132005<\/span><\/b>. Tallinn: Faatum, 2008,\u00a0399 lk.<\/span><\/span><\/span>\n<\/p>\n<p style=\"text-align:left\">\n\t<span style=\"font-size:13px\"><span style=\"font-family:Verdana,Geneva,sans-serif\"><span style=\"line-height:114%\"><b><span style=\"font-weight:bold\">Memoirs<\/span><\/b><br><b><span style=\"font-weight:bold\">Valus naer: memuaarid<\/span><\/b>. Tallinn: Faatum, 2005,\u00a0323 lk.<\/span><\/span><\/span>\n<\/p>\n<p>\n\t\u00a0<\/p>\n","protected":false},"excerpt":{"rendered":"<p>Poems Short stories Plays \u00a0 Juhan Saar (22. XII 1929 \u2013 28. VIII 2007) was a poet and prose writer. His childhood and adolescence were spent in Laeva parish in Tartu county. After gaining his primary education he attended the &#8230;<\/p>\n","protected":false},"author":43,"featured_media":0,"parent":697,"menu_order":0,"comment_status":"closed","ping_status":"closed","template":"","meta":{"_acf_changed":false,"inline_featured_image":false,"footnotes":""},"class_list":["post-820","page","type-page","status-publish","hentry"],"acf":[],"_links":{"self":[{"href":"https:\/\/sisu.ut.ee\/ewod\/wp-json\/wp\/v2\/pages\/820","targetHints":{"allow":["GET"]}}],"collection":[{"href":"https:\/\/sisu.ut.ee\/ewod\/wp-json\/wp\/v2\/pages"}],"about":[{"href":"https:\/\/sisu.ut.ee\/ewod\/wp-json\/wp\/v2\/types\/page"}],"author":[{"embeddable":true,"href":"https:\/\/sisu.ut.ee\/ewod\/wp-json\/wp\/v2\/users\/43"}],"replies":[{"embeddable":true,"href":"https:\/\/sisu.ut.ee\/ewod\/wp-json\/wp\/v2\/comments?post=820"}],"version-history":[{"count":1,"href":"https:\/\/sisu.ut.ee\/ewod\/wp-json\/wp\/v2\/pages\/820\/revisions"}],"predecessor-version":[{"id":4258,"href":"https:\/\/sisu.ut.ee\/ewod\/wp-json\/wp\/v2\/pages\/820\/revisions\/4258"}],"up":[{"embeddable":true,"href":"https:\/\/sisu.ut.ee\/ewod\/wp-json\/wp\/v2\/pages\/697"}],"wp:attachment":[{"href":"https:\/\/sisu.ut.ee\/ewod\/wp-json\/wp\/v2\/media?parent=820"}],"curies":[{"name":"wp","href":"https:\/\/api.w.org\/{rel}","templated":true}]}}