{"id":813,"date":"2024-04-03T23:40:21","date_gmt":"2024-04-03T20:40:21","guid":{"rendered":"https:\/\/sisu.ut.ee\/ewod\/plays-et-30\/"},"modified":"2024-04-04T00:09:02","modified_gmt":"2024-04-03T21:09:02","slug":"plays","status":"publish","type":"page","link":"https:\/\/sisu.ut.ee\/ewod\/r\/runnel\/plays\/","title":{"rendered":"Hando Runnel &#8211; plays"},"content":{"rendered":"<p><strong><span style=\"font-family: verdana, geneva;font-size: medium\">Books<\/span><\/strong><\/p>\n<p><em><strong><span style=\"font-family: verdana, geneva\">French<\/span><\/strong><\/em><br><span style=\"font-family: verdana, geneva\">Madis K\u00f5iv, Hando Runnel,\u00a0<strong>La Grange: com\u00e9die grin\u00e7ante en trois actes<\/strong>. Traduit de l\u2019estonien par Jean Pascal Ollivry. Paris: L\u2019Espace d\u2019un Instant, 2010, 154 pp. [\u2018K\u00fc\u00fcni t\u00e4itmine\u2019.]<\/span><\/p>\n","protected":false},"excerpt":{"rendered":"<p>Books FrenchMadis K\u00f5iv, Hando Runnel,\u00a0La Grange: com\u00e9die grin\u00e7ante en trois actes. Traduit de l\u2019estonien par Jean Pascal Ollivry. Paris: L\u2019Espace d\u2019un Instant, 2010, 154 pp. [\u2018K\u00fc\u00fcni t\u00e4itmine\u2019.]<\/p>\n","protected":false},"author":43,"featured_media":0,"parent":1655,"menu_order":0,"comment_status":"closed","ping_status":"closed","template":"","meta":{"_acf_changed":false,"inline_featured_image":false,"footnotes":""},"class_list":["post-813","page","type-page","status-publish","hentry"],"acf":[],"_links":{"self":[{"href":"https:\/\/sisu.ut.ee\/ewod\/wp-json\/wp\/v2\/pages\/813","targetHints":{"allow":["GET"]}}],"collection":[{"href":"https:\/\/sisu.ut.ee\/ewod\/wp-json\/wp\/v2\/pages"}],"about":[{"href":"https:\/\/sisu.ut.ee\/ewod\/wp-json\/wp\/v2\/types\/page"}],"author":[{"embeddable":true,"href":"https:\/\/sisu.ut.ee\/ewod\/wp-json\/wp\/v2\/users\/43"}],"replies":[{"embeddable":true,"href":"https:\/\/sisu.ut.ee\/ewod\/wp-json\/wp\/v2\/comments?post=813"}],"version-history":[{"count":1,"href":"https:\/\/sisu.ut.ee\/ewod\/wp-json\/wp\/v2\/pages\/813\/revisions"}],"predecessor-version":[{"id":4274,"href":"https:\/\/sisu.ut.ee\/ewod\/wp-json\/wp\/v2\/pages\/813\/revisions\/4274"}],"up":[{"embeddable":true,"href":"https:\/\/sisu.ut.ee\/ewod\/wp-json\/wp\/v2\/pages\/1655"}],"wp:attachment":[{"href":"https:\/\/sisu.ut.ee\/ewod\/wp-json\/wp\/v2\/media?parent=813"}],"curies":[{"name":"wp","href":"https:\/\/api.w.org\/{rel}","templated":true}]}}