{"id":81,"date":"2024-04-03T23:39:20","date_gmt":"2024-04-03T20:39:20","guid":{"rendered":"https:\/\/sisu.ut.ee\/ewod\/stories-et-11\/"},"modified":"2024-04-04T00:11:04","modified_gmt":"2024-04-03T21:11:04","slug":"stories","status":"publish","type":"page","link":"https:\/\/sisu.ut.ee\/ewod\/e\/einer\/stories\/","title":{"rendered":"Karl Einer &#8211; short stories"},"content":{"rendered":"<p><strong><span style=\"font-family: verdana,geneva;font-size: medium\">In anthologies and magazines<\/span><\/strong><\/p>\n<p><strong><em><span style=\"font-family: verdana,geneva\">Dutch<\/span><\/em><\/strong><br><span style=\"font-family: verdana,geneva\"><strong><span style=\"font-family: verdana,geneva\">Een brief van mijn moeder<\/span><\/strong>. \u2013 Schrijvers in Ballingschap. Redactie en inleiding: Anny Schuitema. Amsterdam: Heijnis, 1963, 319 pp. [Anthology of writers in exile. Includes the stories \u2018Een brief van mijn moeder\u2019 by\u00a0 Karl Einer, \u2018De klok van de heilige geest\u2019 (\u2018P\u00fchavaimu kiriku kell\u2019) by Gert Helbem\u00e4e and \u2018De glimlach\u2019 by August M\u00e4lk and the poems \u2018Wachtend\u2019 (\u2018Me ootame\u2019) by Marie Under and \u2018Kerstavond\u2019 (\u2018J\u00f5ulu\u00f6\u00f6\u2019) by Henrik Visnapuu.]<\/span><\/p>\n","protected":false},"excerpt":{"rendered":"<p>In anthologies and magazines DutchEen brief van mijn moeder. \u2013 Schrijvers in Ballingschap. Redactie en inleiding: Anny Schuitema. Amsterdam: Heijnis, 1963, 319 pp. [Anthology of writers in exile. Includes the stories \u2018Een brief van mijn moeder\u2019 by\u00a0 Karl Einer, \u2018De &#8230;<\/p>\n","protected":false},"author":43,"featured_media":0,"parent":74,"menu_order":0,"comment_status":"closed","ping_status":"closed","template":"","meta":{"_acf_changed":false,"inline_featured_image":false,"footnotes":""},"class_list":["post-81","page","type-page","status-publish","hentry"],"acf":[],"_links":{"self":[{"href":"https:\/\/sisu.ut.ee\/ewod\/wp-json\/wp\/v2\/pages\/81","targetHints":{"allow":["GET"]}}],"collection":[{"href":"https:\/\/sisu.ut.ee\/ewod\/wp-json\/wp\/v2\/pages"}],"about":[{"href":"https:\/\/sisu.ut.ee\/ewod\/wp-json\/wp\/v2\/types\/page"}],"author":[{"embeddable":true,"href":"https:\/\/sisu.ut.ee\/ewod\/wp-json\/wp\/v2\/users\/43"}],"replies":[{"embeddable":true,"href":"https:\/\/sisu.ut.ee\/ewod\/wp-json\/wp\/v2\/comments?post=81"}],"version-history":[{"count":1,"href":"https:\/\/sisu.ut.ee\/ewod\/wp-json\/wp\/v2\/pages\/81\/revisions"}],"predecessor-version":[{"id":4991,"href":"https:\/\/sisu.ut.ee\/ewod\/wp-json\/wp\/v2\/pages\/81\/revisions\/4991"}],"up":[{"embeddable":true,"href":"https:\/\/sisu.ut.ee\/ewod\/wp-json\/wp\/v2\/pages\/74"}],"wp:attachment":[{"href":"https:\/\/sisu.ut.ee\/ewod\/wp-json\/wp\/v2\/media?parent=81"}],"curies":[{"name":"wp","href":"https:\/\/api.w.org\/{rel}","templated":true}]}}