{"id":809,"date":"2024-04-03T23:40:21","date_gmt":"2024-04-03T20:40:21","guid":{"rendered":"https:\/\/sisu.ut.ee\/ewod\/poems-et-124\/"},"modified":"2024-04-04T00:09:02","modified_gmt":"2024-04-03T21:09:02","slug":"poems","status":"publish","type":"page","link":"https:\/\/sisu.ut.ee\/ewod\/r\/rimmel\/poems\/","title":{"rendered":"Rudolf Rimmel &#8211; poems"},"content":{"rendered":"<p>\n\t<span style=\"font-family: verdana, geneva;font-size: medium\"><strong><strong>In compilations, anthologies, magazines<\/strong><\/strong><\/span>\n<\/p>\n<p>\n\t<span style=\"font-family: verdana, geneva\"><strong><em>Esperanto<\/em><\/strong><\/span><br><span style=\"font-family: verdana, geneva\"><strong>Estona soveta poezio<\/strong>. Edited and translated by Hilda Dresen; afterword by Jaan Toomla. Tallinn: Eesti Raamat, 1977, 204 pp. [Poems by\u00a0August Alle, Artur Alliksaar,\u00a0Betti Alver, Vladimir Beekman, Paul Haavaoks, Lehte Hainsalu, Ain Kaalep, Kalju Kangur,\u00a0Jaan Kaplinski, Ilmi Kolla,\u00a0Jaan Kross, Erni Krusten, Jaan K\u00e4rner, Uno Laht,\u00a0Viivi Luik, Kersti Merilaas, Ellen Niit, Minni Nurme, Ralf Parve, Lilli Promet, Mart Raud, Rudolf Rimmel,\u00a0Paul-Eerik Rummo,\u00a0Hando Runnel, Juhan Saar, August Sang, Johannes Semper, Arvi Siig, Juhan Smuul, Harald Suislepp, Aleksander Suuman, Juhan S\u00fctiste,\u00a0Mats Traat, Debora Vaarandi, Johannes Vares-Barbarus,\u00a0Enn Vetemaa.]<\/span>\n<\/p>\n<p>\n\t<span style=\"font-family: verdana, geneva\"><strong><em>Georgian<\/em><\/strong><br><strong>\u10d4\u10e1\u10e2\u10dd\u10dc\u10d4\u10da\u10d8 \u10e1\u10d0\u10d1\u10ed\u10dd\u10d7\u10d0 \u10de\u10dd\u10d4\u10e2\u10d4\u10d1\u10d8<\/strong>. \u10d4\u10e1\u10e2\u10dd\u10dc\u10e3\u10e0\u10d8\u10d3\u10d0\u10dc \u10d7\u10d0\u10e0\u10d2\u10db\u10dc\u10d0 \u10d0\u10db\u10d8\u10e0\u10d0\u10dc \u10d9\u10d0\u10da\u10d0\u10eb\u10d4\u10db. \u10e0\u10d4\u10d3\u10d0\u10e5\u10e2\u10dd\u10e0\u10d8: \u10da. \u10d8\u10db\u10d4\u10e0\u10da\u10d8\u10e8\u10d5\u10d8\u10da\u10d8. \u10d7\u10d1\u10d8\u10da\u10d8\u10e1\u10d8: \u10e1\u10d0\u10d1\u10ed\u10dd\u10d7\u10d0 \u10e1\u10d0\u10e5\u10d0\u10e0\u10d7\u10d5\u10d4\u10da\u10dd, 1984, 133 \u10d2\u10d5. [\u10d9\u10d4\u10e0\u10e1\u10e2 \u10db\u10d0\u10e0\u10d8\u10d0\u10da\u10d0\u10e1, \u10d0\u10da\u10d5\u10d4\u10e0\u10d8, \u10d0\u10d5\u10d2\u10e3\u10e1\u10e2 \u10e1\u10d0\u10dc\u10d2\u10d0, \u10d3\u10d4\u10d1\u10dd\u10e0\u10d0 \u10d5\u10d0\u10e0\u10d0\u10d0\u10dc\u10d3\u10d8, \u10d0\u10e0\u10e2\u10e3\u10e0 \u10d0\u10da\u10d8\u10d9\u10e1\u10d0\u10d0\u10e0\u10d8, \u10d4\u10da\u10d4\u10dc \u10dc\u10d8\u10e2\u10d8, \u10d8\u10d0\u10dc \u10d9\u10e0\u10dd\u10e1\u10d8, \u10d5\u10da\u10d0\u10d3\u10d8\u10db\u10d4\u10e0 \u10d1\u10d4\u10d9\u10db\u10d0\u10dc\u10d8, \u10d0\u10da\u10d4\u10e5\u10e1\u10d0\u10dc\u10d3\u10e0\u10d4 \u10e8\u10e3\u10db\u10d0\u10dc\u10d8, \u10d0\u10d8\u10dc \u10ee\u10d0\u10da\u10d4\u10d5\u10d8, \u10d8\u10e3\u10ee\u10d0\u10dc \u10e1\u10d0\u10d0\u10e0\u10d8, \u10e0\u10e3\u10d3\u10dd\u10da\u10e4 \u10e0\u10d8\u10db\u10d4\u10da\u10d8, \u10d0\u10e0\u10d5\u10d8 \u10e1\u10d8\u10d8\u10d2\u10d8, \u10d8\u10d0\u10dc \u10d9\u10d0\u10de\u10da\u10d8\u10dc\u10e1\u10d9\u10d8, \u10d9\u10d0\u10da\u10d4 \u10d9\u10e3\u10e0\u10d2\u10d8, \u10d0\u10dc\u10d3\u10e0\u10d4\u10e1 \u10d4\u10ee\u10d8\u10dc\u10d8, \u10d5\u10d8\u10d8\u10d5\u10d8 \u10da\u10e3\u10d8\u10d9, \u10d8\u10e3\u10ee\u10d0\u10dc \u10d5\u10d8\u10d8\u10d3\u10d8\u10dc\u10d2, Lehte Hainsalu, Paul-Eerik Rummo, Mats Traat, Hando Runnel.]<\/span>\n<\/p>\n<p>\n\t<span style=\"font-family: verdana, geneva\"><strong><em>German<\/em><\/strong><br><strong>Wie Ozeane Ozeanen sind die Menschen gleich\u2026<\/strong>. \u00dcbersetzung: Rainer Kirsch. \u2013 Sowjetliteratur, no 6, 1970, p 147. [\u2018K\u00f5ik inimesed on kui ookeanid \u00fchtemoodi\u2026\u2019.]<\/span>\n<\/p>\n<p>\n\t<span style=\"font-family: verdana, geneva\"><span><strong><em>Hungarian<\/em><\/strong><\/span><br><span><strong>\u00c9szt k\u00f6lt\u00f6k: huszadik sz\u00e1zadi \u00e9szt l\u00edra<\/strong>. V\u00e1logatta, az \u00e9letrajzi jegyzeteket k\u00e9sz\u00edtette \u00e9s a sz\u00f6veggondoz\u00e1st v\u00e9gezte Bereczki G\u00e1bor, Bereczkin\u00e9 Mai Kiisk, Feh\u00e9rvari Gy\u00f6z\u00f6.\u00a0Budapest: Eur\u00f3pa k\u00f6nyvkiad\u00f3, 1975, 651 pp. [Poems by\u00a0Gustav Suits,\u00a0Ernst Enno,\u00a0Villem Gr\u00fcnthal-Ridala,\u00a0Marie Under,\u00a0Henrik Visnapuu,\u00a0Jaan K\u00e4rner,\u00a0Johannes Barbarus,\u00a0Johannes Semper,\u00a0August Alle,\u00a0Valmar Adams,\u00a0Uku Masing,\u00a0Juhan S\u00fctiste,\u00a0Heiti Talvik,\u00a0Betti Alver,\u00a0August Sang,\u00a0Kersti Merilaas,\u00a0Bernard Kangro,\u00a0Arno Vihalemm,\u00a0Kalju Lepik,\u00a0Ivar Gr\u00fcnthal,\u00a0Felix Kotta,\u00a0Aira Kaal,\u00a0Paul Rummo,\u00a0Debora Vaarandi,\u00a0Ralf Parve,\u00a0Juhan Smuul,\u00a0Ellen Niit,\u00a0Vladimir Beekman,\u00a0Uno Laht,\u00a0Jaan Kross,\u00a0Ain Kaalep,\u00a0Mats Traat,\u00a0Linda Ruud,\u00a0Paul-Eerik Rummo,\u00a0Arvi Siig,\u00a0Enn Vetemaa,\u00a0Rudolf Rimmel,\u00a0Jaan Kaplinski,\u00a0Hando Runnel.]<\/span><\/span>\n<\/p>\n<p>\n\t<span style=\"font-family: verdana, geneva\"><span><strong><em>Russian<\/em><\/strong><br><strong>\u0420\u0430\u0441\u043f\u0430\u0445\u043d\u0438 \u043e\u043a\u043d\u043e \u043d\u0430 \u0441\u0435\u0432\u0435\u0440: \u0441\u0442\u0438\u0445\u0438 \u044d\u0441\u0442\u043e\u043d\u0441\u043a\u0438\u0445 \u043f\u043e\u044d\u0442\u043e\u0432 \u0432 \u043f\u0435\u0440\u0435\u0432\u043e\u0434\u0430\u0445 \u0411\u043e\u0440\u0438\u0441\u0430 \u0428\u0442\u0435\u0439\u043d\u0430<\/strong>. \u0422\u0430\u043b\u043b\u0438\u043d: \u042d\u044d\u0441\u0442\u0438 \u0440\u0430\u0430\u043c\u0430\u0442, 1984, 99 pp. [Poems by Juhan Liiv, Ernst Enno, Hendrik Adamson, Juhan Smuul, Mats Traat, Arvi Siig, Rudolf Rimmel.]<\/span><\/span><\/p>\n","protected":false},"excerpt":{"rendered":"<p>In compilations, anthologies, magazines EsperantoEstona soveta poezio. Edited and translated by Hilda Dresen; afterword by Jaan Toomla. Tallinn: Eesti Raamat, 1977, 204 pp. [Poems by\u00a0August Alle, Artur Alliksaar,\u00a0Betti Alver, Vladimir Beekman, Paul Haavaoks, Lehte Hainsalu, Ain Kaalep, Kalju Kangur,\u00a0Jaan Kaplinski, &#8230;<\/p>\n","protected":false},"author":43,"featured_media":0,"parent":797,"menu_order":0,"comment_status":"closed","ping_status":"closed","template":"","meta":{"_acf_changed":false,"inline_featured_image":false,"footnotes":""},"class_list":["post-809","page","type-page","status-publish","hentry"],"acf":[],"_links":{"self":[{"href":"https:\/\/sisu.ut.ee\/ewod\/wp-json\/wp\/v2\/pages\/809","targetHints":{"allow":["GET"]}}],"collection":[{"href":"https:\/\/sisu.ut.ee\/ewod\/wp-json\/wp\/v2\/pages"}],"about":[{"href":"https:\/\/sisu.ut.ee\/ewod\/wp-json\/wp\/v2\/types\/page"}],"author":[{"embeddable":true,"href":"https:\/\/sisu.ut.ee\/ewod\/wp-json\/wp\/v2\/users\/43"}],"replies":[{"embeddable":true,"href":"https:\/\/sisu.ut.ee\/ewod\/wp-json\/wp\/v2\/comments?post=809"}],"version-history":[{"count":1,"href":"https:\/\/sisu.ut.ee\/ewod\/wp-json\/wp\/v2\/pages\/809\/revisions"}],"predecessor-version":[{"id":4270,"href":"https:\/\/sisu.ut.ee\/ewod\/wp-json\/wp\/v2\/pages\/809\/revisions\/4270"}],"up":[{"embeddable":true,"href":"https:\/\/sisu.ut.ee\/ewod\/wp-json\/wp\/v2\/pages\/797"}],"wp:attachment":[{"href":"https:\/\/sisu.ut.ee\/ewod\/wp-json\/wp\/v2\/media?parent=809"}],"curies":[{"name":"wp","href":"https:\/\/api.w.org\/{rel}","templated":true}]}}