{"id":808,"date":"2024-04-03T23:40:21","date_gmt":"2024-04-03T20:40:21","guid":{"rendered":"https:\/\/sisu.ut.ee\/ewod\/rooste\/"},"modified":"2024-09-17T16:08:45","modified_gmt":"2024-09-17T13:08:45","slug":"rooste","status":"publish","type":"page","link":"https:\/\/sisu.ut.ee\/ewod\/r\/rooste\/","title":{"rendered":"J\u00fcrgen Rooste"},"content":{"rendered":"<figure class=\"wp-block-image alignright size-large is-resized\"><a href=\"https:\/\/sisu.ut.ee\/wp-content\/uploads\/sites\/108\/Jurgen-Rooste_alar_madisson-scaled.jpg\"><img loading=\"lazy\" decoding=\"async\" width=\"1024\" height=\"681\" src=\"https:\/\/sisu.ut.ee\/wp-content\/uploads\/sites\/108\/Jurgen-Rooste_alar_madisson-1024x681.jpg\" alt=\"\" class=\"wp-image-5533\" style=\"width:450px\" title=\"Photo: Alar Madisson\" srcset=\"https:\/\/sisu.ut.ee\/wp-content\/uploads\/sites\/108\/Jurgen-Rooste_alar_madisson-1024x681.jpg 1024w, https:\/\/sisu.ut.ee\/wp-content\/uploads\/sites\/108\/Jurgen-Rooste_alar_madisson-300x200.jpg 300w, https:\/\/sisu.ut.ee\/wp-content\/uploads\/sites\/108\/Jurgen-Rooste_alar_madisson-768x511.jpg 768w, https:\/\/sisu.ut.ee\/wp-content\/uploads\/sites\/108\/Jurgen-Rooste_alar_madisson-1536x1022.jpg 1536w, https:\/\/sisu.ut.ee\/wp-content\/uploads\/sites\/108\/Jurgen-Rooste_alar_madisson-2048x1363.jpg 2048w, https:\/\/sisu.ut.ee\/wp-content\/uploads\/sites\/108\/Jurgen-Rooste_alar_madisson-1920x1278.jpg 1920w\" sizes=\"auto, (max-width: 1024px) 100vw, 1024px\"><\/a><\/figure>\n\n\n\n<h5 class=\"wp-block-heading\"><br><a href=\"https:\/\/sisu.ut.ee\/ewod\/r\/rooste\/poems\"><span style=\"font-family: verdana, geneva; font-size: medium;\"><strong>Poems<\/strong><\/span><\/a><\/h5>\n\n\n\n<h5 class=\"wp-block-heading\"><a href=\"https:\/\/sisu.ut.ee\/ewod\/r\/rooste\/stories\"><span style=\"font-family: verdana, geneva; font-size: medium;\"><strong>Short stories<\/strong><\/span><\/a><\/h5>\n\n\n\n<h5 class=\"wp-block-heading\"><a href=\"https:\/\/sisu.ut.ee\/ewod\/r\/rooste\/about\"><span style=\"font-family: verdana, geneva; font-size: medium;\"><strong>About J\u00fcrgen Rooste<\/strong><\/span><\/a><\/h5>\n\n\n\n<p><br>J\u00fcrgen Rooste (born 31 July 1979) is an Estonian poet.<\/p>\n\n\n\n<p>Rooste was born in Tallinn. In 1997, he completed Tallinn Secondary School of Science, studied Estonian language and literature at Tallinn Pedagogical University from 1997\u20132004 and defended his graduation thesis in 2012. Rooste has worked as literary and managing editor of the newspaper <em>Sirp<\/em> (2002\u20132007), head of the Finnish branch of the Estonian Institute (2007\u20132008), cultural editor of the newspaper <em>Maaleht<\/em> (2012\u20132013), managed projects for the Estonian Writers\u2019 Union, conducted a poetry broadcast on Estonian Television, been a teacher of Estonian at Rocca al Mare and Tabasalu schools and occasionally worked as a freelancer. From 2005\u20132017, Rooste was a member of the Social Democratic Party.<\/p>\n\n\n\n<p>Rooste started writing poetry when he was still at school and has said that \u201cI just write poems, although I don\u2019t know how it works\u201d and that \u201cthere is always another damn poem inside me that won\u2019t let me be\u201d. In 1998\u20132000, he was a member of the literary group Tallinna Noored Tegijad (Young Doers of Tallinn) and an active organizer of the literature festival <em>Sotsia<\/em> from the very beginning. His poetry also has a largely social undertone. He has been active in Estonian literary life, participated in arranging literary events and been among jury members who distribute literary awards.<\/p>\n\n\n\n<p>He has published more than twenty collections of poetry and received many awards for them: in 2000, the <a href=\"https:\/\/sisu.ut.ee\/ewod\/a\/alver\/\" data-type=\"page\" data-id=\"487\">Betti Alver<\/a> Award for the collection <em>Sonetid<\/em> (\u2018Sonnets\u2019, 1999), in 2005 and 2012, the Literature Endowment Annual Awards for <em>Ilusaks inimeseks<\/em> (\u2018To Become a Beautiful Person, 2005), <em>Laul j\u00e4\u00e4karudest<\/em> (\u2018A Song About Polar Bears\u2019) and <em>Higgsi boson<\/em> (\u2018Higgs Boson\u2019, both 2012) and in 2012 the Tallinn University Literary Award for <em>Kuidas tappa laulur\u00e4stikut<\/em> (\u2018How to Kill a Mocking Viper\u2019, 2011). In 2005, the collection of children\u2019s stories <em>Ruttu tuttu! Eesti isade unejutte<\/em> (\u2018Quickly to Bed! Estonian Dads\u2019 Bedtime Stories\u2019) received the Raisin of the Year Award. Along with ten other authors, it included Rooste\u2019s stories. In 2007, however, he was awarded the <a href=\"https:\/\/sisu.ut.ee\/ewod\/t\/friedeberttuglas\/\" data-type=\"page\" data-id=\"1981\">Friedebert Tuglas<\/a> Short Story Award for <em>Pornofilm ja pudel viina<\/em> (\u2018Porn Film and a Bottle of Vodka\u2019, published in the journal <em>Vikerkaar<\/em> 6\/2006).<\/p>\n\n\n\n<p>Rooste has translated the poetry of Pentti Saarikoski from Finnish into Estonian and compiled and edited collections of other young Estonian poets and a collection of Estonian punk poetry. His own creation has been translated into Finnish and Swedish.<\/p>\n\n\n\n<p><em>M. K. (Translated by I. A.)<\/em><\/p>\n\n\n\n<h5 class=\"wp-block-heading\"><br><strong>Books in Estonian<\/strong><\/h5>\n\n\n\n<p><em><strong>Poems<\/strong><\/em><br><strong>Sonetid. <\/strong>Tallinn: Huma, 1999,60 lk<br><strong>Veri valla. <\/strong>Tallinn: Tuum, 2000, 48 lk.<br>J\u00fcrgen Rooste, Asko K\u00fcnnap, Karl Martin Sinij\u00e4rv, <strong>Neid vigu me ei korda. <\/strong>Tallinn: N\u00e4o Kirik, 2000, 64 lk.<br><strong>Lameda taeva all. <\/strong>Tallinn: Pidus\u00f6\u00f6k, 2002, 96 lk.<br>Tandem [Ivar Sild, J\u00fcrgen Rooste], <strong>Pegasus on pisut pervers. <\/strong>Tallinn: Perioodika, Loomingu Raamatukogu, 2002, 72 lk.<br><strong>R\u00f5\u00f5m \u00fchest koledast p\u00e4evast. <\/strong>Tallinn: Tuum, 2003, 64 lk.<br><strong>Ilusaks inimeseks. <\/strong>Tallinn: Verb, 2005, 44 lk.<br>J\u00fcrgen Rooste, Asko K\u00fcnnap, Karl Martin Sinij\u00e4rv, <strong>K\u00fcnnapRoosteSinij\u00e4rv. <\/strong>Tallinn: N\u00e4o Kirik, 2008, 95 lk.<br><strong>Tavaline eesti idioot. <\/strong>P\u00e4rnu: Jumalikud Ilmutused, 2008, 127 lk.<br><strong>21. sajandi armastusluule. <\/strong>Tallinn: Verb, 2008, 62 lk.<br>J\u00fcrgen Rooste, Asko K\u00fcnnap, Karl Martin Sinij\u00e4rv, <strong>Eesti haiku. <\/strong>Tallinn: N\u00e4o Kirik, 2010, 94 lk.<br><strong>Kuidas tappa laulur\u00e4stikut. <\/strong>Tallinn: Verb, 2011, 96 lk.<br><strong>Laul j\u00e4\u00e4karudest. <\/strong>P\u00e4rnu: Jumalikud Ilmutused, 2012, 114 lk.<br><strong>Higgsi Boson. <\/strong>P\u00e4rnu: Jumalikud Ilmutused, 2012, 72 lk.<br>J\u00fcrgen Rooste, Doris Kareva, <strong>Elutants. <\/strong>Tallinn: Verb, 2013, 111 lk.<br><strong>K\u00f5ik t\u00e4navanurkade muusikud. <\/strong>Tallinn: N\u00e4o Kirik, 2013, 112 lk.<br><strong>Suur sume, suur tume. <\/strong>Tallinn: Verb, 2014, 80 lk.<br><strong>Vana hiire laulud. <\/strong>P\u00e4rnu: Jumalikud Ilmutused, 2015, 94 lk.<br><strong>Ideaalne abikaasa. <\/strong>P\u00e4rnu: Jumalikud Ilmutused, 2015,108 lk.<br><strong>Luuledisco ehk alle Leute wollen tanzen<\/strong><em>.<\/em>Tallinn: J\u00fcrgen Rooste, 2016, 74 lk.<br><strong>Onerva ja Eino Leino igavene armastus l\u00e4bi seinasisaliku l\u00e4bi kodutu kassi silma. <\/strong>P\u00e4rnu: Jumalikud Ilmutused, 2017, 112 lk.<br><strong>Veider aeg. <\/strong>Tallinn: (:)kivisildnik, 2018, 82 lk.<br>J\u00fcrgen Rooste, Asko K\u00fcnnap, Karl Martin Sinij\u00e4rv, <strong>Kuradiratas. <\/strong>Tallinn: N\u00e4o Kirik, 2019, 90 lk.<br><strong>Sagittarius A*. <\/strong>Tallinn: Tr\u00fckiviis, 2020, 136 lk.<br><strong>Signaal surnud t\u00e4helt. <\/strong>Tallinn: Tr\u00fckiviis, 2021, 120 lk.<br><strong>Loimurite laul. <\/strong>Tallinn: N\u00e4o Kirik, 2022, 150 lk.<\/p>\n\n\n\n<p><em><strong>Prose<\/strong><\/em><br><strong>Surm Tallinnas. <\/strong>Tallinn: Tuum, 2018, 128 lk.<\/p>\n\n\n\n<p><em><strong>Children\u2019s literature<\/strong><\/em><br>J\u00fcrgen Rooste, Wimberg, Karl Martin Sinij\u00e4rv, <strong>Kolme p\u00e4kapiku j\u00f5ulud.<\/strong> Tallinn: Huma, 2002, 80 lk.<br>J\u00fcrgen Rooste, Veronika Kivisilla ja Priit Ratassepp, <strong>Lab\u00fcrint I. Kirjanduse \u00f5pik 7. klassile. <\/strong>Tallinn: Avita, 2011, 123 lk.<br>J\u00fcrgen Rooste, Veronika Kivisilla ja Priit Ratassepp, <strong>Lab\u00fcrint II. Kirjanduse \u00f5pik 8. klassile. <\/strong>Tallinn: Avita, 2012, 156 lk.<br><strong>T\u00e4hesadu. Kirke ja J\u00fcrgeni aabits. <\/strong>Tallinn: Koolibri, 2012, 54 lk.<br><strong>Lendrebased ja teised. <\/strong>Tallinn: Reaali Kirjastus, 2017, 45 lk.<br><strong>Kollilood. <\/strong>Tallinn: Tr\u00fckiviis, 2020, 96 lk.<\/p>\n","protected":false},"excerpt":{"rendered":"<p>Poems Short stories About J\u00fcrgen Rooste J\u00fcrgen Rooste (born 31 July 1979) is an Estonian poet. Rooste was born in Tallinn. In 1997, he completed Tallinn Secondary School of Science, studied Estonian language and literature at Tallinn Pedagogical University from &#8230;<\/p>\n","protected":false},"author":43,"featured_media":0,"parent":686,"menu_order":0,"comment_status":"closed","ping_status":"closed","template":"","meta":{"_acf_changed":false,"inline_featured_image":false,"footnotes":""},"class_list":["post-808","page","type-page","status-publish","hentry"],"acf":[],"_links":{"self":[{"href":"https:\/\/sisu.ut.ee\/ewod\/wp-json\/wp\/v2\/pages\/808","targetHints":{"allow":["GET"]}}],"collection":[{"href":"https:\/\/sisu.ut.ee\/ewod\/wp-json\/wp\/v2\/pages"}],"about":[{"href":"https:\/\/sisu.ut.ee\/ewod\/wp-json\/wp\/v2\/types\/page"}],"author":[{"embeddable":true,"href":"https:\/\/sisu.ut.ee\/ewod\/wp-json\/wp\/v2\/users\/43"}],"replies":[{"embeddable":true,"href":"https:\/\/sisu.ut.ee\/ewod\/wp-json\/wp\/v2\/comments?post=808"}],"version-history":[{"count":8,"href":"https:\/\/sisu.ut.ee\/ewod\/wp-json\/wp\/v2\/pages\/808\/revisions"}],"predecessor-version":[{"id":5537,"href":"https:\/\/sisu.ut.ee\/ewod\/wp-json\/wp\/v2\/pages\/808\/revisions\/5537"}],"up":[{"embeddable":true,"href":"https:\/\/sisu.ut.ee\/ewod\/wp-json\/wp\/v2\/pages\/686"}],"wp:attachment":[{"href":"https:\/\/sisu.ut.ee\/ewod\/wp-json\/wp\/v2\/media?parent=808"}],"curies":[{"name":"wp","href":"https:\/\/api.w.org\/{rel}","templated":true}]}}