{"id":804,"date":"2024-04-03T23:40:21","date_gmt":"2024-04-03T20:40:21","guid":{"rendered":"https:\/\/sisu.ut.ee\/ewod\/bird\/"},"modified":"2024-04-04T00:09:01","modified_gmt":"2024-04-03T21:09:01","slug":"bird","status":"publish","type":"page","link":"https:\/\/sisu.ut.ee\/ewod\/anthologies\/english\/bird\/","title":{"rendered":"An Introduction to Estonian Literature"},"content":{"rendered":"<p>\n\t<strong><span style=\"font-family:Verdana,Geneva,sans-serif\">An Introduction to Estonian Literature. Translated and edited by Hilary Bird. Bloomington, Ind.: Slavica, 2018, xv+486 pp.<\/span><\/strong>\n<\/p>\n<p>\n\t<span style=\"font-family:Verdana,Geneva,sans-serif\">Profiles about authors written by Hilary Bird.<\/span>\n<\/p>\n<p>\n\t<strong><span style=\"font-family:Verdana,Geneva,sans-serif\">Contents:<\/span><\/strong>\n<\/p>\n<p>\n\t<span style=\"font-family:Verdana,Geneva,sans-serif\"><em>Foreword and Acknowledgments<br>Introduction<\/em><br>The Oral Tradition, <strong>When I Escape the Manor; A Dull Life Is a Sorry Thing; Brother\u2019s War Song<\/strong> (extract).<br>Reiner Brocmann, <strong>How Blessed Is the Man<\/strong>. [A poem.]<br>K\u00e4su Hans, <strong>Ah Me! Poor Tartu Town<\/strong>!. [\u2018Oh! ma vaene Tardo-liin\u2019, a poem.]<br>Kulli J\u00fcri, <strong>Song 64: What Did Jesu\u2019s Little Tom Tit Do?; Song 81: God Invites All the People; Song 83: Towns and Lands Will Grow and Stand<\/strong>. [Poems.]<br>Joachim Gottlieb Schwabe, <strong>Spring Song; The Song of the Estonian Farmhand<\/strong>. [Poems.]<br>Otto Wilhelm Masing, <strong>Bruin<\/strong>. [\u2018P\u00e4ts\u2019, a poem.]<br>Kristjan Jaak Peterson, <strong>Ode to the Moon; The Singer<\/strong>. [Poems.]<br>Friedrich Robert Faehlmann, <strong>Dawn and Dusk<\/strong>. [A folk story.]<br>Friedrich Reinhold Kreutzwald, <strong>The Son of Kalev<\/strong> (extracts):\u00a0Invocation;\u00a0The Second Tale:\u00a0The Kalevipoeg Stories;\u00a0The Sixth Tale:\u00a0The Sword Celebration;\u00a0The Eighth Tale:\u00a0The Stone-throwing Competition; Kalevipoeg Ploughs the Lands;\u00a0The Sixteenth Tale. Home;\u00a0The Seventeenth Tale. Kalevipoeg Rides to War;\u00a0The Nineteenth Tale. Siuru;\u00a0The Nineteenth Tale. Varrak and the Loss of the Book of Liberty.<br>Jakob Hurt, <strong>1870. Our Schooled and Educated Men<\/strong> (abridged). [A speech.]<br>Carl Robert Jakobson, <strong>Arthur and Anna, or The Old and the New<\/strong> (abridged): Act I-III. [\u2018Artur ja Anna\u2019, a play.]<br>Lydia Koidula, <strong>A Mother\u2019s Heart; The Arrival of Spring; Thoughts on Toompea; My Country, They Have Buried You<\/strong>. [Poems.]<br>Juhan Kunder, <strong>Rehepapp the Trickster<\/strong>. [\u2018Vigur rehepapp\u2019, a fairy tale.]<br>August Kitzberg,<strong> The Werewolf<\/strong>. Act I-V. [\u2018Libahunt\u2019, a play.]<br>Karl Eduard S\u00f6\u00f6t, <strong>A Game of Chess; The Spring; The Supervisor;\u00a0The Most Precious Possession<\/strong>. [Poems.]<br>Eduard Bornh\u00f6he,<strong> The Avenger<\/strong> (extracts): Chapters XIII, XIV, XVI. [\u2018Tasuja\u2019, a story.]<br>Juhan Liiv, <strong>Snowflake; I Saw Estonia Yesterday; The Bees Fly to the Hive; Cold<\/strong>. [Poems.]<br>Anna Haava, <strong>The Meadow Flower; I Cannot Be Quiet; Oh, My Homeland!; We (1906); Only Ilmar; You, Sodom and Gomorrah!; We (1948)<\/strong>. [Poems.]<br>Eduard Vilde, <strong>The Mahtra Rebellion<\/strong> (extract). [\u2018Mahtra s\u00f5da\u2019, a novel.]<br>Ernst Enno, <strong>Homesickness; The Wind Walks; On a White Night in Tartu<\/strong>. [Poems.]<br>Anton Hansen Tammsaare, <strong>Love; The New Oldpagan of Hellbottom Farm<\/strong> (extract). [\u2018Armastus\u2019, a miniature, \u2018P\u00f5rgup\u00f5hja uus Vanapagan\u2019, a novel.]<br>Aino Kallas, <strong>Gerdruta Carponai<\/strong>. [A story.]<br>Mait Metsanurk, <strong>At the Umera River<\/strong> (extracts): Chapters XX, XXI. [\u2018\u00dcmera j\u00f5el\u2019, a novel.]<br>Marie Under, <strong>Summer Night; Lilac Time I; On Vaestepatuste Street; Mandrake Berries; The Dream Journey<\/strong>. [Poems.]<br>Gustav Suits, <strong>Fire of Life; The Men; The Grave of the Wind; Now Comes the Night<\/strong>. [Poems.]<br>Friedebert Tuglas, <strong>Lembitu; Little Illimar<\/strong> (extract). [\u2018Lembitu\u2019, a miniature; \u2018V\u00e4ike Illimar\u2019, a novel.]<br>Oskar Luts, <strong>The Cabbage<\/strong>. [\u2018Kapsapea\u2019, a play.]<br>Johannes Vares (Barbarus), <strong>The Creations; Me and Paris<\/strong> (extract). [Poems.]<br>Henrik Visnapuu, <strong>Third Letter to Ing; Resignation; October Night in the City; Pierrot; Christmas Night<\/strong>. [Poems.]<br>August Gailit, <strong>The Last Romantic<\/strong>. [\u2018Viimne romantik\u2019, a short story.]<br>Johannes Semper, <strong>Pierrot Despairs; How Would You Live?<\/strong>. [Poems.]<br>Peet Vallak, <strong>For Someone Else<\/strong>. [\u2018Teise eest\u2019, a short story.]<br>Albert Kivikas, <strong>Flying Pigs; The Names on the Memorial<\/strong> (extract). [\u2018Lendavad sead\u2019, a short story; \u2018Nimed marmortahvlil\u2019, a novel.]<br>Juhan Jaik, <strong>Midsummer Night<\/strong>. [\u2018Jaani\u00f6\u00f6\u2019, a short story.]<br>Juhan S\u00fctiste, <strong>The World Is Turning East<\/strong>, extract. [\u2018Maakera p\u00f6\u00f6rdub itta\u2019, a long poem.]<br>Hugo Raudsepp, <strong>Mikum\u00e4rdi Farm<\/strong>. Act I. [\u2018Mikum\u00e4rdi\u2019, a play.]<br>Heiti Talvik, <strong>It Was in Autumn; Hangover Meditations; Phoenix<\/strong>. [Poems.]<br>August Jakobson, <strong>For the Future<\/strong>. [\u2018Tuleviku nimel\u2019, a short story.]<br>Betti Alver, <strong>Iron Heaven; The Debt; Captain Oleander<\/strong>. [Poems.]<br>Uku Masing, <strong>Child of Man on the White Ship<\/strong>. [A poem.]<br>Hans Leberecht, <strong>The Light in Koordi Village<\/strong> (extract). [\u2018Valgus Koordis\u2019, a novel.]<br>Bernard Kangro, <strong>Hunger; The Frozen Fountains<\/strong> (extract). [\u2018N\u00e4lg\u2019, a poem; \u2018J\u00e4\u00e4l\u00e4tted\u2019, a novel.]<br>Karl Ristikivi, <strong>The Garden<\/strong>. Chapter X (extract); <strong>Ferns; H\u00e5rsfj\u00e4rden, a Fantasy in G-minor<\/strong>. [\u2018Rohtaed\u2019, a novel; poems.]<br>Kersti Merilaas, <strong>The Last Boat; Can You Hear the Call of Spring; Old Wine in New Vessels<\/strong>. [Poems.]<br>Paul Kuusberg, <strong>The Rusty Watering Can<\/strong>. [\u2018Roostetanud kastekann\u2019, a short story.]<br>Debora Vaarandi, <strong>Saaremaa Waltz; Simple Things; The Garden<\/strong>. [Poems.]<br>Jaan Kross, <strong>Between Three Plagues\u00a0<\/strong>(extract). [\u2018Kolme katku vahel\u2019, a novel.]<br>Juhan Smuul, <strong>The Holiday Makers<\/strong>. [\u2018Suvitajad\u2019, a short story.]<br>Artur Alliksaar, <strong>Sun Squanderers<\/strong>. [A poem.]<br>Hando Runnel, <strong>Over the Hill Went a Woman with a Cow; The Song of the Free<\/strong> (extract). [Poems.]<br>Jaan Isotamm, <strong>I; Not Yet; Matador<\/strong>. [Poems.]<br>Jaan Kaplinski, <strong>Vercingetorix Said; I Am the Spring in Tartu<\/strong>. [Poems.]<br>Paul-Eerik Rummo, <strong>Run, Free Child; Song of the Whore; The Sender\u2019s Address<\/strong>. [Poems.]<br>Mati Unt, <strong>Murder in the Hotel<\/strong> (extract). [\u2018M\u00f5rv hotellis\u2019, a story.]<br>Maimu Berg, <strong>She\u2019s Gone<\/strong>. [\u2018On l\u00e4inud\u2019, a short story.]<br>Viivi Luik, <strong>The Seventh Spring of Peace<\/strong> (extract); <strong>What Shines Through Time<\/strong>. [\u2018Seitsmes rahukevad\u2019, a novel; a poem.]<br>Juhan Viiding, <strong>When a Child on TV; Cradle Song; The Wish<\/strong>. [Poems.]<br>Doris Kareva, <strong>Four Voices for a Voyager: Nausicaa, Circe, Calypso, Penelope<\/strong>. [Poems.]<br>Merle J\u00e4\u00e4ger, <strong>My Way (<em>sic<\/em>); Protest (<em>sic<\/em>)<\/strong>. [Poems.]<br><em>Postmodernism and Postcolonialism: \u201cThe Manifesto of Congealed Blood\u201d.<\/em><br>Sven Kivisildnik <em>et al<\/em>, <strong>The Manifesto of Congealed Blood<\/strong>. [\u2018H\u00fc\u00fcbinud vere manifest\u2019.]<br><em>Recommended Reading.<\/em><\/span><\/p>\n","protected":false},"excerpt":{"rendered":"<p>An Introduction to Estonian Literature. Translated and edited by Hilary Bird. Bloomington, Ind.: Slavica, 2018, xv+486 pp. Profiles about authors written by Hilary Bird. Contents: Foreword and AcknowledgmentsIntroductionThe Oral Tradition, When I Escape the Manor; A Dull Life Is a &#8230;<\/p>\n","protected":false},"author":43,"featured_media":0,"parent":1193,"menu_order":0,"comment_status":"closed","ping_status":"closed","template":"","meta":{"_acf_changed":false,"inline_featured_image":false,"footnotes":""},"class_list":["post-804","page","type-page","status-publish","hentry"],"acf":[],"_links":{"self":[{"href":"https:\/\/sisu.ut.ee\/ewod\/wp-json\/wp\/v2\/pages\/804","targetHints":{"allow":["GET"]}}],"collection":[{"href":"https:\/\/sisu.ut.ee\/ewod\/wp-json\/wp\/v2\/pages"}],"about":[{"href":"https:\/\/sisu.ut.ee\/ewod\/wp-json\/wp\/v2\/types\/page"}],"author":[{"embeddable":true,"href":"https:\/\/sisu.ut.ee\/ewod\/wp-json\/wp\/v2\/users\/43"}],"replies":[{"embeddable":true,"href":"https:\/\/sisu.ut.ee\/ewod\/wp-json\/wp\/v2\/comments?post=804"}],"version-history":[{"count":1,"href":"https:\/\/sisu.ut.ee\/ewod\/wp-json\/wp\/v2\/pages\/804\/revisions"}],"predecessor-version":[{"id":4265,"href":"https:\/\/sisu.ut.ee\/ewod\/wp-json\/wp\/v2\/pages\/804\/revisions\/4265"}],"up":[{"embeddable":true,"href":"https:\/\/sisu.ut.ee\/ewod\/wp-json\/wp\/v2\/pages\/1193"}],"wp:attachment":[{"href":"https:\/\/sisu.ut.ee\/ewod\/wp-json\/wp\/v2\/media?parent=804"}],"curies":[{"name":"wp","href":"https:\/\/api.w.org\/{rel}","templated":true}]}}