{"id":793,"date":"2024-04-03T23:40:20","date_gmt":"2024-04-03T20:40:20","guid":{"rendered":"https:\/\/sisu.ut.ee\/ewod\/jans\/"},"modified":"2024-04-04T00:09:03","modified_gmt":"2024-04-03T21:09:03","slug":"jans","status":"publish","type":"page","link":"https:\/\/sisu.ut.ee\/ewod\/j\/jans\/","title":{"rendered":"Joel Jans"},"content":{"rendered":"<p style=\"margin-top:0.08in;margin-bottom:0.08in\" lang=\"en-GB\">\n\t<span style=\"color:#000000\"><span style=\"font-size:13px\"><span style=\"font-family:Verdana,Geneva,sans-serif\"><span style=\"background:#ffffff\"><span style=\"line-height:115%\"><font style=\"14pt\">Joel Jans (earlier also used the pseudonym J. J. Metsavana, born 19 VII 1982) is a science fiction writer. <\/font><\/span><\/span><\/span><\/span><\/span>\n<\/p>\n<p class=\"western\" style=\"margin-bottom:0.11in\" lang=\"et-EE\">\n\t<span style=\"color:#000000\"><span style=\"font-size:13px\"><span style=\"font-family:Verdana,Geneva,sans-serif\"><span style=\"line-height:105%\"><font style=\"14pt\">Jans was born in V\u00f5ru. He completed R\u00f5ngu secondary school in 2002 and in 2002\u20132004 studied information technology at Tartu Vocational Education Centre, becoming a <span style=\"text-decoration:none\">system administrator<\/span>. He is a board member of the <span style=\"text-decoration:none\">Estonian Science Fiction Association<\/span>, founder and long-time chief editor of the science fiction magazine <i><span style=\"text-decoration:none\">Reaktor<\/span><\/i>. He is a member of the Estonian Writers\u2019 Union since 2017.<\/font><\/span><\/span><\/span><\/span>\n<\/p>\n<p class=\"western\" style=\"margin-bottom:0.11in\" lang=\"et-EE\">\n\t<span style=\"color:#000000\"><span style=\"font-size:13px\"><span style=\"font-family:Verdana,Geneva,sans-serif\"><span style=\"line-height:105%\"><font style=\"14pt\">Jans has published short stories in science fiction magazines <i>T\u00e4heaeg<\/i> and <i>Reaktor<\/i> and in collections since 2011. He has published four novels, a novella and more than 50 stories. He has often written in cooperation with other authors like <span style=\"text-decoration:none\">Maniakkide T\u00e4nav<\/span> and <span style=\"text-decoration:none\">Veiko Belials<\/span>. He has been a prolific author in several subgenres of science fiction.<\/font><\/span><\/span><\/span><\/span>\n<\/p>\n<p class=\"western\" style=\"margin-bottom:0.11in\" lang=\"et-EE\">\n\t<span style=\"color:#000000\"><span style=\"font-size:13px\"><span style=\"font-family:Verdana,Geneva,sans-serif\"><span style=\"line-height:105%\"><font style=\"14pt\">Among other genres, Jans has been fascinated by cyberpunk, which he has applied in the Estonian context. For example, in the science fiction stories <i>Hallvanake ja Ussikuningas<\/i> (\u2018Grey Old Man and King of Snakes\u2019) in the collection <i>\u00dclest\u00f5usjad ja koduk\u00e4ijad<\/i> (\u2018Resurrectors and Revenant Ghosts\u2019, 2020) and <i>Tarkmees taskus<\/i> (\u2018A Wiseman in the Pocket\u2019) in the collection of horror stories <i>Vinguv jalaluu<\/i> (\u2018Howling Legbone\u2019, 2018), the protagonists act in a game located in virtual reality constructed on the basis of Fr. Kreutzwald\u2019s <i>Eesti rahva ennemuistsed jutud<\/i> (\u2018Ancient Tales of the Estonian People\u2019). <\/font><\/span><\/span><\/span><\/span>\n<\/p>\n<p class=\"western\" style=\"margin-bottom:0.11in\" lang=\"et-EE\">\n\t<span style=\"color:#000000\"><span style=\"font-size:13px\"><span style=\"font-family:Verdana,Geneva,sans-serif\"><span style=\"line-height:105%\"><font style=\"14pt\">The 2019 novel <i>Kosmose pikk vari<\/i> (\u2018The Long Shadow of Outer Space\u2019) can be read as a humorously crazy science fiction adventure. Nonetheless, this book by Jans and Maniakkide T\u00e4nav deals with serious topics: irresponsible waste of resources until their exhaustion, destructive results of mindless greed, the wealth of a few big corporations and the accompanying power which proves greater than that of states. An essential place belongs to love, friendship and loyalty. <\/font><\/span><\/span><\/span><\/span>\n<\/p>\n<p class=\"western\" style=\"margin-bottom:0.11in\" lang=\"et-EE\">\n\t<span style=\"color:#000000\"><span style=\"font-size:13px\"><span style=\"font-family:Verdana,Geneva,sans-serif\"><span style=\"line-height:105%\"><font style=\"14pt\">Jans\u2019 fourth novel <i>Tondilatern<\/i> (\u2018Ghost Lantern\u2019) achieved the second place at the novel competition of the Estonian Writers\u2019 Union. This can be defined as science fiction for young people where two school students from the small Estonian town Elva fight with invaders from a high-tech parallel universe; finally, the Estonian Defence League and NATO have to intervene. <\/font><\/span><\/span><\/span><\/span>\n<\/p>\n<p class=\"western\" style=\"margin-bottom:0.11in\" lang=\"et-EE\">\n\t<span style=\"color:#000000\"><span style=\"font-size:13px\"><span style=\"font-family:Verdana,Geneva,sans-serif\"><span style=\"line-height:105%\"><font style=\"14pt\">Joel Jans has won the Stalker award of the Estonian Science Fiction Association for seven times. In 2013\u20132020, Jans and his colleagues compiled five volumes of <i>Tuumahiid<\/i> (\u2018Nuclear Giant\u2019) \u2013 collections of works by the authors who have gathered around the <i>Reaktor<\/i> magazine. Jans and J\u00fcri Kallas also compiled the science fiction anthology <i>L\u00e4bi valu ja vaeva<\/i> (\u2018Through Pain and Toil\u2019, 2020).<\/font><\/span><\/span><\/span><\/span>\n<\/p>\n<p>\n\t<span style=\"color:#000000\"><span style=\"font-size:13px\"><span style=\"font-family:Verdana,Geneva,sans-serif\"><em>L. P. (Translated by I. A.)<\/em><\/span><\/span><\/span><\/p>\n<p>\u00a0\n<\/p>\n<p>\n\t<span style=\"color:#000000\"><span style=\"font-family:Verdana,Geneva,sans-serif\"><strong><span style=\"font-size:16px\">Books in Estonian<\/span><\/strong><\/span><\/span>\n<\/p>\n<p>\n\t<span style=\"font-size:13px\"><span style=\"color:#000000\"><span style=\"font-family:Verdana,Geneva,sans-serif\"><strong><em>Novels<\/em><\/strong><br>Maniakkide T\u00e4nav, J. J. Metsavana, <strong>Saladuslik tsaar. 3. Kettm\u00f5\u00f5gaga m\u00f5\u00f5detud Maa<\/strong>. Tartu: Fantaasia, 2015, 249 lk.<br>Maniakkide T\u00e4nav, J. J. Metsavana, <strong>Saladuslik tsaar. 4. Kui rumalad surid<\/strong>. Tartu: Fantaasia, 2016, 240 lk.<br>Maniakkide T\u00e4nav, Joel Jans, <strong>Kosmose pikk vari<\/strong>. Tartu: Lummur, 2019, 221 lk.<br><strong>Tondilatern<\/strong>. Tartu: Lummur, 2019, 258 lk.<\/span><\/span><\/span><br><span style=\"color:#000000\"><span style=\"font-size:13px\"><span style=\"font-family:Verdana,Geneva,sans-serif\"><strong>Ajudraiver<\/strong>. Tartu: Lummur, 2022, 288 lk.<\/span><\/span><\/span><\/p>\n","protected":false},"excerpt":{"rendered":"<p>Joel Jans (earlier also used the pseudonym J. J. Metsavana, born 19 VII 1982) is a science fiction writer. Jans was born in V\u00f5ru. He completed R\u00f5ngu secondary school in 2002 and in 2002\u20132004 studied information technology at Tartu Vocational &#8230;<\/p>\n","protected":false},"author":43,"featured_media":0,"parent":620,"menu_order":0,"comment_status":"closed","ping_status":"closed","template":"","meta":{"_acf_changed":false,"inline_featured_image":false,"footnotes":""},"class_list":["post-793","page","type-page","status-publish","hentry"],"acf":[],"_links":{"self":[{"href":"https:\/\/sisu.ut.ee\/ewod\/wp-json\/wp\/v2\/pages\/793","targetHints":{"allow":["GET"]}}],"collection":[{"href":"https:\/\/sisu.ut.ee\/ewod\/wp-json\/wp\/v2\/pages"}],"about":[{"href":"https:\/\/sisu.ut.ee\/ewod\/wp-json\/wp\/v2\/types\/page"}],"author":[{"embeddable":true,"href":"https:\/\/sisu.ut.ee\/ewod\/wp-json\/wp\/v2\/users\/43"}],"replies":[{"embeddable":true,"href":"https:\/\/sisu.ut.ee\/ewod\/wp-json\/wp\/v2\/comments?post=793"}],"version-history":[{"count":1,"href":"https:\/\/sisu.ut.ee\/ewod\/wp-json\/wp\/v2\/pages\/793\/revisions"}],"predecessor-version":[{"id":4277,"href":"https:\/\/sisu.ut.ee\/ewod\/wp-json\/wp\/v2\/pages\/793\/revisions\/4277"}],"up":[{"embeddable":true,"href":"https:\/\/sisu.ut.ee\/ewod\/wp-json\/wp\/v2\/pages\/620"}],"wp:attachment":[{"href":"https:\/\/sisu.ut.ee\/ewod\/wp-json\/wp\/v2\/media?parent=793"}],"curies":[{"name":"wp","href":"https:\/\/api.w.org\/{rel}","templated":true}]}}