{"id":79,"date":"2024-04-03T23:39:20","date_gmt":"2024-04-03T20:39:20","guid":{"rendered":"https:\/\/sisu.ut.ee\/ewod\/plays-et-4\/"},"modified":"2024-04-04T00:11:03","modified_gmt":"2024-04-03T21:11:03","slug":"plays","status":"publish","type":"page","link":"https:\/\/sisu.ut.ee\/ewod\/e\/eisen\/plays\/","title":{"rendered":"Matthias Johann Eisen &#8211; plays"},"content":{"rendered":"<p><span style=\"font-size: medium\"><strong><span style=\"font-family: verdana, geneva\">In compilations, anthologies, magazines<\/span><\/strong><\/span><\/p>\n<p><em><strong><span style=\"font-family: verdana, geneva;font-size: small\">Danish<\/span><\/strong><\/em><br><span style=\"font-family: verdana, geneva;font-size: small\"><strong>Br\u00e6ndevinslykke<\/strong>. <strong>Optrin i en akt<\/strong>. Overs. fra estn. af Georg R. V\u00f6htz. Odense: Fyrtaarnet, 1898, 16 pp. [Translation of \u2019Alkoholi \u00f5nnistus. N\u00e4itlus \u00fches vaatuses\u2019.]<\/span><\/p>\n","protected":false},"excerpt":{"rendered":"<p>In compilations, anthologies, magazines DanishBr\u00e6ndevinslykke. Optrin i en akt. Overs. fra estn. af Georg R. V\u00f6htz. Odense: Fyrtaarnet, 1898, 16 pp. [Translation of \u2019Alkoholi \u00f5nnistus. N\u00e4itlus \u00fches vaatuses\u2019.]<\/p>\n","protected":false},"author":43,"featured_media":0,"parent":1086,"menu_order":0,"comment_status":"closed","ping_status":"closed","template":"","meta":{"_acf_changed":false,"inline_featured_image":false,"footnotes":""},"class_list":["post-79","page","type-page","status-publish","hentry"],"acf":[],"_links":{"self":[{"href":"https:\/\/sisu.ut.ee\/ewod\/wp-json\/wp\/v2\/pages\/79","targetHints":{"allow":["GET"]}}],"collection":[{"href":"https:\/\/sisu.ut.ee\/ewod\/wp-json\/wp\/v2\/pages"}],"about":[{"href":"https:\/\/sisu.ut.ee\/ewod\/wp-json\/wp\/v2\/types\/page"}],"author":[{"embeddable":true,"href":"https:\/\/sisu.ut.ee\/ewod\/wp-json\/wp\/v2\/users\/43"}],"replies":[{"embeddable":true,"href":"https:\/\/sisu.ut.ee\/ewod\/wp-json\/wp\/v2\/comments?post=79"}],"version-history":[{"count":1,"href":"https:\/\/sisu.ut.ee\/ewod\/wp-json\/wp\/v2\/pages\/79\/revisions"}],"predecessor-version":[{"id":4989,"href":"https:\/\/sisu.ut.ee\/ewod\/wp-json\/wp\/v2\/pages\/79\/revisions\/4989"}],"up":[{"embeddable":true,"href":"https:\/\/sisu.ut.ee\/ewod\/wp-json\/wp\/v2\/pages\/1086"}],"wp:attachment":[{"href":"https:\/\/sisu.ut.ee\/ewod\/wp-json\/wp\/v2\/media?parent=79"}],"curies":[{"name":"wp","href":"https:\/\/api.w.org\/{rel}","templated":true}]}}