{"id":787,"date":"2024-04-03T23:40:19","date_gmt":"2024-04-03T20:40:19","guid":{"rendered":"https:\/\/sisu.ut.ee\/ewod\/poems-et-121\/"},"modified":"2024-04-04T00:09:05","modified_gmt":"2024-04-03T21:09:05","slug":"poems","status":"publish","type":"page","link":"https:\/\/sisu.ut.ee\/ewod\/r\/martraud\/poems\/","title":{"rendered":"Mart Raud &#8211; poems"},"content":{"rendered":"<p>\n\t<span style=\"font-family: verdana, geneva;font-size: medium\"><strong>In compilations, anthologies, magazines<\/strong><\/span>\n<\/p>\n<p>\n\t<span style=\"font-family: verdana, geneva\"><strong><strong><em>Esperanto<\/em><\/strong><br><strong>Estona soveta poezio<\/strong><\/strong>. Edited and translated by Hilda Dresen; afterword by Jaan Toomla. Tallinn: Eesti Raamat, 1977, 204 pp. [Poems by\u00a0August Alle, Artur Alliksaar,\u00a0Betti Alver, Vladimir Beekman, Paul Haavaoks, Lehte Hainsalu, Ain Kaalep, Kalju Kangur,\u00a0Jaan Kaplinski, Ilmi Kolla,\u00a0Jaan Kross, Erni Krusten, Jaan K\u00e4rner, Uno Laht,\u00a0Viivi Luik, Kersti Merilaas, Ellen Niit, Minni Nurme, Ralf Parve, Lilli Promet, Mart Raud, Rudolf Rimmel,\u00a0Paul-Eerik Rummo,\u00a0Hando Runnel, Juhan Saar, August Sang, Johannes Semper, Arvi Siig, Juhan Smuul, Harald Suislepp, Aleksander Suuman, Juhan S\u00fctiste,\u00a0Mats Traat, Debora Vaarandi, Johannes Vares-Barbarus,\u00a0Enn Vetemaa.]<\/span>\n<\/p>\n<p>\n\t<span style=\"font-family: verdana, geneva\"><em><strong>German<\/strong><\/em><br><span style=\"font-family:Verdana,Geneva,sans-serif\"><strong>Die Augen<\/strong>. \u00dcbersetzung: Aivo Kaidja. \u2013 Freundschaft (Tselinograd), 27.12.1975. [\u2018Silmad\u2019.]<\/span><br><strong>Stimmen aus den f\u00fcnfzehn Republiken: <strong>ausgew\u00e4hlte Nachdichtungen<\/strong><\/strong>. Ed. J. Warkentin. Moskau: Progress, 1974, 151 pp. [Anthology of poetry. Texts by V. Beekman, J. Kaplinski, R. Parve, Mart Raud, P.\u2013E. Rummo, J. Semper, M. Traat.]<br><strong>Sowjetliteratur, no 8, 1972<\/strong>. Dieses Heft erz\u00e4hlt \u00fcber die Literatur, Kultur und Kunst Sowjetestlands. Moskau: 1972, 191 pp. [See <strong><a href=\"https:\/\/sisu.ut.ee\/ewod\/anthologies\/german\/sowjetliteratur1972\">contents<\/a><\/strong> of the special issue.]<\/span><br><span style=\"font-family:Verdana,Geneva,sans-serif\"><strong>Der Eid<\/strong>. \u00dcbersetzung: Franz Leschnitzer. \u2013 Die Sowjetfrau, no 4, 1950, p 37. [\u2018T\u00f5otus\u2019.]<br><strong>Nacht<\/strong>. \u00dcbersetzung: Arthur Behrsing. \u2013 Arthur Behrsing: Ein Gang durch den estnischen Zeitschriftenwald. Reval: Revaler Bote, 1924, pp 29-30.<\/span><\/p>\n<p><span style=\"font-family: verdana, geneva\"><strong><em>Latvian<\/em><\/strong><br><strong>Br\u0101l\u012bbas r\u012bti<\/strong>: padomju tautu dzejas kopkrajums, veltits PSRS se\u00f0desmitgadei. Ed by Viola Rugaja; Estonian verses translated by Laimonis Kamara. Riga: Liesma, 1982, 208 pp. [An anthology of Soviet poetry. Includes poems by Jaan Kross, Ellen Niit, Mart Raud, Paul-Eerik Rummo, Mats Traat, Debora Vaarandi.]<br><strong>Dzejas diena 1967<\/strong>. Sastaditaji: M. \u010caklais, O. Lisovska, A. Elsksne; makslinieks Gunars Krollis. Riga: Liesma, 1967, 286 pp. [Includes poems by Jaan Kross, Ellen Niit, Mart Raud, Arvi Siig, Mats Traat, Enn Vetemaa.]<\/span>\n<\/p>\n<p>\n\t<span style=\"font-family: verdana, geneva\"><strong><em>Russian<\/em><\/strong><br><strong>\u0410\u043d\u0442\u043e\u043b\u043e\u0433\u0438\u044f \u044d\u0441\u0442\u043e\u043d\u0441\u043a\u043e\u0439 \u043f\u043e\u044d\u0437\u0438\u0438: 1637-1987 \u0433<\/strong>. \u0421\u043e\u0441\u0442\u0430\u0432\u0438\u0442\u0435\u043b\u044c \u041b. \u0420\u0443\u0443\u0434, \u042d. \u041c\u0438\u0445\u0430\u0439\u043b\u043e\u0432\u0430; \u043f\u0440\u0435\u0434\u0438\u0441\u043b\u043e\u0432\u0438\u0435 \u0410. \u041a\u0430\u0430\u043b\u0435\u043f\u0430. \u0422\u0430\u043b\u043b\u0438\u043d\u043d: \u042d\u044d\u0441\u0442\u0438 \u0420\u0430\u0430\u043c\u0430\u0442, 1990, 415 pp. [Poems by: Reiner Brockmann, Heinrich G\u00f6seken, Johann Gutslaff, Johann Sebastian Markard, Johann Kohsen, unknown author in 1697, K\u00e4su Hans, Carl Schulten, Carl Gustav von Staden, unknown author in 1779, Berend Heinrich von Tiesenhausen, Joachim Gottlieb Schwabe, Kristian Jaak Peterson, Lydia Koidula, Juhan Liiv, Gustav Suits, Villem Ridala, Marie Under, Henrik Visnapuu, Johannes Barbarus, Heiti Talvik, Betti Alver, August Sang, Kersti Merilaas, Mart Raud, Uku Masing, Juhan S\u00fctiste, Johannes Semper, Valmar Adams, Juhan Smuul, Debora Vaarandi, Ralf Parve, Aira Kaal, Minni Nurme, Uno Laht, Jaan Kross, Ellen Niit, Vladimir Beekman, Artur Alliksaar, Ain Kaalep, Paul Haavaoks, Aleksander Suuman, Arvi Siig, Mats Traat, Nikolai Baturin, Paul-Eerik Rummo, Jaan Kaplinski, Hando Runnel, Viivi Luik, Juhan Viiding, Ene Mihkelson, Doris Kareva, Mari Vallisoo.]<br><strong>\u0410\u043d\u0442\u043e\u043b\u043e\u0433\u0438\u044f \u044d\u0441\u0442\u043e\u043d\u0441\u043a\u043e\u0439 \u043f\u043e\u044d\u0437\u0438\u0438: \u0432 \u0434\u0432\u0443\u0445 \u0442\u043e\u043c\u0430\u0445<\/strong>. \u0412\u0441\u0442\u0443\u043f\u0438\u0442\u0435\u043b\u044c\u043d\u0430\u044f \u0441\u0442\u0430\u0442\u044c\u044f \u042d. \u041d\u0438\u0440\u043a\u0430; \u0441\u043e\u0441\u0442\u0430\u0432\u0438\u0442\u0435\u043b\u0438 \u042d. \u041d\u0438\u0440\u043a \u0438 \u041f. \u0420\u0443\u043c\u043c\u043e. \u041b\u0435\u043d\u0438\u043d\u0433\u0440\u0430\u0434: \u0413\u043e\u0441\u043b\u0438\u0442\u0438\u0437\u0434\u0430\u0442, 1959, 424 + 450 pp. [Includes folk songs and poems by: Kristian Jaak Peterson, Friedrich Robert Faehlmann, Friedrich Reinhold Kreutzwald, Juhan Weizenberg, Lydia Koidula, Friedrich Kuhlbars, Carl Robert Jakobson, Mihkel Veske, Ado Reinvald, Juhan Kunder, Jaan Bergmann, Peeter Jakobson, Jakob Tamm, Jakob Liiv, Juhan Liiv, Anna Haava, Karl Eduard S\u00f6\u00f6t, Reinhold Kamsen, Ernst Enno, Villem Ridala, Marie Heiberg, Jaan L\u00f5o, Hans P\u00f6\u00f6gelmann, Juhan Lilienbach, Vassili M\u00f6lder, Villem Buk, Johannes Barbarus, August Alle, Jaan K\u00e4rner, Johannes Semper, Juhan S\u00fctiste, Erni Hiir, Mart Raud, Paul Viiding, Betti Alver, Kersti Merilaas, August Sang, Hugo Angervaks, Felix Kotta, Aira Kaal, Muia Veetamm, Paul Rummo, Debora Vaarandi, Juhan Smuul, Minni Nurme, Ralf Parve, Manivald Kesamaa, Uno Laht, Vladimir Beekman, Jaan Kross, Ilmi Kolla, Ellen Niit.]<\/span><\/p>\n","protected":false},"excerpt":{"rendered":"<p>In compilations, anthologies, magazines EsperantoEstona soveta poezio. Edited and translated by Hilda Dresen; afterword by Jaan Toomla. Tallinn: Eesti Raamat, 1977, 204 pp. [Poems by\u00a0August Alle, Artur Alliksaar,\u00a0Betti Alver, Vladimir Beekman, Paul Haavaoks, Lehte Hainsalu, Ain Kaalep, Kalju Kangur,\u00a0Jaan Kaplinski, &#8230;<\/p>\n","protected":false},"author":43,"featured_media":0,"parent":778,"menu_order":0,"comment_status":"closed","ping_status":"closed","template":"","meta":{"_acf_changed":false,"inline_featured_image":false,"footnotes":""},"class_list":["post-787","page","type-page","status-publish","hentry"],"acf":[],"_links":{"self":[{"href":"https:\/\/sisu.ut.ee\/ewod\/wp-json\/wp\/v2\/pages\/787","targetHints":{"allow":["GET"]}}],"collection":[{"href":"https:\/\/sisu.ut.ee\/ewod\/wp-json\/wp\/v2\/pages"}],"about":[{"href":"https:\/\/sisu.ut.ee\/ewod\/wp-json\/wp\/v2\/types\/page"}],"author":[{"embeddable":true,"href":"https:\/\/sisu.ut.ee\/ewod\/wp-json\/wp\/v2\/users\/43"}],"replies":[{"embeddable":true,"href":"https:\/\/sisu.ut.ee\/ewod\/wp-json\/wp\/v2\/comments?post=787"}],"version-history":[{"count":1,"href":"https:\/\/sisu.ut.ee\/ewod\/wp-json\/wp\/v2\/pages\/787\/revisions"}],"predecessor-version":[{"id":4293,"href":"https:\/\/sisu.ut.ee\/ewod\/wp-json\/wp\/v2\/pages\/787\/revisions\/4293"}],"up":[{"embeddable":true,"href":"https:\/\/sisu.ut.ee\/ewod\/wp-json\/wp\/v2\/pages\/778"}],"wp:attachment":[{"href":"https:\/\/sisu.ut.ee\/ewod\/wp-json\/wp\/v2\/media?parent=787"}],"curies":[{"name":"wp","href":"https:\/\/api.w.org\/{rel}","templated":true}]}}