{"id":785,"date":"2024-04-03T23:40:19","date_gmt":"2024-04-03T20:40:19","guid":{"rendered":"https:\/\/sisu.ut.ee\/ewod\/ue\/"},"modified":"2025-03-06T10:25:40","modified_gmt":"2025-03-06T08:25:40","slug":"ue","status":"publish","type":"page","link":"https:\/\/sisu.ut.ee\/ewod\/ue\/","title":{"rendered":"\u00dc"},"content":{"rendered":"<p><span style=\"font-family: verdana, geneva;\">J\u00fcri \u00dcdi \u2013\u00a0<em>see\u00a0<\/em><strong><a href=\"https:\/\/sisu.ut.ee\/ewod\/v\/juhanviiding\">Juhan Viiding<\/a><\/strong><br>\n<a href=\"https:\/\/sisu.ut.ee\/ewod\/ue\/ullaste\">Pilvi \u00dcllaste<\/a><\/span><br>\n<strong><span style=\"font-size: 13px;\"><span style=\"font-family: Verdana,Geneva,sans-serif;\"><a title=\"\" href=\"https:\/\/sisu.ut.ee\/ewod\/ue\/uprus\" data-url=\"https:\/\/sisu.ut.ee\/ewod\/u\/uprus\">Avo \u00dcprus<\/a><br>\n<a title=\"\" href=\"https:\/\/sisu.ut.ee\/ewod\/ue\/juliusuert\" data-url=\"https:\/\/sisu.ut.ee\/ewod\/ue\/juliusuert\">Julius \u00dcrt<\/a><\/span><\/span><\/strong><\/p>\n","protected":false},"excerpt":{"rendered":"<p>J\u00fcri \u00dcdi \u2013\u00a0see\u00a0Juhan Viiding Pilvi \u00dcllaste Avo \u00dcprus Julius \u00dcrt<\/p>\n","protected":false},"author":43,"featured_media":0,"parent":0,"menu_order":0,"comment_status":"closed","ping_status":"closed","template":"","meta":{"_acf_changed":false,"inline_featured_image":false,"footnotes":""},"class_list":["post-785","page","type-page","status-publish","hentry"],"acf":[],"_links":{"self":[{"href":"https:\/\/sisu.ut.ee\/ewod\/wp-json\/wp\/v2\/pages\/785","targetHints":{"allow":["GET"]}}],"collection":[{"href":"https:\/\/sisu.ut.ee\/ewod\/wp-json\/wp\/v2\/pages"}],"about":[{"href":"https:\/\/sisu.ut.ee\/ewod\/wp-json\/wp\/v2\/types\/page"}],"author":[{"embeddable":true,"href":"https:\/\/sisu.ut.ee\/ewod\/wp-json\/wp\/v2\/users\/43"}],"replies":[{"embeddable":true,"href":"https:\/\/sisu.ut.ee\/ewod\/wp-json\/wp\/v2\/comments?post=785"}],"version-history":[{"count":2,"href":"https:\/\/sisu.ut.ee\/ewod\/wp-json\/wp\/v2\/pages\/785\/revisions"}],"predecessor-version":[{"id":6612,"href":"https:\/\/sisu.ut.ee\/ewod\/wp-json\/wp\/v2\/pages\/785\/revisions\/6612"}],"wp:attachment":[{"href":"https:\/\/sisu.ut.ee\/ewod\/wp-json\/wp\/v2\/media?parent=785"}],"curies":[{"name":"wp","href":"https:\/\/api.w.org\/{rel}","templated":true}]}}