{"id":784,"date":"2024-04-03T23:40:19","date_gmt":"2024-04-03T20:40:19","guid":{"rendered":"https:\/\/sisu.ut.ee\/ewod\/maniakkide\/"},"modified":"2024-09-10T20:17:42","modified_gmt":"2024-09-10T17:17:42","slug":"maniakkide","status":"publish","type":"page","link":"https:\/\/sisu.ut.ee\/ewod\/m\/maniakkide\/","title":{"rendered":"Maniakkide T\u00e4nav"},"content":{"rendered":"<p><br>Maniakkide T\u00e4nav (\u2018Street of Maniacs\u2019, real name Agur T\u00e4nav, later Agur Karuk\u00e4pp; born 30 December 1975) is a science fiction and fantasy writer.<\/p>\n\n\n\n<p>Maniakkide T\u00e4nav was born in J\u00f5geva, studied social work at the University of Tartu and at V\u00e4ike-Maarja Rescue College. He has worked as a firefighter and as a counsellor for victims of violence. A member of the Estonian Writers\u2019 Union since 2014. Maniakkide T\u00e4nav is the initiator of the online science fiction magazine <em>Reaktor<\/em> and a multiple laureate of the Estonian Science Fiction Association\u2019s annual Stalker award.<\/p>\n\n\n\n<p>Maniakkide T\u00e4nav made his print debut in the newspaper <em>Vooremaa<\/em> in 1996. In the 2000 novel competition, his first novel <em>Mu aknad on puust ja seinad paistavad l\u00e4bi<\/em> (\u2018My Windows Are Wooden and Walls Show Through\u2019, 2003) deserved honourable mention. It stands out for its abundant, Tarantino-like physiologicality, which is particularly characteristic of Maniakkide T\u00e4nav\u2019s earlier creation. His work covers almost all major SFF genres, ranging from science fiction to sword and sorcery stories. Maniakkide T\u00e4nav\u2019s short stories have been published in the collections <em>Euromant<\/em> (2011) and <em>Teekond Ridamuseni<\/em> (\u2018Journey to Ridamus\u2019, 2021).<\/p>\n\n\n\n<p><em>A. K. (Translated by I. A.)<\/em><\/p>\n\n\n\n<h5 class=\"wp-block-heading\"><span style=\"font-family: Verdana,Geneva,sans-serif;\"><strong><span style=\"font-size: 16px;\">Books in Estonian<\/span><\/strong><\/span><\/h5>\n\n\n\n<p><span style=\"font-family: Verdana,Geneva,sans-serif;\"><strong><em>Novels<\/em><\/strong><br><strong>Mu aknad on puust ja seinad paistavad l\u00e4bi<\/strong>. Tartu: Fantaasia, 2003, 257 lk.<br><strong>Surmakarva<\/strong>. Tallinn: Varrak, 2009, 189 lk.\u00a0<br><strong>Mehitamata inimesed<\/strong>. Tartu: Fantaasia, 2013, 234 lk.<br><strong>\u00d5nne ja \u00f5nnetuse valitseja<\/strong>. Tartu: Fantaasia, 2013, 196 lk.<br>Maniakkide T\u00e4nav, J. J. Metsavana, <strong>Saladuslik tsaar. 3. Kettm\u00f5\u00f5gaga m\u00f5\u00f5detud Maa<\/strong>. Tartu: Fantaasia, 2015, 249 lk.<br>Maniakkide T\u00e4nav, J. J. Metsavana, <strong>Saladuslik tsaar. 4. Kui rumalad surid<\/strong>. Tartu: Fantaasia, 2016, 240 lk.<br>Maniakkide T\u00e4nav, Joel Jans, <strong>Kosmose pikk vari<\/strong>. Tartu: Lummur, 2019, 221 lk.<br><strong>Newtoni esimene seadus<\/strong>. Tartu: Lummur, 2019, 295 lk.<\/span><br><strong>Laevakaitsjad<\/strong>. Tartu: Lummur, 2021, 332 lk<br><strong>Viivuranna Online<\/strong>. J\u00e4divere: Heli kirjastus, 2021, 139 lk.<br><strong>Muinaskuningas<\/strong>. Tartu: Lummur, 2022, 191 lk.<br><strong>Tulevased jumalad<\/strong>. Tartu: Lummur, 2023, 270 lk.<br><strong>Muinaskuningas online #1: Manatar<\/strong>. Tartu: Lummur, 2024, 288 lk.<\/p>\n\n\n\n<p><span style=\"font-family: Verdana,Geneva,sans-serif;\"><strong><em>Short stories<\/em><\/strong><br><strong>Euromant<\/strong>. Tartu: Fantaasia, 2011, 237 lk.<br>Maniakkide T\u00e4nav jt,\u00a0<strong>Saladuslik tsaar<\/strong>. Tartu: Fantaasia, 2012, 204 lk. [Sisaldab 13 juttu, neist 6 Maniakkide T\u00e4nava kirjutatud.]<br>Maniakkide T\u00e4nav jt, <strong>Saladuslik tsaar. 2. Duumioru lood<\/strong>. Koostaja Maniakkide T\u00e4nav. Tartu: Fantaasia, 2015, 329 lk. [Sisaldab 8 lugu, neist 7 Maniakkide T\u00e4nava kirjutatud v\u00f5i kaasautor.]<\/span><br><strong>Teekond Ridamuseni<\/strong>. Tartu: Lummur, 2021, 286 lk<\/p>\n\n\n\n<p>\u00a0<\/p>\n","protected":false},"excerpt":{"rendered":"<p>Maniakkide T\u00e4nav (\u2018Street of Maniacs\u2019, real name Agur T\u00e4nav, later Agur Karuk\u00e4pp; born 30 December 1975) is a science fiction and fantasy writer. Maniakkide T\u00e4nav was born in J\u00f5geva, studied social work at the University of Tartu and at V\u00e4ike-Maarja &#8230;<\/p>\n","protected":false},"author":43,"featured_media":0,"parent":642,"menu_order":0,"comment_status":"closed","ping_status":"closed","template":"","meta":{"_acf_changed":false,"inline_featured_image":false,"footnotes":""},"class_list":["post-784","page","type-page","status-publish","hentry"],"acf":[],"_links":{"self":[{"href":"https:\/\/sisu.ut.ee\/ewod\/wp-json\/wp\/v2\/pages\/784","targetHints":{"allow":["GET"]}}],"collection":[{"href":"https:\/\/sisu.ut.ee\/ewod\/wp-json\/wp\/v2\/pages"}],"about":[{"href":"https:\/\/sisu.ut.ee\/ewod\/wp-json\/wp\/v2\/types\/page"}],"author":[{"embeddable":true,"href":"https:\/\/sisu.ut.ee\/ewod\/wp-json\/wp\/v2\/users\/43"}],"replies":[{"embeddable":true,"href":"https:\/\/sisu.ut.ee\/ewod\/wp-json\/wp\/v2\/comments?post=784"}],"version-history":[{"count":2,"href":"https:\/\/sisu.ut.ee\/ewod\/wp-json\/wp\/v2\/pages\/784\/revisions"}],"predecessor-version":[{"id":5437,"href":"https:\/\/sisu.ut.ee\/ewod\/wp-json\/wp\/v2\/pages\/784\/revisions\/5437"}],"up":[{"embeddable":true,"href":"https:\/\/sisu.ut.ee\/ewod\/wp-json\/wp\/v2\/pages\/642"}],"wp:attachment":[{"href":"https:\/\/sisu.ut.ee\/ewod\/wp-json\/wp\/v2\/media?parent=784"}],"curies":[{"name":"wp","href":"https:\/\/api.w.org\/{rel}","templated":true}]}}