{"id":781,"date":"2024-04-03T23:40:19","date_gmt":"2024-04-03T20:40:19","guid":{"rendered":"https:\/\/sisu.ut.ee\/ewod\/nonfiction-et-42\/"},"modified":"2024-04-04T00:09:04","modified_gmt":"2024-04-03T21:09:04","slug":"nonfiction","status":"publish","type":"page","link":"https:\/\/sisu.ut.ee\/ewod\/p\/eevapark\/nonfiction\/","title":{"rendered":"Eeva Park &#8211; non-fiction"},"content":{"rendered":"<p>\n\t<span style=\"font-size: medium\"><strong><span style=\"font-family: verdana, geneva\">In compilations, anthologies and magazines<\/span><\/strong><\/span>\n<\/p>\n<p>\n\t<strong><em><span style=\"font-family: verdana, geneva\">German<\/span><\/em><\/strong><br><span style=\"font-family: verdana, geneva\"><strong>Die \u201eRitter von dem Heilgen Geist\u201c. \u201eBergidylle\u201c von Heinrich Heine<\/strong>. \u2013\u00a0Im Spiegel des Anderen. Teise peeglis. Herausgegeben von Janika Kronberg, Liina Lukas, Odila Triebel; \u00fcbersetzt von Karsten Br\u00fcggemann et al. Tartu: Tartu \u00dclikooli Kirjastus, 2006, 352 pp. [\u2019P\u00fcha Vaimu r\u00fc\u00fctlid. Heinrich Heine \u201eM\u00e4eid\u00fcll\u201c\u2019, an essay. See\u00a0<a href=\"https:\/\/sisu.ut.ee\/ewod\/anthologies\/spiegel\"><strong>contents<\/strong><\/a>\u00a0of the essay collection.]<br><strong>Auf der Drama-Schulbank<\/strong>. \u00dcbersetzung: Irja Gr\u00f6nholm. \u2013 Estonia, no 1, 1999, pp 51-52.<br><strong>Sorge und Hoffnung in einem estnischen Dorf<\/strong>. \u00dcbersetzung: Irja Gr\u00f6nholm. \u2013 Estonia, no 2, 1995, pp 3-6.<\/span><\/p>\n","protected":false},"excerpt":{"rendered":"<p>In compilations, anthologies and magazines GermanDie \u201eRitter von dem Heilgen Geist\u201c. \u201eBergidylle\u201c von Heinrich Heine. \u2013\u00a0Im Spiegel des Anderen. Teise peeglis. Herausgegeben von Janika Kronberg, Liina Lukas, Odila Triebel; \u00fcbersetzt von Karsten Br\u00fcggemann et al. Tartu: Tartu \u00dclikooli Kirjastus, 2006, &#8230;<\/p>\n","protected":false},"author":43,"featured_media":0,"parent":2084,"menu_order":0,"comment_status":"closed","ping_status":"closed","template":"","meta":{"_acf_changed":false,"inline_featured_image":false,"footnotes":""},"class_list":["post-781","page","type-page","status-publish","hentry"],"acf":[],"_links":{"self":[{"href":"https:\/\/sisu.ut.ee\/ewod\/wp-json\/wp\/v2\/pages\/781","targetHints":{"allow":["GET"]}}],"collection":[{"href":"https:\/\/sisu.ut.ee\/ewod\/wp-json\/wp\/v2\/pages"}],"about":[{"href":"https:\/\/sisu.ut.ee\/ewod\/wp-json\/wp\/v2\/types\/page"}],"author":[{"embeddable":true,"href":"https:\/\/sisu.ut.ee\/ewod\/wp-json\/wp\/v2\/users\/43"}],"replies":[{"embeddable":true,"href":"https:\/\/sisu.ut.ee\/ewod\/wp-json\/wp\/v2\/comments?post=781"}],"version-history":[{"count":1,"href":"https:\/\/sisu.ut.ee\/ewod\/wp-json\/wp\/v2\/pages\/781\/revisions"}],"predecessor-version":[{"id":4287,"href":"https:\/\/sisu.ut.ee\/ewod\/wp-json\/wp\/v2\/pages\/781\/revisions\/4287"}],"up":[{"embeddable":true,"href":"https:\/\/sisu.ut.ee\/ewod\/wp-json\/wp\/v2\/pages\/2084"}],"wp:attachment":[{"href":"https:\/\/sisu.ut.ee\/ewod\/wp-json\/wp\/v2\/media?parent=781"}],"curies":[{"name":"wp","href":"https:\/\/api.w.org\/{rel}","templated":true}]}}