{"id":770,"date":"2024-04-03T23:40:18","date_gmt":"2024-04-03T20:40:18","guid":{"rendered":"https:\/\/sisu.ut.ee\/ewod\/nonfiction-et-41\/"},"modified":"2024-04-04T00:09:06","modified_gmt":"2024-04-03T21:09:06","slug":"nonfiction","status":"publish","type":"page","link":"https:\/\/sisu.ut.ee\/ewod\/k\/kaalep\/nonfiction\/","title":{"rendered":"Ain Kaalep &#8211; non-fiction"},"content":{"rendered":"<p><span style=\"font-size: medium\"><strong><span style=\"font-family: verdana, geneva\">In collections, anthologies and magazines<\/span><\/strong><\/span><\/p>\n<p><strong><em><span style=\"font-family: verdana, geneva\">German<\/span><\/em><\/strong><br><span style=\"font-family: verdana, geneva\"><strong>Die Estnische SSR und die DDR. Pers\u00f6nliches<\/strong>. \u2013\u00a0Im Spiegel des Anderen. Teise peeglis. Herausgegeben von Janika Kronberg, Liina Lukas, Odila Triebel; \u00fcbersetzt von Karsten Br\u00fcggemann et al. Tartu: Tartu \u00dclikooli Kirjastus, 2006, 352 pp. [\u2019ENSV ja DDR. Isiklikku\u2019, an essay. See\u00a0<a href=\"https:\/\/sisu.ut.ee\/ewod\/anthologies\/spiegel\"><strong>contents<\/strong><\/a>\u00a0of the essay collection.]<\/span><\/p>\n","protected":false},"excerpt":{"rendered":"<p>In collections, anthologies and magazines GermanDie Estnische SSR und die DDR. Pers\u00f6nliches. \u2013\u00a0Im Spiegel des Anderen. Teise peeglis. Herausgegeben von Janika Kronberg, Liina Lukas, Odila Triebel; \u00fcbersetzt von Karsten Br\u00fcggemann et al. Tartu: Tartu \u00dclikooli Kirjastus, 2006, 352 pp. [\u2019ENSV &#8230;<\/p>\n","protected":false},"author":43,"featured_media":0,"parent":1805,"menu_order":0,"comment_status":"closed","ping_status":"closed","template":"","meta":{"_acf_changed":false,"inline_featured_image":false,"footnotes":""},"class_list":["post-770","page","type-page","status-publish","hentry"],"acf":[],"_links":{"self":[{"href":"https:\/\/sisu.ut.ee\/ewod\/wp-json\/wp\/v2\/pages\/770","targetHints":{"allow":["GET"]}}],"collection":[{"href":"https:\/\/sisu.ut.ee\/ewod\/wp-json\/wp\/v2\/pages"}],"about":[{"href":"https:\/\/sisu.ut.ee\/ewod\/wp-json\/wp\/v2\/types\/page"}],"author":[{"embeddable":true,"href":"https:\/\/sisu.ut.ee\/ewod\/wp-json\/wp\/v2\/users\/43"}],"replies":[{"embeddable":true,"href":"https:\/\/sisu.ut.ee\/ewod\/wp-json\/wp\/v2\/comments?post=770"}],"version-history":[{"count":1,"href":"https:\/\/sisu.ut.ee\/ewod\/wp-json\/wp\/v2\/pages\/770\/revisions"}],"predecessor-version":[{"id":4299,"href":"https:\/\/sisu.ut.ee\/ewod\/wp-json\/wp\/v2\/pages\/770\/revisions\/4299"}],"up":[{"embeddable":true,"href":"https:\/\/sisu.ut.ee\/ewod\/wp-json\/wp\/v2\/pages\/1805"}],"wp:attachment":[{"href":"https:\/\/sisu.ut.ee\/ewod\/wp-json\/wp\/v2\/media?parent=770"}],"curies":[{"name":"wp","href":"https:\/\/api.w.org\/{rel}","templated":true}]}}