{"id":766,"date":"2024-04-03T23:40:17","date_gmt":"2024-04-03T20:40:17","guid":{"rendered":"https:\/\/sisu.ut.ee\/ewod\/poems-et-116\/"},"modified":"2024-04-04T00:09:10","modified_gmt":"2024-04-03T21:09:10","slug":"poems","status":"publish","type":"page","link":"https:\/\/sisu.ut.ee\/ewod\/t\/teede\/poems\/","title":{"rendered":"Andra Teede &#8211; poems"},"content":{"rendered":"<p><span style=\"font-family: verdana, geneva;font-size: medium\"><strong><strong><strong>In compilations, anthologies, magazines<\/strong><\/strong><\/strong><\/span><\/p>\n<p><span style=\"font-family: verdana, geneva\"><span style=\"font-family: verdana, geneva\"><strong><em>Arabic<\/em><\/strong><br><strong>\u0627\u0644\u0622\u062e\u0631\u064f \u0644\u064a\u0633\u064e \u0646\u0627\u0626\u064a\u064b\u0627- \u0623\u0646\u0637\u0648\u0644\u0648\u062c\u064a\u0627 \u0627\u0644\u0634\u0639\u0631 \u0627\u0644\u0627\u0633\u062a\u0648\u0646\u064a \u0627\u0644\u0645\u0639\u0627\u0635\u0631<\/strong>\u00a0\u062c\u062f\u064a\u062f \u0639\u0628\u062f\u0627\u0644\u0631\u062d\u0645\u0646 \u0627\u0644\u0645\u0627\u062c\u062f\u064a. Rijswijk: Makhtootat press and publishing house, 2016, 288 pp. [\u2019The Other Is Not An Island\u2019, An Anthology of Contemporary Estonian Poetry. Poems by: P. I. Filimonov, fs, Mihkel Kaevats, K\u00e4tlin Kaldmaa, Maarja Kangro, Igor Kotjuh, Hasso Krull, Asko K\u00fcnnap, Maarja P\u00e4rtna, J\u00fcrgen Rooste, Triin Soomets, Andra Teede.]<br><\/span><\/span><\/p>\n<p><span style=\"font-family: verdana, geneva\"><span style=\"font-family: verdana, geneva\"><strong><em>English<\/em><\/strong><\/span><br><span style=\"font-family: verdana, geneva\"><strong>Contemporary Estonian poetry: a Baltic anthology. Book three<\/strong>. Ed by Inara Cedrins.\u00a0Introduction \u2018(Post)modern Estonian poetry\u2019 by J\u00fcri Talvet. Translated by\u00a0Eva Liina Asu-Garcia, Eric Dickens,\u00a0Sam Hamill,\u00a0Harvey Lee Hix,\u00a0Kalju Kruusa,\u00a0Brandon Lussier,\u00a0Miriam Anne McIlfatrick-Ksenofontov,\u00a0Elin S\u00fctiste,\u00a0J\u00fcri Talvet,\u00a0Riina Tamm,\u00a0Jayde Will.\u00a0[New Orleans]: UNO Press, c2013. 270 pp. [Poems by Andres Ehin,\u00a0fs,\u00a0Indrek Hirv,\u00a0Jaan Kaplinski,\u00a0Doris Kareva,\u00a0Kalev Kesk\u00fcla,\u00a0Hasso Krull,\u00a0Kalju Kruusa,\u00a0Asko K\u00fcnnap,\u00a0Viivi Luik,\u00a0Ene Mihkelson,\u00a0Eeva Park,\u00a0\u00dclar Ploom,\u00a0Maarja P\u00e4rtna,\u00a0Paul-Eerik Rummo,\u00a0Hando Runnel,\u00a0Triin Soomets,\u00a0J\u00fcri Talvet,\u00a0Andra Teede,\u00a0Mats Traat,\u00a0Mari Vallisoo,\u00a0Tuuli Velling,\u00a0Elo Viiding,\u00a0Kaarel B. V\u00e4ljam\u00e4e,\u00a0T\u00f5nu \u00d5nnepalu,\u00a0Kauksi \u00dclle.]<br><strong>Poetry by Andra Teede<\/strong>. \u2013 Estonian Literary Magazine, no 35, 2012.<\/span><\/span><\/p>\n<p><span style=\"font-family: verdana, geneva\"><span><strong><em>Finnish<\/em><\/strong><br><strong><strong>8+8 II: Eesti ja Soome luulet = Suomalaista ja virolaista runoutta<\/strong><\/strong><span>. Edited by Eeva Park, Translated by Merja Aho, Varja Arola, K\u00e4tlin Kaldmaa et al. Tallinn: NyNorden, 2015, 206 pp. [Includes poems by Maarja Kangro, Andrus Kasemaa, Mathura, Liisi Ojamaa, Ly Seppel, Karl Martin Sinij\u00e4rv, Andra Teede, T\u00f5nu \u00d5nnepalu.]<\/span><br><\/span><\/span><\/p>\n<p><span style=\"font-family: verdana, geneva\"><span><span><strong><em>French<\/em><\/strong><br><strong>Petite anthologie de la po\u00e9sie estonienne<\/strong>. Po\u00e8mes choisis et traduits par Tarah Montb\u00e9lialtz. Paris: Association France-Estonie, 2011, 8 pp. [Poems by Artur Alliksaar, Viiu H\u00e4rm, Karl Ristikivi, Paul Rummo, Triin Soomets, Andra Teede, Leelo Tungal, Marie Under.]<br><\/span><\/span><\/span><\/p>\n<p><span style=\"font-family: verdana, geneva\"><strong><em>Hungarian<\/em><\/strong><\/span><br><span style=\"font-family: verdana, geneva\"><strong>Pluralica, no 1-2, 2009<\/strong>, pp 24-33. [<span>See\u00a0<\/span><a href=\"https:\/\/sisu.ut.ee\/ewod\/anthologies\/pluralica\"><strong>contents<\/strong><\/a><span>\u00a0of the special issue of contemporary Estonian literature.]<\/span><\/span><\/p>\n<p><span style=\"font-family: verdana, geneva\"><span><strong><em>Norwegian<\/em><\/strong><br><strong>[Poems]<\/strong>. Translated by \u00d8yvind Rang\u00f8y. \u2013 101 dikt om kj\u00e6rleik. Ed by Helge Torvund. Oslo: Cappelen Damm, 2018.<\/span><\/span><\/p>\n<p><span style=\"font-family: verdana, geneva\"><span style=\"font-family: verdana, geneva\"><em><strong>Russian<\/strong><\/em><br>\u0410\u043d\u0434\u0440\u0430 \u0422\u044d\u044d\u0434\u0435, <strong><a href=\"http:\/\/magazines.russ.ru\/october\/2015\/9\/17t.html\" target=\"_blank\" rel=\"noopener\">\u041c\u043e\u043b\u0447\u0443\u043d\u044c\u044f<\/a><\/strong>. \u0421\u0442\u0438\u0445\u0438. \u041f\u0435\u0440\u0435\u0432\u043e\u0434\u044b \u0418\u0433\u043e\u0440\u044f \u041a\u043e\u0442\u044e\u0445\u0430. \u2013\u00a0<a href=\"http:\/\/magazines.russ.ru\/october\/2015\/9\/\" target=\"_blank\" rel=\"noopener\">\u041e\u043a\u0442\u044f\u0431\u0440\u044c, No 9, 2015<\/a>. \u0411\u0435\u0440\u0435\u0433 \u043b\u0438\u0442\u0435\u0440\u0430\u0442\u0443\u0440\u044b. \u041d\u043e\u0432\u043e\u0435 \u0441\u043b\u043e\u0432\u043e \u041b\u0430\u0442\u0432\u0438\u0438, \u041b\u0438\u0442\u0432\u044b, \u042d\u0441\u0442\u043e\u043d\u0438\u0438. [See <strong><a href=\"https:\/\/sisu.ut.ee\/ewod\/anthologies\/oktjabr\">contents<\/a><\/strong> of the special edition.]<br><a href=\"https:\/\/www.oblaka.ee\/journal-new-clouds\/1-2-2013\/%D0%B0%D0%BD%D0%B4%D1%80%D0%B0-%D1%82%D1%8D%D1%8D%D0%B4%D0%B5\/\" target=\"_blank\" rel=\"noopener\"><strong>\u041f\u0440\u0430\u0432\u0434\u0430, \u043f\u0440\u0430\u0432\u0434\u0430. \u0421\u0442\u0438\u0445\u0438<\/strong><\/a>. \u2013 \u041d\u043e\u0432\u044b\u0435 o\u0431\u043b\u0430\u043a\u0430, no 1-2 (63-64), 2013.<br><strong><a href=\"http:\/\/magazines.russ.ru\/druzhba\/2009\/4\/\" target=\"_blank\" rel=\"noopener\">\u0414\u0440\u0443\u0436\u0431\u0430 \u041d\u0430\u0440\u043e\u0434\u043e\u0432, no 4, 2009<\/a><\/strong><a href=\"http:\/\/magazines.russ.ru\/druzhba\/2009\/4\/\" target=\"_blank\" rel=\"noopener\">. \u042d\u0441\u0442\u043e\u043d\u0441\u043a\u0438\u0435 \u043f\u0438\u0441\u0430\u0442\u0435\u043b\u0438 \u043d\u0430 \u0441\u0442\u0440\u0430\u043d\u0438\u0446\u0430\u0445 \u00ab\u0414\u041d\u00bb<\/a>. [See <strong><a href=\"https:\/\/sisu.ut.ee\/ewod\/anthologies\/druzhba\">contents<\/a><\/strong> of the special edition.]<br><\/span><\/span><\/p>\n","protected":false},"excerpt":{"rendered":"<p>In compilations, anthologies, magazines Arabic\u0627\u0644\u0622\u062e\u0631\u064f \u0644\u064a\u0633\u064e \u0646\u0627\u0626\u064a\u064b\u0627- \u0623\u0646\u0637\u0648\u0644\u0648\u062c\u064a\u0627 \u0627\u0644\u0634\u0639\u0631 \u0627\u0644\u0627\u0633\u062a\u0648\u0646\u064a \u0627\u0644\u0645\u0639\u0627\u0635\u0631\u00a0\u062c\u062f\u064a\u062f \u0639\u0628\u062f\u0627\u0644\u0631\u062d\u0645\u0646 \u0627\u0644\u0645\u0627\u062c\u062f\u064a. Rijswijk: Makhtootat press and publishing house, 2016, 288 pp. [\u2019The Other Is Not An Island\u2019, An Anthology of Contemporary Estonian Poetry. Poems by: P. I. Filimonov, fs, &#8230;<\/p>\n","protected":false},"author":43,"featured_media":0,"parent":757,"menu_order":0,"comment_status":"closed","ping_status":"closed","template":"","meta":{"_acf_changed":false,"inline_featured_image":false,"footnotes":""},"class_list":["post-766","page","type-page","status-publish","hentry"],"acf":[],"_links":{"self":[{"href":"https:\/\/sisu.ut.ee\/ewod\/wp-json\/wp\/v2\/pages\/766","targetHints":{"allow":["GET"]}}],"collection":[{"href":"https:\/\/sisu.ut.ee\/ewod\/wp-json\/wp\/v2\/pages"}],"about":[{"href":"https:\/\/sisu.ut.ee\/ewod\/wp-json\/wp\/v2\/types\/page"}],"author":[{"embeddable":true,"href":"https:\/\/sisu.ut.ee\/ewod\/wp-json\/wp\/v2\/users\/43"}],"replies":[{"embeddable":true,"href":"https:\/\/sisu.ut.ee\/ewod\/wp-json\/wp\/v2\/comments?post=766"}],"version-history":[{"count":1,"href":"https:\/\/sisu.ut.ee\/ewod\/wp-json\/wp\/v2\/pages\/766\/revisions"}],"predecessor-version":[{"id":4319,"href":"https:\/\/sisu.ut.ee\/ewod\/wp-json\/wp\/v2\/pages\/766\/revisions\/4319"}],"up":[{"embeddable":true,"href":"https:\/\/sisu.ut.ee\/ewod\/wp-json\/wp\/v2\/pages\/757"}],"wp:attachment":[{"href":"https:\/\/sisu.ut.ee\/ewod\/wp-json\/wp\/v2\/media?parent=766"}],"curies":[{"name":"wp","href":"https:\/\/api.w.org\/{rel}","templated":true}]}}