{"id":764,"date":"2024-04-03T23:40:17","date_gmt":"2024-04-03T20:40:17","guid":{"rendered":"https:\/\/sisu.ut.ee\/ewod\/reinaus\/"},"modified":"2024-04-04T00:09:09","modified_gmt":"2024-04-03T21:09:09","slug":"reinaus","status":"publish","type":"page","link":"https:\/\/sisu.ut.ee\/ewod\/r\/reinaus\/","title":{"rendered":"Reeli Reinaus"},"content":{"rendered":"<p>\n\t<strong><span style=\"font-size:16px\"><span style=\"font-family:Verdana,Geneva,sans-serif\"><a data-url=\"https:\/\/sisu.ut.ee\/ewod\/r\/reinaus\/children\" href=\"https:\/\/sisu.ut.ee\/ewod\/r\/reinaus\/children\" title=\"\">Children\u2019s stories<\/a> <\/span><\/span><\/strong><span style=\"font-size:16px\"><span style=\"font-family:Verdana,Geneva,sans-serif\"><a href=\"https:\/\/sisu.ut.ee\/wp-content\/uploads\/sites\/108\/reeli_reinaus_alar_madisson.jpg\" target=\"_self\" rel=\"noopener\"><img decoding=\"async\" alt=\"Reeli Reinaus\" src=\"https:\/\/sisu.ut.ee\/wp-content\/uploads\/sites\/108\/reeili_reinaus_vaike_alar_madisson.jpg\" style=\"float: right;width: 200px;height: 302px\" title=\"Photo: Alar Madisson\"><\/a><\/span><\/span>\n<\/p>\n<p>\u00a0\n<\/p>\n<p style=\"margin-bottom:0.08in\">\n<\/p><p><span style=\"font-size:13px\"><span style=\"font-family:Verdana,Geneva,sans-serif\"><span style=\"line-height:150%\"><font style=\"12pt\"><span style=\"color:#000000\">Reeli Reinaus (born 12 November 1977) is a children\u2019s and young adults\u2019 writer. <\/span><\/font><\/span><\/span><\/span>\n<\/p>\n<p style=\"margin-bottom:0.08in\">\n\t<span style=\"color:#000000\"><span style=\"font-size:13px\"><span style=\"font-family:Verdana,Geneva,sans-serif\"><span style=\"line-height:150%\"><font style=\"12pt\">Reinaus was born in Keila, attended school at Kohila, studied at Tartu Academy of Theology and Estonian and comparative folklore at the University of Tartu where she acquired a MA degree. She has also completed MA studies at the Baltic Film, Media, Arts and Communication School at Tallinn University. Has worked at the University of Tartu, the Estonian Literary Museum and Tartu Academy of Theology. She is a member of the Estonian Writers\u2019 Union since 2012. <\/font><\/span><\/span><\/span><\/span>\n<\/p>\n<p style=\"margin-bottom:0.08in\">\n\t<span style=\"color:#000000\"><span style=\"font-size:13px\"><span style=\"font-family:Verdana,Geneva,sans-serif\"><span style=\"line-height:150%\"><a name=\"_Hlk89784743\"><\/a> <font style=\"12pt\">Reeli Reinaus entered children\u2019s literature in 2008 with <i>Saladuslik p\u00e4evik<\/i> (\u2018Mysterious Diary\u2019), which received the second prize at <i>Minu esimene raamat<\/i> (\u2018My First Book\u2019), a children\u2019s stories competition arranged by the Estonian Children\u2019s Literature Centre, the <i>T\u00e4heke<\/i> magazine and T\u00e4nap\u00e4ev Publishers. As characteristic of Reinaus, the book is concentrated on mysterious and mystical events. Reinaus has also entwined magical elements into books dealing with young adults\u2019 problems, for example, <i>Morten, Emilie ja kadunud maailmad<\/i> (\u2018Morten, Emilie and the Lost Worlds\u2019, 2020). Her books include a broad variety of mythological and folkloric motifs, for example, in the book <i>Maarius, maagia ja libahunt Liisi<\/i> (\u2018Maarius, Magic and Werewolf Liisi, 2017), which earned the Good Children\u2019s Book award and was chosen by The International Youth Library (Internationale Jugendbibliothek) into its The White Ravens catalogue. The adventurous trilogy <i>N\u00f5idkapteni needus<\/i> (\u2018Sorcerer Captain\u2019s Curse\u2019, 2010), <i>Poisid Mustalt Hobuselt<\/i> (\u2018Boys from the Black Horse\u2019, 2013) and <i>San Agustini vereohvrid<\/i> (\u2018San Agustin\u2019s Blood Sacrifices\u2019, 2017) have been inspired by pirate stories. The series <i>Vanalinna detektiivid<\/i> (\u2018Old Town Detectives\u2019) \u2013 <i>Mustpeade maalid<\/i> (\u2018Paintings of the Black Heads\u2019 Fraternity\u2019, 2017), <i>Verega kirjutatud kirjad<\/i> (\u2018Letters Written with Blood\u2019, 2018), <i>Neitsitorni meedium<\/i> (\u2018Maiden Tower Psychic\u2019, 2020) and <i>Niguliste muumia ja n\u00f5iam\u00e4rgid<\/i> (\u2018St Nicholas Church Mummy and Witch Signs\u2019, 2021) \u2013 also belongs among popular thrillers and detective stories in Estonian children\u2019s literature.<\/font><\/span><\/span><\/span><\/span>\n<\/p>\n<p style=\"margin-bottom:0.08in\">\n\t<span style=\"color:#000000\"><span style=\"font-size:13px\"><span style=\"font-family:Verdana,Geneva,sans-serif\"><span style=\"line-height:150%\"><font style=\"12pt\">Mystical and magical subcurrents also entwine with reality in the novel meant for grown-ups, <i>Une n\u00e4gu<\/i> (\u2018Face of the Dream\u2019, 2005). Searches for self-fulfilment and human relations occupy an essential place in the novels <i>Kliinilised valed<\/i> (\u2018Clinical Lies\u2019, 2013) and <i>Praktiline n\u00f5iakunst<\/i> (\u2018Practical Witchcraft\u2019, 2013).<\/font><\/span><\/span><\/span><\/span>\n<\/p>\n<p style=\"margin-bottom:0.08in\">\n\t<span style=\"color:#000000\"><span style=\"font-size:13px\"><span style=\"font-family:Verdana,Geneva,sans-serif\"><span style=\"line-height:150%\"><font style=\"12pt\">Reinaus has won many prizes for her books for children and young adults. At the children\u2019s books competition <i>Minu esimene raamat<\/i> (\u2018My First Book\u2019) in 2009, her <i>T\u00e4iesti tavaline perekond<\/i> (\u2018An Entirely Ordinary Family\u2019, 2010) received the third place; in 2012, her book <i>Aguliurka lapsed<\/i> (\u2018Slum Children\u2019, 2012) won the first and <i>Detektiiv Triibik loomaaias<\/i> (\u2018Detective Tabby at Zoo\u2019, 2013) the second place, and in 2013 <i>Roosad inglid<\/i> (\u2018Pink Angels\u2019, 2014) won a special mention. In 2015, <i>Kuidas mu isa endale uue naise sai<\/i> (\u2018How My Father Found a New Wife\u2019, 2016) earned the first place. At the young adults\u2019 novels competition organised by the Estonian Children\u2019s Literature Centre and T\u00e4nap\u00e4ev Publishers, <i>Must vares<\/i> (\u2018Black Crow\u2019) won the first place in 2009; in 2011 <i>Nahka kriipivad n\u00e4dalad<\/i> (\u2018Weeks Scraping the Skin\u2019, 2012) received the second place and <i>Vaevatud<\/i> (\u2018Troubled\u2019, 2011) the third place. In 2014, <i>Suhkrust ja jahust<\/i> (\u2018Of Sugar and Flour\u2019, 2015) received the second place. <\/font><\/span><\/span><\/span><\/span>\n<\/p>\n<p style=\"margin-bottom:0.08in\">\n\t<span style=\"color:#000000\"><span style=\"font-size:13px\"><span style=\"font-family:Verdana,Geneva,sans-serif\"><span style=\"line-height:150%\"><font style=\"12pt\">The titles of Good Children\u2019s Book and Good Young Adults\u2019 Book have been awarded to <i>Detektiiv Triibik loomaaias<\/i> (\u2018Detective Tabby at Zoo\u2019), <i>Kuidas mu isa endale uue naise sai<\/i> (\u2018How My Father Found a New Wife\u2019) <i>M\u00f5\u00f5kade m\u00e4ss<\/i> (\u2018The Revolt of Swords, 2017) and <i>Roosi m\u00e4rgi all<\/i> (\u2018Under the Sign of Rose\u2019). <i>Kuidas mu isa endale uue naise<\/i> sai also won the children\u2019s literature award of the city of Tartu in 2017 and was entered into the International Board on Books for Young People Honour List in 2018. <i>Verikambi<\/i> (2016) won the <i>J\u00e4rje Hoidja<\/i> (\u2018Bookmark\u2019) award of Tallinn Central Library. In 2018, <i>Maailm, kuhu ma kuulun <\/i>(\u2018The World Where I Belong\u2019) won the first prize at the competition for children\u2019s and young adults\u2019 plays. <\/font><\/span><\/span><\/span><\/span>\n<\/p>\n<p style=\"margin-bottom:0.08in\">\n\t<span style=\"color:#000000\"><span style=\"font-size:13px\"><span style=\"font-family:Verdana,Geneva,sans-serif\"><span style=\"line-height:150%\"><font style=\"12pt\">In 2021, Reinaus was among those who were selected to receive the writer\u2019s salary in 2022\u20132024.<\/font><\/span><\/span><\/span><\/span>\n<\/p>\n<p style=\"margin-bottom:0.08in\">\n\t<span style=\"color:#000000\"><span style=\"font-size:13px\"><span style=\"font-family:Verdana,Geneva,sans-serif\"><span style=\"line-height:150%\"><i><font style=\"12pt\">A. K. (Translated by I. A.)<\/font><\/i><\/span><\/span><\/span><\/span>\n<\/p>\n<p style=\"margin-bottom:0.08in\">\n<\/p><p><span style=\"font-size:16px\"><span style=\"color:#000000\"><span style=\"font-family:Verdana,Geneva,sans-serif\"><span style=\"line-height:150%\"><font style=\"12pt\"><b>Books in Estonian<\/b><\/font><\/span><\/span><\/span><\/span>\n<\/p>\n<p style=\"margin-bottom:0.08in\">\n\t<span style=\"color:#000000\"><span style=\"font-size:13px\"><span style=\"font-family:Verdana,Geneva,sans-serif\"><span style=\"line-height:150%\"><font style=\"12pt\"><i><b>Novels<\/b><\/i><\/font><br><font style=\"12pt\"><b>Une n\u00e4gu<\/b>. Tallinn: Eesti Raamat, 2005, 254 lk.<\/font><br><font style=\"12pt\"><b>Kliinilised valed<\/b>. Tallinn: Varrak, 2013, 211 lk.<\/font><br><font style=\"12pt\"><b>Praktiline n\u00f5iakunst<\/b>. Tallinn: Varrak, 2013, 340 lk.<\/font><\/span><\/span><\/span><\/span>\n<\/p>\n<p style=\"margin-bottom:0.08in\">\n\t<span style=\"color:#000000\"><span style=\"font-size:13px\"><span style=\"font-family:Verdana,Geneva,sans-serif\"><span style=\"line-height:150%\"><font style=\"12pt\"><i><b>Poetry<\/b><\/i><\/font><br><font style=\"12pt\"><b>Tuhkatriinu<\/b>. Kohila: R. Reinaus, 2005, 61 lk.<\/font><br><font style=\"12pt\"><b>Vahtralehevaha<\/b>. Tartu: R. Reinaus, 2011, 78 lk.<\/font><\/span><\/span><\/span><\/span>\n<\/p>\n<p style=\"margin-bottom:0.08in\">\n\t<span style=\"color:#000000\"><span style=\"font-size:13px\"><span style=\"font-family:Verdana,Geneva,sans-serif\"><span style=\"line-height:150%\"><font style=\"12pt\"><i><b>Children\u2019s and young adults\u2019 literature<\/b><\/i><\/font><br><font style=\"12pt\"><b>Saladuslik p\u00e4evik<\/b>. Tallinn: T\u00e4nap\u00e4ev, 2008, 191 lk. [2. tr\u00fckk: 2020.]<\/font><br><font style=\"12pt\"><b>M\u00f5istatus lossivaremetes<\/b>. Tallinn: T\u00e4nap\u00e4ev, 2009, 231 lk.<\/font><br><font style=\"12pt\"><b>Must vares<\/b>. Tallinn: T\u00e4nap\u00e4ev, 2010, 224 lk.<\/font><br><font style=\"12pt\"><b>N\u00f5idkapteni needus<\/b>. Tallinn: T\u00e4nap\u00e4ev, 2010, 372 lk.<\/font><br><font style=\"12pt\"><b>T\u00e4iesti tavaline perekond<\/b>. Tallinn: T\u00e4nap\u00e4ev, 2010, 189 lk.<\/font><br><font style=\"12pt\"><b>Kivid, tulnukad ja sekt<\/b>. Tallinn: Varrak, 2011, 237 lk.<\/font><br><font style=\"12pt\"><b>Tavalised hambahaldjad<\/b>. Tallinn: T\u00e4nap\u00e4ev, 2011, 159 lk.<\/font><br><font style=\"12pt\"><b>Vaevatud<\/b>. Tallinn: T\u00e4nap\u00e4ev, 2011, 307 lk.<\/font><br><font style=\"12pt\"><b>Aguliurka lapsed<\/b>. Tallinn: T\u00e4nap\u00e4ev, 2012, 252 lk.<\/font><br><font style=\"12pt\"><b>Nahka kriipivad n\u00e4dalad<\/b>. Tallinn: T\u00e4nap\u00e4ev, 2012, 159 lk.<\/font><br><font style=\"12pt\"><b>Detektiiv Triibik loomaaias<\/b>. Tallinn: T\u00e4nap\u00e4ev, 2013, 175 lk. [2. tr\u00fckk: 2017.]<\/font><br><font style=\"12pt\"><b>Poisid Mustalt Hobuselt<\/b>. Tallinn: T\u00e4nap\u00e4ev, 2013, 357 lk.<\/font><br><font style=\"12pt\"><b>Deemoni m\u00e4rk<\/b>. Tallinn: Varrak, 2014, 323 lk.<\/font><br><font style=\"12pt\"><b>Roosad inglid<\/b>. Tallinn: T\u00e4nap\u00e4ev, 2014, 210 lk.<\/font><br><font style=\"12pt\"><b>P\u00e4rdik P\u00e4\u00e4r ja hauar\u00f6\u00f6vlid<\/b>. Tallinn: T\u00e4nap\u00e4ev, 2015, 206 lk.<\/font><br><font style=\"12pt\"><b>Suhkrust ja jahust<\/b>. Tallinn: T\u00e4nap\u00e4ev, 2015, 247 lk.<\/font><br><font style=\"12pt\"><b>Kuidas mu isa endale uue naise sai<\/b>. Tallinn: T\u00e4nap\u00e4ev, 2016, 194 lk. [J\u00e4rgmised tr\u00fckid: 2017, 2020.]<\/font><br><font style=\"12pt\"><b>Verikambi<\/b>. Tallinn: Varrak, 2016, 350 lk. [2. tr\u00fckk: 2017.]<\/font><br><font style=\"12pt\"><b>Maarius, maagia ja libahunt Liisi<\/b>. Saue: P\u00e4ike ja Pilv, 2017, 220 lk. [2. tr\u00fckk: 2020.]<\/font><br><font style=\"12pt\"><b>M\u00f5\u00f5kade \u00e4ss<\/b>. Tallinn: Varrak, 2017, 375 lk.<\/font><br><font style=\"12pt\"><b>San Agustini vereohvrid<\/b>. Tallinn: T\u00e4nap\u00e4ev, 2017, 392 lk.<\/font><br><font style=\"12pt\"><b>Suusi ja kadunud uni<\/b>. Saue: P\u00e4ike ja Pilv, 2017, 32 lk.<\/font><br><font style=\"12pt\"><b>Vanalinna detektiivid. Mustpeade maalid<\/b>. Tallinn: T\u00e4nap\u00e4ev, 2017, 144 lk.<\/font><br><font style=\"12pt\"><b>Vanalinna detektiivid 2. Verega kirjutatud kirjad<\/b>. Tallinn: T\u00e4nap\u00e4ev, 2018, 144 lk.<\/font><br><font style=\"12pt\"><b>Roosa m\u00e4rgi all<\/b>. Tallinn: Varrak, 2019, 375 lk.<\/font><br><font style=\"12pt\"><b>Morten, Emilie ja kadunud maailmad<\/b>. Saue: P\u00e4ike ja Pilv, 2020, 180 lk.<\/font><br><font style=\"12pt\"><b>Vanalinna detektiivid 3. Neitsitorni meedium<\/b>. Tallinn: T\u00e4nap\u00e4ev, 2020, 144 lk.<\/font><br><font style=\"12pt\"><b>Vanalinna detektiivid. Niguliste muumia ja n\u00f5iam\u00e4rgid<\/b>. Tartu: Ronk Ronk, O\u00dc, 143 lk.<\/font><br><font style=\"12pt\"><b>\u00c4ralubatud<\/b>. Tartu: Ronk Ronk O\u00dc, 2021, 440 lk.<\/font><\/span><\/span><\/span><\/span><\/p>\n","protected":false},"excerpt":{"rendered":"<p>Children\u2019s stories \u00a0 Reeli Reinaus (born 12 November 1977) is a children\u2019s and young adults\u2019 writer. Reinaus was born in Keila, attended school at Kohila, studied at Tartu Academy of Theology and Estonian and comparative folklore at the University of &#8230;<\/p>\n","protected":false},"author":43,"featured_media":0,"parent":686,"menu_order":0,"comment_status":"closed","ping_status":"closed","template":"","meta":{"_acf_changed":false,"inline_featured_image":false,"footnotes":""},"class_list":["post-764","page","type-page","status-publish","hentry"],"acf":[],"_links":{"self":[{"href":"https:\/\/sisu.ut.ee\/ewod\/wp-json\/wp\/v2\/pages\/764","targetHints":{"allow":["GET"]}}],"collection":[{"href":"https:\/\/sisu.ut.ee\/ewod\/wp-json\/wp\/v2\/pages"}],"about":[{"href":"https:\/\/sisu.ut.ee\/ewod\/wp-json\/wp\/v2\/types\/page"}],"author":[{"embeddable":true,"href":"https:\/\/sisu.ut.ee\/ewod\/wp-json\/wp\/v2\/users\/43"}],"replies":[{"embeddable":true,"href":"https:\/\/sisu.ut.ee\/ewod\/wp-json\/wp\/v2\/comments?post=764"}],"version-history":[{"count":1,"href":"https:\/\/sisu.ut.ee\/ewod\/wp-json\/wp\/v2\/pages\/764\/revisions"}],"predecessor-version":[{"id":4317,"href":"https:\/\/sisu.ut.ee\/ewod\/wp-json\/wp\/v2\/pages\/764\/revisions\/4317"}],"up":[{"embeddable":true,"href":"https:\/\/sisu.ut.ee\/ewod\/wp-json\/wp\/v2\/pages\/686"}],"wp:attachment":[{"href":"https:\/\/sisu.ut.ee\/ewod\/wp-json\/wp\/v2\/media?parent=764"}],"curies":[{"name":"wp","href":"https:\/\/api.w.org\/{rel}","templated":true}]}}