{"id":761,"date":"2024-04-03T23:40:17","date_gmt":"2024-04-03T20:40:17","guid":{"rendered":"https:\/\/sisu.ut.ee\/ewod\/nonfiction-et-40\/"},"modified":"2024-04-04T00:09:09","modified_gmt":"2024-04-03T21:09:09","slug":"nonfiction","status":"publish","type":"page","link":"https:\/\/sisu.ut.ee\/ewod\/b\/maimuberg\/nonfiction\/","title":{"rendered":"Maimu Berg &#8211; non-fiction"},"content":{"rendered":"<p><span style=\"font-size: medium\"><strong><span style=\"font-family: verdana, geneva\">Books<\/span><\/strong><\/span><\/p>\n<p><span style=\"font-size: small\"><strong><span style=\"font-family: verdana, geneva\"><em>Finnish<\/em><br>Muotitalo<\/span><\/strong><span style=\"font-family: verdana, geneva\">. Suomentanut Sanna Immanen. [Vantaa]: Moreeni, 2014, 234 pp. [\u2018Moemaja\u2019, A memoir.]<\/span><strong><span style=\"font-family: verdana, geneva\"><\/span><\/strong><\/span><\/p>\n<p><\/p>\n<p><span style=\"font-size: medium\"><strong><span style=\"font-family: verdana, geneva\">In anthologies and magazines<\/span><\/strong><\/span><\/p>\n<p><strong><em><span style=\"font-family: verdana, geneva\">German<\/span><\/em><\/strong><br><span style=\"font-family: verdana, geneva\"><strong>Wie ich nicht in Deutschland lebte<\/strong>. \u2013 Im Spiegel des Anderen. Teise peeglis. Herausgegeben von Janika Kronberg, Liina Lukas, Odila Triebel; \u00fcbersetzt von Karsten Br\u00fcggemann et al. Tartu: Tartu \u00dclikooli Kirjastus, 2006, 352 pp.\u00a0[\u2019Kuidas ma ei elanud Saksamaal\u2019, an essay. See <a href=\"https:\/\/sisu.ut.ee\/ewod\/anthologies\/spiegel\"><strong>contents<\/strong><\/a> of the essay collection.]<\/span><\/p>\n","protected":false},"excerpt":{"rendered":"<p>Books FinnishMuotitalo. Suomentanut Sanna Immanen. [Vantaa]: Moreeni, 2014, 234 pp. [\u2018Moemaja\u2019, A memoir.] In anthologies and magazines GermanWie ich nicht in Deutschland lebte. \u2013 Im Spiegel des Anderen. Teise peeglis. Herausgegeben von Janika Kronberg, Liina Lukas, Odila Triebel; \u00fcbersetzt von &#8230;<\/p>\n","protected":false},"author":43,"featured_media":0,"parent":2068,"menu_order":0,"comment_status":"closed","ping_status":"closed","template":"","meta":{"_acf_changed":false,"inline_featured_image":false,"footnotes":""},"class_list":["post-761","page","type-page","status-publish","hentry"],"acf":[],"_links":{"self":[{"href":"https:\/\/sisu.ut.ee\/ewod\/wp-json\/wp\/v2\/pages\/761","targetHints":{"allow":["GET"]}}],"collection":[{"href":"https:\/\/sisu.ut.ee\/ewod\/wp-json\/wp\/v2\/pages"}],"about":[{"href":"https:\/\/sisu.ut.ee\/ewod\/wp-json\/wp\/v2\/types\/page"}],"author":[{"embeddable":true,"href":"https:\/\/sisu.ut.ee\/ewod\/wp-json\/wp\/v2\/users\/43"}],"replies":[{"embeddable":true,"href":"https:\/\/sisu.ut.ee\/ewod\/wp-json\/wp\/v2\/comments?post=761"}],"version-history":[{"count":1,"href":"https:\/\/sisu.ut.ee\/ewod\/wp-json\/wp\/v2\/pages\/761\/revisions"}],"predecessor-version":[{"id":4314,"href":"https:\/\/sisu.ut.ee\/ewod\/wp-json\/wp\/v2\/pages\/761\/revisions\/4314"}],"up":[{"embeddable":true,"href":"https:\/\/sisu.ut.ee\/ewod\/wp-json\/wp\/v2\/pages\/2068"}],"wp:attachment":[{"href":"https:\/\/sisu.ut.ee\/ewod\/wp-json\/wp\/v2\/media?parent=761"}],"curies":[{"name":"wp","href":"https:\/\/api.w.org\/{rel}","templated":true}]}}